{"id":992,"date":"2014-02-09T21:42:13","date_gmt":"2014-02-09T19:42:13","guid":{"rendered":"http:\/\/kuumtraat.ee\/?page_id=992"},"modified":"2020-04-02T10:06:22","modified_gmt":"2020-04-02T08:06:22","slug":"fabric-dispenser-hws","status":"publish","type":"page","link":"https:\/\/www.hotwiresystems.com\/fi\/fabric-dispenser-hws\/","title":{"rendered":"FABRIC DISPENSER HWS"},"content":{"rendered":"<div class=\"wpb-content-wrapper\"><p>[vc_row][vc_column][vc_column_text]<\/p>\n<p style=\"text-align: justify;\"><span style=\"font-size: 36pt; color: #808080;\"><strong>FABRIC DISPENSER HWS<\/strong><\/span><\/p>\n<p>[\/vc_column_text][vc_column_text]<\/p>\n<p style=\"text-align: justify;\"><span style=\"font-size: 18pt; color: #ff6600;\">Cutting out reinforcement fabrics!<\/span><\/p>\n<p>[\/vc_column_text][vc_column_text]<\/p>\n<p style=\"text-align: justify;\"><span style=\"font-size: 12pt;\">The woven fabric roller facilitates the cutting out of glassfiber\u00a0fabrics in the facade area, vapor-blocking films in the\u00a0interior area, plastic for the covering of windows etc.\u00a0Usable both as table-mounted roll dispenser and as scaffold suspension.\u00a0The metering counter allows a better control-check of the\u00a0lengths used. Fast roll replacement, thanks to the specially-developed\u00a0roll mounting.<\/span><\/p>\n<p>[\/vc_column_text][\/vc_column][\/vc_row][vc_row][vc_column][vc_separator color=&#8221;orange&#8221;][\/vc_column][\/vc_row][vc_row][vc_column width=&#8221;1\/3&#8243;][vc_single_image image=&#8221;2536&#8243; img_size=&#8221;1000&#215;1000&#8243; img_link_large=&#8221;yes&#8221;][\/vc_column][vc_column width=&#8221;1\/3&#8243;][vc_single_image image=&#8221;3036&#8243; img_size=&#8221;1000&#215;1000&#8243; img_link_large=&#8221;yes&#8221;][\/vc_column][vc_column width=&#8221;1\/3&#8243;][vc_single_image image=&#8221;2538&#8243; img_size=&#8221;1000&#215;1000&#8243; img_link_large=&#8221;yes&#8221;][\/vc_column][\/vc_row][vc_row][vc_column][vc_separator color=&#8221;orange&#8221;][\/vc_column][\/vc_row][vc_row][vc_column][vc_column_text]<span style=\"font-size: 18pt; color: #808080;\">TECHNICAL INFORMATION<\/span>[\/vc_column_text][\/vc_column][\/vc_row][vc_row][vc_column][vc_column_text]<\/p>\n<table>\n<tbody>\n<tr>\n<td><\/td>\n<td style=\"text-align: center;\"><span style=\"font-size: 14pt;\">Fabric Dispenser HWS<\/span><\/td>\n<\/tr>\n<tr>\n<td><span style=\"font-size: 12pt;\">Length:<\/span><\/td>\n<td style=\"text-align: center;\"><span style=\"font-size: 12pt;\">For rolled goods up to 1.200mm<\/span><\/td>\n<\/tr>\n<tr>\n<td><span style=\"font-size: 12pt;\">Diameter:<\/span><\/td>\n<td style=\"text-align: center;\"><span style=\"font-size: 12pt;\">Roller diameter of to 280mm<\/span><\/td>\n<\/tr>\n<tr>\n<td><span style=\"font-size: 12pt;\">Weight:<\/span><\/td>\n<td style=\"text-align: center;\"><span style=\"font-size: 12pt;\">6,7 kg<\/span><\/td>\n<\/tr>\n<tr>\n<td><span style=\"font-size: 12pt;\">Art. nr.:<\/span><\/td>\n<td style=\"text-align: center;\"><span style=\"font-size: 12pt;\">HWS-WD-89000<\/span><\/td>\n<\/tr>\n<\/tbody>\n<\/table>\n<p>[\/vc_column_text][\/vc_column][\/vc_row][vc_row][vc_column][vc_separator color=&#8221;orange&#8221;][\/vc_column][\/vc_row][vc_row][vc_column][vc_column_text]<span style=\"font-size: 18pt; color: #808080;\">SEND REQUEST<\/span>[\/vc_column_text][\/vc_column][\/vc_row][vc_row][vc_column][vc_accordion][vc_accordion_tab title=&#8221;SEND REQUEST&#8221;][vc_column_text]<\/p>\n<p>[caldera_form id=&#8221;CF5b30d15c31f4c&#8221;]<\/p>\n<p>[\/vc_column_text][\/vc_accordion_tab][vc_accordion_tab title=&#8221;SHIPPING &amp; DELIVERY INFORMATION&#8221;][vc_column_text]<\/p>\n<p style=\"text-align: justify;\"><span style=\"font-size: 14pt; color: #808080;\"><strong>WORLDWIDE DELIVERY<\/strong><\/span><\/p>\n<p style=\"text-align: justify;\"><span style=\"font-size: 14pt; color: #ff6600;\"><strong>We sell and ship products all over the world!<\/strong><\/span><\/p>\n<p style=\"text-align: justify;\"><span style=\"font-size: 12pt;\">Our insulation cutting systems are sold in Europe and in many countries throughout the world from Finland, Sweden &#8211; to Turkey and Canada.<\/span><\/p>\n<p style=\"text-align: justify;\"><span style=\"font-size: 12pt;\">Delivery times vary widely from country to country, they also depend on how effective your local postal services are. However, we have made an estimation of 2-5 working days for Europe\u00a0countries: <span style=\"text-decoration: underline;\">Latvia, Lithuania, Finland, Sweden, Norway,<\/span> and 5-16 working days for other Europe\u00a0countries (incl. Russia, Belarus, Ukraine, Kazakhstan). The estimated delivery time to major cities outside Europe (Asia, North America,\u00a0South America, Australia)\u00a0starts from 12 working days.<\/span><\/p>\n<p style=\"text-align: justify;\"><span style=\"font-size: 12pt;\">Shipping costs are determined by the order\u2019s size, weight, shipping method and delivery address.\u00a0We calculate shipping\u00a0price for each order individually.\u00a0Pleasecontact us for more information!<\/span><\/p>\n<p style=\"text-align: justify;\"><span style=\"font-size: 12pt;\">Our shipping partners\u00a0are DPD, Post24, Itella SmartPost,\u00a0DHL, UPS, DB Schenker.<\/span><\/p>\n<p>[\/vc_column_text][\/vc_accordion_tab][\/vc_accordion][\/vc_column][\/vc_row][vc_row][vc_column][vc_separator color=&#8221;orange&#8221;][\/vc_column][\/vc_row][vc_row][vc_column][vc_button2 title=&#8221;YHTEYSTIEDOT&#8221; style=&#8221;square&#8221; link=&#8221;url:http%3A%2F%2Fkuumtraat.ee%2Ffi%2Fyhteystiedot%2F|title:Yhteystiedot|&#8221;][\/vc_column][\/vc_row]<\/p>\n<\/div><!-- AddThis Advanced Settings generic via filter on the_content --><!-- AddThis Share Buttons generic via filter on the_content -->","protected":false},"excerpt":{"rendered":"<p>[vc_row][vc_column][vc_column_text] FABRIC DISPENSER HWS [\/vc_column_text][vc_column_text] Cutting out reinforcement fabrics! [\/vc_column_text][vc_column_text] The woven fabric roller facilitates the cutting out of glassfiber\u00a0fabrics in the facade area, vapor-blocking films in the\u00a0interior area, plastic for the covering of windows etc.\u00a0Usable both as table-mounted roll dispenser and as scaffold suspension.\u00a0The metering counter allows a better control-check of the\u00a0lengths used. Fast [&hellip;]<!-- AddThis Advanced Settings generic via filter on get_the_excerpt --><!-- AddThis Share Buttons generic via filter on get_the_excerpt --><\/p>\n","protected":false},"author":2,"featured_media":0,"parent":0,"menu_order":0,"comment_status":"closed","ping_status":"closed","template":"","meta":{"footnotes":""},"yoast_head":"<!-- This site is optimized with the Yoast SEO plugin v23.3 - https:\/\/yoast.com\/wordpress\/plugins\/seo\/ -->\n<title>V\u00f5rgudosaator HWS -<\/title>\n<meta name=\"description\" content=\"Armeerimisv\u00f5rgu l\u00f5ikamine, m\u00f5\u00f5tmine on kunstiline meistrit\u00f6\u00f6 ja selleks, et teie armeerimisv\u00f5rk oleks alati \u00fches kohas pakume Teile v\u00f5rgudosaator.\" \/>\n<meta name=\"robots\" content=\"index, follow, max-snippet:-1, max-image-preview:large, max-video-preview:-1\" \/>\n<link rel=\"canonical\" href=\"https:\/\/www.hotwiresystems.com\/fi\/fabric-dispenser-hws\/\" \/>\n<meta property=\"og:locale\" content=\"fi_FI\" \/>\n<meta property=\"og:type\" content=\"article\" \/>\n<meta property=\"og:title\" content=\"V\u00f5rgudosaator HWS -\" \/>\n<meta property=\"og:description\" content=\"Armeerimisv\u00f5rgu l\u00f5ikamine, m\u00f5\u00f5tmine on kunstiline meistrit\u00f6\u00f6 ja selleks, et teie armeerimisv\u00f5rk oleks alati \u00fches kohas pakume Teile v\u00f5rgudosaator.\" \/>\n<meta property=\"og:url\" content=\"https:\/\/www.hotwiresystems.com\/fi\/fabric-dispenser-hws\/\" \/>\n<meta property=\"article:modified_time\" content=\"2020-04-02T08:06:22+00:00\" \/>\n<meta name=\"twitter:label1\" content=\"Arvioitu lukuaika\" \/>\n\t<meta name=\"twitter:data1\" content=\"2 minuuttia\" \/>\n<script type=\"application\/ld+json\" class=\"yoast-schema-graph\">{\"@context\":\"https:\/\/schema.org\",\"@graph\":[{\"@type\":\"WebPage\",\"@id\":\"https:\/\/www.hotwiresystems.com\/fi\/fabric-dispenser-hws\/\",\"url\":\"https:\/\/www.hotwiresystems.com\/fi\/fabric-dispenser-hws\/\",\"name\":\"V\u00f5rgudosaator HWS -\",\"isPartOf\":{\"@id\":\"https:\/\/hotwiresystems.com\/#website\"},\"datePublished\":\"2014-02-09T19:42:13+00:00\",\"dateModified\":\"2020-04-02T08:06:22+00:00\",\"description\":\"Armeerimisv\u00f5rgu l\u00f5ikamine, m\u00f5\u00f5tmine on kunstiline meistrit\u00f6\u00f6 ja selleks, et teie armeerimisv\u00f5rk oleks alati \u00fches kohas pakume Teile v\u00f5rgudosaator.\",\"breadcrumb\":{\"@id\":\"https:\/\/www.hotwiresystems.com\/fi\/fabric-dispenser-hws\/#breadcrumb\"},\"inLanguage\":\"fi\",\"potentialAction\":[{\"@type\":\"ReadAction\",\"target\":[\"https:\/\/www.hotwiresystems.com\/fi\/fabric-dispenser-hws\/\"]}]},{\"@type\":\"BreadcrumbList\",\"@id\":\"https:\/\/www.hotwiresystems.com\/fi\/fabric-dispenser-hws\/#breadcrumb\",\"itemListElement\":[{\"@type\":\"ListItem\",\"position\":1,\"name\":\"Home\",\"item\":\"https:\/\/hotwiresystems.com\/fi\/\"},{\"@type\":\"ListItem\",\"position\":2,\"name\":\"FABRIC DISPENSER HWS\"}]},{\"@type\":\"WebSite\",\"@id\":\"https:\/\/hotwiresystems.com\/#website\",\"url\":\"https:\/\/hotwiresystems.com\/\",\"name\":\"\",\"description\":\"\",\"potentialAction\":[{\"@type\":\"SearchAction\",\"target\":{\"@type\":\"EntryPoint\",\"urlTemplate\":\"https:\/\/hotwiresystems.com\/?s={search_term_string}\"},\"query-input\":\"required name=search_term_string\"}],\"inLanguage\":\"fi\"}]}<\/script>\n<!-- \/ Yoast SEO plugin. -->","yoast_head_json":{"title":"V\u00f5rgudosaator HWS -","description":"Armeerimisv\u00f5rgu l\u00f5ikamine, m\u00f5\u00f5tmine on kunstiline meistrit\u00f6\u00f6 ja selleks, et teie armeerimisv\u00f5rk oleks alati \u00fches kohas pakume Teile v\u00f5rgudosaator.","robots":{"index":"index","follow":"follow","max-snippet":"max-snippet:-1","max-image-preview":"max-image-preview:large","max-video-preview":"max-video-preview:-1"},"canonical":"https:\/\/www.hotwiresystems.com\/fi\/fabric-dispenser-hws\/","og_locale":"fi_FI","og_type":"article","og_title":"V\u00f5rgudosaator HWS -","og_description":"Armeerimisv\u00f5rgu l\u00f5ikamine, m\u00f5\u00f5tmine on kunstiline meistrit\u00f6\u00f6 ja selleks, et teie armeerimisv\u00f5rk oleks alati \u00fches kohas pakume Teile v\u00f5rgudosaator.","og_url":"https:\/\/www.hotwiresystems.com\/fi\/fabric-dispenser-hws\/","article_modified_time":"2020-04-02T08:06:22+00:00","twitter_misc":{"Arvioitu lukuaika":"2 minuuttia"},"schema":{"@context":"https:\/\/schema.org","@graph":[{"@type":"WebPage","@id":"https:\/\/www.hotwiresystems.com\/fi\/fabric-dispenser-hws\/","url":"https:\/\/www.hotwiresystems.com\/fi\/fabric-dispenser-hws\/","name":"V\u00f5rgudosaator HWS -","isPartOf":{"@id":"https:\/\/hotwiresystems.com\/#website"},"datePublished":"2014-02-09T19:42:13+00:00","dateModified":"2020-04-02T08:06:22+00:00","description":"Armeerimisv\u00f5rgu l\u00f5ikamine, m\u00f5\u00f5tmine on kunstiline meistrit\u00f6\u00f6 ja selleks, et teie armeerimisv\u00f5rk oleks alati \u00fches kohas pakume Teile v\u00f5rgudosaator.","breadcrumb":{"@id":"https:\/\/www.hotwiresystems.com\/fi\/fabric-dispenser-hws\/#breadcrumb"},"inLanguage":"fi","potentialAction":[{"@type":"ReadAction","target":["https:\/\/www.hotwiresystems.com\/fi\/fabric-dispenser-hws\/"]}]},{"@type":"BreadcrumbList","@id":"https:\/\/www.hotwiresystems.com\/fi\/fabric-dispenser-hws\/#breadcrumb","itemListElement":[{"@type":"ListItem","position":1,"name":"Home","item":"https:\/\/hotwiresystems.com\/fi\/"},{"@type":"ListItem","position":2,"name":"FABRIC DISPENSER HWS"}]},{"@type":"WebSite","@id":"https:\/\/hotwiresystems.com\/#website","url":"https:\/\/hotwiresystems.com\/","name":"","description":"","potentialAction":[{"@type":"SearchAction","target":{"@type":"EntryPoint","urlTemplate":"https:\/\/hotwiresystems.com\/?s={search_term_string}"},"query-input":"required name=search_term_string"}],"inLanguage":"fi"}]}},"_links":{"self":[{"href":"https:\/\/www.hotwiresystems.com\/fi\/wp-json\/wp\/v2\/pages\/992"}],"collection":[{"href":"https:\/\/www.hotwiresystems.com\/fi\/wp-json\/wp\/v2\/pages"}],"about":[{"href":"https:\/\/www.hotwiresystems.com\/fi\/wp-json\/wp\/v2\/types\/page"}],"author":[{"embeddable":true,"href":"https:\/\/www.hotwiresystems.com\/fi\/wp-json\/wp\/v2\/users\/2"}],"replies":[{"embeddable":true,"href":"https:\/\/www.hotwiresystems.com\/fi\/wp-json\/wp\/v2\/comments?post=992"}],"version-history":[{"count":5,"href":"https:\/\/www.hotwiresystems.com\/fi\/wp-json\/wp\/v2\/pages\/992\/revisions"}],"predecessor-version":[{"id":14012,"href":"https:\/\/www.hotwiresystems.com\/fi\/wp-json\/wp\/v2\/pages\/992\/revisions\/14012"}],"wp:attachment":[{"href":"https:\/\/www.hotwiresystems.com\/fi\/wp-json\/wp\/v2\/media?parent=992"}],"curies":[{"name":"wp","href":"https:\/\/api.w.org\/{rel}","templated":true}]}}