{"id":770,"date":"2014-01-22T23:15:20","date_gmt":"2014-01-22T21:15:20","guid":{"rendered":"http:\/\/kuumtraat.ee\/?page_id=770"},"modified":"2025-08-13T23:05:36","modified_gmt":"2025-08-13T21:05:36","slug":"kuumalankaleikkuri-laitemyynti","status":"publish","type":"page","link":"https:\/\/www.hotwiresystems.com\/fi\/kuumalankaleikkuri-laitemyynti\/","title":{"rendered":"LAITEMYYNTI | STYROX LEIKKURI | KUUMALANKALEIKKURI"},"content":{"rendered":"<div class=\"wpb-content-wrapper\"><p>[vc_row][vc_column][vc_column_text]<\/p>\n<h1><span style=\"font-size: 36pt; color: #808080;\">Laitemyynti<\/span><\/h1>\n<p>[\/vc_column_text][vc_column_text]<\/p>\n<p style=\"text-align: left;\"><span style=\"font-size: 12pt; color: #000000;\">Yhti\u00f6mme <strong style=\"color: #000000;\"><a style=\"color: #000000;\" title=\"Meist\u00e4\" href=\"https:\/\/hotwiresystems.com\/fi\/meista\/\">Hotwire Systems O<\/a>y<\/strong>\u00a0tarjoaa asiakkailleen ainoastaan laadukasta ja tarkastettua laitteistoa erikoistunutta polystyreenin leikkaukseen (solupolystyreeni &#8211; <strong>EPS<\/strong>, suulakepuristettu polystyreeni &#8211; <strong>XPS<\/strong>). K\u00e4ytt\u00e4en tarjoamiamme eristysmateriaalien leikkaukseen valmistamia laitteita teill\u00e4 on mahdollisuus kasvattaa tuotantotehokkuutta 150 prosenttiin asti kuten my\u00f6s nostaa tuotannon laatua ja tilausten suorituksellista joustavuutta. T\u00e4ss\u00e4 tapauksessa hy\u00f6dytte ette pelk\u00e4st\u00e4\u00e4n te, mutta my\u00f6s teid\u00e4n asiakkaanne\/tilaajanne. Tarjoamamme polystyreenin leikkaukseen erikoistuva laitteisto <strong>(EPS, XPS)<\/strong> \u2013 on luotettava apu niin tavanomaisissa ja helpoissa leikkauksissa, kuin my\u00f6s vaikeammissa suunnitelmallisissa ty\u00f6teht\u00e4viss\u00e4.\u00a0<\/span><span style=\"font-size: 12pt; color: #000000;\"><strong>Me toteutamme<\/strong> laitteiston myynnin ja <strong>toimituksen maailmanlaajuisesti,<\/strong> Euroopasta ja Aasiasta aina Australiaan ja Amerikan mantereelle asti.<\/span><\/p>\n<p>[\/vc_column_text][\/vc_column][\/vc_row][vc_row][vc_column][vc_column_text]<\/p>\n<h2 style=\"text-align: left;\"><span style=\"font-size: 18pt;\"><span style=\"color: #ff6600;\">Tarjouksemme edut:<\/span><\/span><\/h2>\n<ul style=\"list-style-type: circle;\">\n<li style=\"text-align: left;\"><span style=\"font-size: 12pt; color: #000000;\">Korkea tuotantotehokkuus ja hy\u00f6tysuhde<\/span><\/li>\n<li style=\"text-align: left;\"><span style=\"font-size: 12pt; color: #000000;\">Enemm\u00e4n ty\u00f6tuloksia v\u00e4hemm\u00e4ss\u00e4 ajassa<\/span><\/li>\n<li style=\"text-align: left;\"><span style=\"font-size: 12pt; color: #000000;\">Kohtuulliset hinnat (hinta\/laatu\/k\u00e4yt\u00e4nn\u00f6llisyys)<\/span><\/li>\n<li style=\"text-align: left;\"><span style=\"font-size: 12pt; color: #000000;\">Korkea laatu, tarkkuus (tarkka, suora leikkuuj\u00e4lki)<\/span><\/li>\n<li style=\"text-align: left;\"><span style=\"font-size: 12pt; color: #000000;\">Ei likaa, ei p\u00f6ly\u00e4, ei pieni\u00e4 j\u00e4\u00e4nteit\u00e4<\/span><\/li>\n<li style=\"text-align: left;\"><span style=\"font-size: 12pt; color: #000000;\">Nopea, vaivaton k\u00e4ytt\u00f6<\/span><\/li>\n<li style=\"text-align: left;\"><span style=\"font-size: 12pt; color: #000000;\">Monipuolinen toiminnallisuus<\/span><\/li>\n<\/ul>\n<p>[\/vc_column_text][\/vc_column][\/vc_row][vc_row][vc_column][vc_separator color=&#8221;orange&#8221;][\/vc_column][\/vc_row][vc_row][vc_column][vc_column_text]<\/p>\n<h2><span style=\"font-size: 36pt; color: #808080;\">VALIKOIMA<\/span><\/h2>\n<p>[\/vc_column_text][\/vc_column][\/vc_row][vc_row][vc_column][vc_column_text]<\/p>\n<p style=\"text-align: left;\"><span style=\"font-size: 12pt; color: #000000;\"><strong>Tuotetarjontamme<\/strong> perustuu siihen, ett\u00e4 asiakkaalla olisi mahdollisuus valita tarkoitukseensa parhaiten sopiva v\u00e4lineist\u00f6 monipuolisista hintaryhmist\u00e4, oli se sitten budjettiin perustuva valinta tai tarve monitoiminnalliselle laitteelle ammattimaiseen k\u00e4ytt\u00f6\u00f6n.<\/span><\/p>\n<p>[\/vc_column_text][\/vc_column][\/vc_row][vc_row][vc_column width=&#8221;1\/2&#8243;][vc_cta h2=&#8221;Kuumalanka leikkuri&#8221; h4=&#8221;&#8221;Ammattik\u00e4ytt\u00f6\u00f6n laitteet&#8221;&#8221; h4_font_container=&#8221;tag:h3|text_align:center|color:%23ff9900&#8243; h4_google_fonts=&#8221;font_family:Raleway%3A100%2C200%2C300%2Cregular%2C500%2C600%2C700%2C800%2C900|font_style:500%20bold%20regular%3A500%3Anormal&#8221; txt_align=&#8221;center&#8221; shape=&#8221;square&#8221; style=&#8221;outline&#8221; add_button=&#8221;bottom&#8221; btn_title=&#8221;LUE LIS\u00c4\u00c4&#8221; btn_style=&#8221;outline&#8221; btn_shape=&#8221;square&#8221; btn_color=&#8221;warning&#8221; btn_align=&#8221;center&#8221; css_animation=&#8221;none&#8221; css=&#8221;&#8221; use_custom_fonts_h4=&#8221;true&#8221; btn_link=&#8221;url:http%3A%2F%2Fwww.hotwiresystems.com%2Ffi%2Ftuoteet-kuumalankaleikkuri%2F|title:Kuumalanka%20leikkuri||&#8221;]<img loading=\"lazy\" decoding=\"async\" class=\"aligncenter wp-image-16776 size-full\" src=\"https:\/\/hotwiresystems.com\/wp-content\/uploads\/2025\/08\/Kuumalankaleikkuri-HWS-Cutter.jpg\" alt=\"Kuumalankaleikkuri HWS\" width=\"600\" height=\"600\" srcset=\"https:\/\/hotwiresystems.com\/wp-content\/uploads\/2025\/08\/Kuumalankaleikkuri-HWS-Cutter.jpg 600w, https:\/\/hotwiresystems.com\/wp-content\/uploads\/2025\/08\/Kuumalankaleikkuri-HWS-Cutter-300x300.jpg 300w, https:\/\/hotwiresystems.com\/wp-content\/uploads\/2025\/08\/Kuumalankaleikkuri-HWS-Cutter-150x150.jpg 150w\" sizes=\"(max-width: 600px) 100vw, 600px\" \/>[\/vc_cta][\/vc_column][vc_column width=&#8221;1\/2&#8243;][vc_cta h2=&#8221;L\u00e4mp\u00f6veitsi leikkuri&#8221; h4=&#8221;&#8221;Kompakti ammatillisen&#8221;&#8221; h4_font_container=&#8221;tag:h3|text_align:center|color:%23ff9900&#8243; h4_google_fonts=&#8221;font_family:Raleway%3A100%2C200%2C300%2Cregular%2C500%2C600%2C700%2C800%2C900|font_style:500%20bold%20regular%3A500%3Anormal&#8221; txt_align=&#8221;center&#8221; shape=&#8221;square&#8221; style=&#8221;outline&#8221; add_button=&#8221;bottom&#8221; btn_title=&#8221;LUE LIS\u00c4\u00c4&#8221; btn_style=&#8221;outline&#8221; btn_shape=&#8221;square&#8221; btn_color=&#8221;warning&#8221; btn_align=&#8221;center&#8221; css_animation=&#8221;none&#8221; css=&#8221;&#8221; use_custom_fonts_h4=&#8221;true&#8221; btn_link=&#8221;url:https%3A%2F%2Fhotwiresystems.com%2Ffi%2Fstyrox-leikkuri-hws250%2F|title:L%C3%A4mp%C3%B6veitsi%20leikkuri!&#8221;]<img loading=\"lazy\" decoding=\"async\" class=\"aligncenter wp-image-16784 size-full\" src=\"https:\/\/hotwiresystems.com\/wp-content\/uploads\/2025\/08\/Lampoveitsi-leikkuri-HWS250.jpg\" alt=\"Lampoveitsi leikkuri\" width=\"600\" height=\"600\" srcset=\"https:\/\/hotwiresystems.com\/wp-content\/uploads\/2025\/08\/Lampoveitsi-leikkuri-HWS250.jpg 600w, https:\/\/hotwiresystems.com\/wp-content\/uploads\/2025\/08\/Lampoveitsi-leikkuri-HWS250-300x300.jpg 300w, https:\/\/hotwiresystems.com\/wp-content\/uploads\/2025\/08\/Lampoveitsi-leikkuri-HWS250-150x150.jpg 150w\" sizes=\"(max-width: 600px) 100vw, 600px\" \/>[\/vc_cta][\/vc_column][\/vc_row][vc_row][vc_column width=&#8221;1\/2&#8243;][vc_cta h2=&#8221;K\u00c4SILEIKKURI HWS&#8221; h4=&#8221;&#8221;Pieni leikkuulaite&#8221;&#8221; h4_font_container=&#8221;tag:h3|text_align:center|color:%23ff9900&#8243; h4_google_fonts=&#8221;font_family:Raleway%3A100%2C200%2C300%2Cregular%2C500%2C600%2C700%2C800%2C900|font_style:500%20bold%20regular%3A500%3Anormal&#8221; txt_align=&#8221;center&#8221; shape=&#8221;square&#8221; style=&#8221;outline&#8221; add_button=&#8221;bottom&#8221; btn_title=&#8221;LUE LIS\u00c4\u00c4&#8221; btn_style=&#8221;outline&#8221; btn_shape=&#8221;square&#8221; btn_color=&#8221;warning&#8221; btn_align=&#8221;center&#8221; css_animation=&#8221;none&#8221; css=&#8221;&#8221; use_custom_fonts_h4=&#8221;true&#8221; btn_link=&#8221;url:http%3A%2F%2Fwww.hotwiresystems.com%2Ffi%2Fkuumalanka-kasileikkuri-hws%2F|title:Kuumalanka%20k%C3%A4sileikkuri%20HWS||&#8221;]<img loading=\"lazy\" decoding=\"async\" class=\"aligncenter wp-image-16792 size-full\" src=\"https:\/\/hotwiresystems.com\/wp-content\/uploads\/2025\/08\/Kuumalankaleikkuri-HWS.jpg\" alt=\"Kuumalankaleikkuri HWS\" width=\"600\" height=\"600\" srcset=\"https:\/\/hotwiresystems.com\/wp-content\/uploads\/2025\/08\/Kuumalankaleikkuri-HWS.jpg 600w, https:\/\/hotwiresystems.com\/wp-content\/uploads\/2025\/08\/Kuumalankaleikkuri-HWS-300x300.jpg 300w, https:\/\/hotwiresystems.com\/wp-content\/uploads\/2025\/08\/Kuumalankaleikkuri-HWS-150x150.jpg 150w\" sizes=\"(max-width: 600px) 100vw, 600px\" \/>[\/vc_cta][\/vc_column][vc_column width=&#8221;1\/2&#8243;][vc_cta h2=&#8221;CNC-TEKNIIKKA&#8221; h4=&#8221;&#8221;Tee ideoistasi Totta!&#8221;&#8221; h4_font_container=&#8221;tag:h3|text_align:center|color:%23ff9900&#8243; h4_google_fonts=&#8221;font_family:Raleway%3A100%2C200%2C300%2Cregular%2C500%2C600%2C700%2C800%2C900|font_style:500%20bold%20regular%3A500%3Anormal&#8221; txt_align=&#8221;center&#8221; shape=&#8221;square&#8221; style=&#8221;outline&#8221; add_button=&#8221;bottom&#8221; btn_title=&#8221;LUE LIS\u00c4\u00c4&#8221; btn_style=&#8221;outline&#8221; btn_shape=&#8221;square&#8221; btn_color=&#8221;warning&#8221; btn_align=&#8221;center&#8221; css_animation=&#8221;none&#8221; css=&#8221;&#8221; use_custom_fonts_h4=&#8221;true&#8221; btn_link=&#8221;url:http%3A%2F%2Fwww.hotwiresystems.com%2Ffi%2Fstyrox-3d-cnc-leikkurin-eps-3d-leikkaus-cnc-koneet%2F|title:Styrox%203D%20CNC%20leikkurin!||&#8221;]<a href=\"https:\/\/hotwiresystems.com\/fi\/styrox-3d-cnc-leikkurin-eps-3d-leikkaus-cnc-koneet\/\"><img loading=\"lazy\" decoding=\"async\" class=\"aligncenter wp-image-8707 size-full\" src=\"https:\/\/www.hotwiresystems.com\/wp-content\/uploads\/2014\/01\/Laitemyynti-CNC-Tekniikka.jpg\" alt=\"Laitemyynti-CNC-Tekniikka\" width=\"600\" height=\"600\" srcset=\"https:\/\/hotwiresystems.com\/wp-content\/uploads\/2014\/01\/Laitemyynti-CNC-Tekniikka.jpg 600w, https:\/\/hotwiresystems.com\/wp-content\/uploads\/2014\/01\/Laitemyynti-CNC-Tekniikka-150x150.jpg 150w, https:\/\/hotwiresystems.com\/wp-content\/uploads\/2014\/01\/Laitemyynti-CNC-Tekniikka-300x300.jpg 300w\" sizes=\"(max-width: 600px) 100vw, 600px\" \/><\/a>[\/vc_cta][\/vc_column][\/vc_row][vc_row][vc_column][vc_column_text]<\/p>\n<p style=\"text-align: left;\"><span style=\"font-size: 12pt; color: #000000;\">Eristysmateriaalien <strong>(EPS, XPS)<\/strong> leikkaamiseen tarkoitettu laitteistomme on rakenteellisesti hyvin kest\u00e4v\u00e4\u00e4, yleissopivaa ja helppok\u00e4ytt\u00f6ist\u00e4. <strong>Ty\u00f6koneet<\/strong> ja manuaalinen laitteisto <strong>sopii<\/strong> hyvin <strong>niin rakennusalan<\/strong> ammattilaisille, suunnittelijoille, arkkitehdeille, mallintajille kuin my\u00f6s kaikille, jotka arvostavat ja tarvitsevat nopeaa (leikkaus vie muutamia sekunteja), tarkkaa (tarkkuus kymmenyksiss\u00e4) ja huoliteltua (ei j\u00e4t\u00e4 p\u00f6ly\u00e4 eik\u00e4 likaa) leikkausj\u00e4lke\u00e4 ja eristysmateriaalien ty\u00f6st\u00e4mistkyky\u00e4 <strong>(EPS, XPS).<\/strong> Laitteemme ovat korkeiden standardien mukaisia ja EL sertifikoituja.<\/span><\/p>\n<p>[\/vc_column_text][vc_column_text]<\/p>\n<h2 style=\"text-align: left;\"><span style=\"color: #808080; font-size: 24pt;\"><a style=\"color: #808080;\" href=\"https:\/\/hotwiresystems.com\/fi\/laitteiden-toimitus\/\" target=\"_blank\" rel=\"noopener noreferrer\">TOIMITUS SUOMEEN<\/a><\/span><\/h2>\n<p>[\/vc_column_text][vc_column_text]<\/p>\n<p style=\"text-align: left;\"><span style=\"font-size: 12pt; color: #000000;\"><strong>Toimitamme<\/strong> tilaukset kotiisi tai toimistoon ymp\u00e4ri Suomen, niin yksityiselle henkil\u00f6lle kuin yritysasiakkaille. Mik\u00e4li tilaus on tehty arkip\u00e4iv\u00e4ll\u00e4 ennen kello 14.00, toimitetaan tavarat Helsinkiin 1-3 ty\u00f6p\u00e4iv\u00e4n kuluessa, muualle Suomeen 3 \u2013 5 \u2013 10 ty\u00f6p\u00e4iv\u00e4n kuluessa.<\/span><\/p>\n<p style=\"text-align: left;\"><span style=\"font-size: 12pt; color: #000000;\">Suomessa toimitta pakkaukset Teille\u00a0<strong><a style=\"color: #000000;\" href=\"http:\/\/www.posti.fi\/henkiloasiakkaat\/laheta\/paketit-kotimaahan.html\" target=\"_blank\" rel=\"noopener noreferrer\">Posti OY<\/a><\/strong>\u00a0tai\u00a0<a style=\"color: #000000;\" href=\"http:\/\/www.dpd.fi\/\" target=\"_blank\" rel=\"noopener noreferrer\"><strong>PostNord Oy<\/strong><\/a><\/span><\/p>\n<p>[\/vc_column_text][\/vc_column][\/vc_row][vc_row][vc_column][vc_separator color=&#8221;orange&#8221;][\/vc_column][\/vc_row][vc_row][vc_column][vc_btn title=&#8221;MEID\u00c4N YHTEYSTIEDOT&#8221; style=&#8221;outline&#8221; shape=&#8221;square&#8221; color=&#8221;blue&#8221; align=&#8221;left&#8221; css=&#8221;&#8221; link=&#8221;url:https%3A%2F%2Fhotwiresystems.com%2Ffi%2Fyhteystiedot%2F|title:Ota%20meihin%20yhteytt%C3%A4!&#8221;][\/vc_column][\/vc_row]<\/p>\n<\/div><!-- AddThis Advanced Settings generic via filter on the_content --><!-- AddThis Share Buttons generic via filter on the_content -->","protected":false},"excerpt":{"rendered":"<p>[vc_row][vc_column][vc_column_text] Laitemyynti [\/vc_column_text][vc_column_text] Yhti\u00f6mme Hotwire Systems Oy\u00a0tarjoaa asiakkailleen ainoastaan laadukasta ja tarkastettua laitteistoa erikoistunutta polystyreenin leikkaukseen (solupolystyreeni &#8211; EPS, suulakepuristettu polystyreeni &#8211; XPS). K\u00e4ytt\u00e4en tarjoamiamme eristysmateriaalien leikkaukseen valmistamia laitteita teill\u00e4 on mahdollisuus kasvattaa tuotantotehokkuutta 150 prosenttiin asti kuten my\u00f6s nostaa tuotannon laatua ja tilausten suorituksellista joustavuutta. T\u00e4ss\u00e4 tapauksessa hy\u00f6dytte ette pelk\u00e4st\u00e4\u00e4n te, mutta my\u00f6s teid\u00e4n [&hellip;]<!-- AddThis Advanced Settings generic via filter on get_the_excerpt --><!-- AddThis Share Buttons generic via filter on get_the_excerpt --><\/p>\n","protected":false},"author":2,"featured_media":16320,"parent":0,"menu_order":0,"comment_status":"closed","ping_status":"closed","template":"","meta":{"footnotes":""},"yoast_head":"<!-- This site is optimized with the Yoast SEO plugin v23.3 - https:\/\/yoast.com\/wordpress\/plugins\/seo\/ -->\n<title>Laitemyynti\u00a0| Styrox leikkuri\u00a0| Kuumalanka 3D CNC leikkurin!<\/title>\n<meta name=\"description\" content=\"Laitemyynti. Yhti\u00f6mme Hotwire Systems tarjoaa asiakkailleen ainoastaan laadukasta ja tarkastettua laitteistoa erikoistunutta polystyreenin leikkaukseen.\" \/>\n<meta name=\"robots\" content=\"index, follow, max-snippet:-1, max-image-preview:large, max-video-preview:-1\" \/>\n<link rel=\"canonical\" href=\"https:\/\/www.hotwiresystems.com\/fi\/kuumalankaleikkuri-laitemyynti\/\" \/>\n<meta property=\"og:locale\" content=\"fi_FI\" \/>\n<meta property=\"og:type\" content=\"article\" \/>\n<meta property=\"og:title\" content=\"Laitemyynti\u00a0| Styrox leikkuri\u00a0| Kuumalanka 3D CNC leikkurin!\" \/>\n<meta property=\"og:description\" content=\"Laitemyynti. Yhti\u00f6mme Hotwire Systems tarjoaa asiakkailleen ainoastaan laadukasta ja tarkastettua laitteistoa erikoistunutta polystyreenin leikkaukseen.\" \/>\n<meta property=\"og:url\" content=\"https:\/\/www.hotwiresystems.com\/fi\/kuumalankaleikkuri-laitemyynti\/\" \/>\n<meta property=\"article:modified_time\" content=\"2025-08-13T21:05:36+00:00\" \/>\n<meta property=\"og:image\" content=\"https:\/\/hotwiresystems.com\/wp-content\/uploads\/2025\/07\/Vahtpolustureeni-loikur-HWS-Cutter-13.jpg\" \/>\n\t<meta property=\"og:image:width\" content=\"600\" \/>\n\t<meta property=\"og:image:height\" content=\"600\" \/>\n\t<meta property=\"og:image:type\" content=\"image\/jpeg\" \/>\n<meta name=\"twitter:label1\" content=\"Arvioitu lukuaika\" \/>\n\t<meta name=\"twitter:data1\" content=\"3 minuuttia\" \/>\n<script type=\"application\/ld+json\" class=\"yoast-schema-graph\">{\"@context\":\"https:\/\/schema.org\",\"@graph\":[{\"@type\":\"WebPage\",\"@id\":\"https:\/\/www.hotwiresystems.com\/fi\/kuumalankaleikkuri-laitemyynti\/\",\"url\":\"https:\/\/www.hotwiresystems.com\/fi\/kuumalankaleikkuri-laitemyynti\/\",\"name\":\"Laitemyynti\u00a0| Styrox leikkuri\u00a0| Kuumalanka 3D CNC leikkurin!\",\"isPartOf\":{\"@id\":\"https:\/\/hotwiresystems.com\/et\/#website\"},\"primaryImageOfPage\":{\"@id\":\"https:\/\/www.hotwiresystems.com\/fi\/kuumalankaleikkuri-laitemyynti\/#primaryimage\"},\"image\":{\"@id\":\"https:\/\/www.hotwiresystems.com\/fi\/kuumalankaleikkuri-laitemyynti\/#primaryimage\"},\"thumbnailUrl\":\"https:\/\/hotwiresystems.com\/wp-content\/uploads\/2025\/07\/Vahtpolustureeni-loikur-HWS-Cutter-13.jpg\",\"datePublished\":\"2014-01-22T21:15:20+00:00\",\"dateModified\":\"2025-08-13T21:05:36+00:00\",\"description\":\"Laitemyynti. Yhti\u00f6mme Hotwire Systems tarjoaa asiakkailleen ainoastaan laadukasta ja tarkastettua laitteistoa erikoistunutta polystyreenin leikkaukseen.\",\"breadcrumb\":{\"@id\":\"https:\/\/www.hotwiresystems.com\/fi\/kuumalankaleikkuri-laitemyynti\/#breadcrumb\"},\"inLanguage\":\"fi\",\"potentialAction\":[{\"@type\":\"ReadAction\",\"target\":[\"https:\/\/www.hotwiresystems.com\/fi\/kuumalankaleikkuri-laitemyynti\/\"]}]},{\"@type\":\"ImageObject\",\"inLanguage\":\"fi\",\"@id\":\"https:\/\/www.hotwiresystems.com\/fi\/kuumalankaleikkuri-laitemyynti\/#primaryimage\",\"url\":\"https:\/\/hotwiresystems.com\/wp-content\/uploads\/2025\/07\/Vahtpolustureeni-loikur-HWS-Cutter-13.jpg\",\"contentUrl\":\"https:\/\/hotwiresystems.com\/wp-content\/uploads\/2025\/07\/Vahtpolustureeni-loikur-HWS-Cutter-13.jpg\",\"width\":600,\"height\":600,\"caption\":\"Vahtpol\u00fcst\u00fcreeni l\u00f5ikur HWS-Cutter!\"},{\"@type\":\"BreadcrumbList\",\"@id\":\"https:\/\/www.hotwiresystems.com\/fi\/kuumalankaleikkuri-laitemyynti\/#breadcrumb\",\"itemListElement\":[{\"@type\":\"ListItem\",\"position\":1,\"name\":\"Home\",\"item\":\"https:\/\/www.hotwiresystems.com\/fi\/\"},{\"@type\":\"ListItem\",\"position\":2,\"name\":\"LAITEMYYNTI | STYROX LEIKKURI | KUUMALANKALEIKKURI\"}]},{\"@type\":\"WebSite\",\"@id\":\"https:\/\/hotwiresystems.com\/et\/#website\",\"url\":\"https:\/\/hotwiresystems.com\/et\/\",\"name\":\"\",\"description\":\"\",\"potentialAction\":[{\"@type\":\"SearchAction\",\"target\":{\"@type\":\"EntryPoint\",\"urlTemplate\":\"https:\/\/hotwiresystems.com\/et\/?s={search_term_string}\"},\"query-input\":\"required name=search_term_string\"}],\"inLanguage\":\"fi\"}]}<\/script>\n<!-- \/ Yoast SEO plugin. -->","yoast_head_json":{"title":"Laitemyynti\u00a0| Styrox leikkuri\u00a0| Kuumalanka 3D CNC leikkurin!","description":"Laitemyynti. Yhti\u00f6mme Hotwire Systems tarjoaa asiakkailleen ainoastaan laadukasta ja tarkastettua laitteistoa erikoistunutta polystyreenin leikkaukseen.","robots":{"index":"index","follow":"follow","max-snippet":"max-snippet:-1","max-image-preview":"max-image-preview:large","max-video-preview":"max-video-preview:-1"},"canonical":"https:\/\/www.hotwiresystems.com\/fi\/kuumalankaleikkuri-laitemyynti\/","og_locale":"fi_FI","og_type":"article","og_title":"Laitemyynti\u00a0| Styrox leikkuri\u00a0| Kuumalanka 3D CNC leikkurin!","og_description":"Laitemyynti. Yhti\u00f6mme Hotwire Systems tarjoaa asiakkailleen ainoastaan laadukasta ja tarkastettua laitteistoa erikoistunutta polystyreenin leikkaukseen.","og_url":"https:\/\/www.hotwiresystems.com\/fi\/kuumalankaleikkuri-laitemyynti\/","article_modified_time":"2025-08-13T21:05:36+00:00","og_image":[{"width":600,"height":600,"url":"https:\/\/hotwiresystems.com\/wp-content\/uploads\/2025\/07\/Vahtpolustureeni-loikur-HWS-Cutter-13.jpg","type":"image\/jpeg"}],"twitter_misc":{"Arvioitu lukuaika":"3 minuuttia"},"schema":{"@context":"https:\/\/schema.org","@graph":[{"@type":"WebPage","@id":"https:\/\/www.hotwiresystems.com\/fi\/kuumalankaleikkuri-laitemyynti\/","url":"https:\/\/www.hotwiresystems.com\/fi\/kuumalankaleikkuri-laitemyynti\/","name":"Laitemyynti\u00a0| Styrox leikkuri\u00a0| Kuumalanka 3D CNC leikkurin!","isPartOf":{"@id":"https:\/\/hotwiresystems.com\/et\/#website"},"primaryImageOfPage":{"@id":"https:\/\/www.hotwiresystems.com\/fi\/kuumalankaleikkuri-laitemyynti\/#primaryimage"},"image":{"@id":"https:\/\/www.hotwiresystems.com\/fi\/kuumalankaleikkuri-laitemyynti\/#primaryimage"},"thumbnailUrl":"https:\/\/hotwiresystems.com\/wp-content\/uploads\/2025\/07\/Vahtpolustureeni-loikur-HWS-Cutter-13.jpg","datePublished":"2014-01-22T21:15:20+00:00","dateModified":"2025-08-13T21:05:36+00:00","description":"Laitemyynti. Yhti\u00f6mme Hotwire Systems tarjoaa asiakkailleen ainoastaan laadukasta ja tarkastettua laitteistoa erikoistunutta polystyreenin leikkaukseen.","breadcrumb":{"@id":"https:\/\/www.hotwiresystems.com\/fi\/kuumalankaleikkuri-laitemyynti\/#breadcrumb"},"inLanguage":"fi","potentialAction":[{"@type":"ReadAction","target":["https:\/\/www.hotwiresystems.com\/fi\/kuumalankaleikkuri-laitemyynti\/"]}]},{"@type":"ImageObject","inLanguage":"fi","@id":"https:\/\/www.hotwiresystems.com\/fi\/kuumalankaleikkuri-laitemyynti\/#primaryimage","url":"https:\/\/hotwiresystems.com\/wp-content\/uploads\/2025\/07\/Vahtpolustureeni-loikur-HWS-Cutter-13.jpg","contentUrl":"https:\/\/hotwiresystems.com\/wp-content\/uploads\/2025\/07\/Vahtpolustureeni-loikur-HWS-Cutter-13.jpg","width":600,"height":600,"caption":"Vahtpol\u00fcst\u00fcreeni l\u00f5ikur HWS-Cutter!"},{"@type":"BreadcrumbList","@id":"https:\/\/www.hotwiresystems.com\/fi\/kuumalankaleikkuri-laitemyynti\/#breadcrumb","itemListElement":[{"@type":"ListItem","position":1,"name":"Home","item":"https:\/\/www.hotwiresystems.com\/fi\/"},{"@type":"ListItem","position":2,"name":"LAITEMYYNTI | STYROX LEIKKURI | KUUMALANKALEIKKURI"}]},{"@type":"WebSite","@id":"https:\/\/hotwiresystems.com\/et\/#website","url":"https:\/\/hotwiresystems.com\/et\/","name":"","description":"","potentialAction":[{"@type":"SearchAction","target":{"@type":"EntryPoint","urlTemplate":"https:\/\/hotwiresystems.com\/et\/?s={search_term_string}"},"query-input":"required name=search_term_string"}],"inLanguage":"fi"}]}},"_links":{"self":[{"href":"https:\/\/www.hotwiresystems.com\/fi\/wp-json\/wp\/v2\/pages\/770"}],"collection":[{"href":"https:\/\/www.hotwiresystems.com\/fi\/wp-json\/wp\/v2\/pages"}],"about":[{"href":"https:\/\/www.hotwiresystems.com\/fi\/wp-json\/wp\/v2\/types\/page"}],"author":[{"embeddable":true,"href":"https:\/\/www.hotwiresystems.com\/fi\/wp-json\/wp\/v2\/users\/2"}],"replies":[{"embeddable":true,"href":"https:\/\/www.hotwiresystems.com\/fi\/wp-json\/wp\/v2\/comments?post=770"}],"version-history":[{"count":5,"href":"https:\/\/www.hotwiresystems.com\/fi\/wp-json\/wp\/v2\/pages\/770\/revisions"}],"predecessor-version":[{"id":6291,"href":"https:\/\/www.hotwiresystems.com\/fi\/wp-json\/wp\/v2\/pages\/770\/revisions\/6291"}],"wp:featuredmedia":[{"embeddable":true,"href":"https:\/\/www.hotwiresystems.com\/fi\/wp-json\/wp\/v2\/media\/16320"}],"wp:attachment":[{"href":"https:\/\/www.hotwiresystems.com\/fi\/wp-json\/wp\/v2\/media?parent=770"}],"curies":[{"name":"wp","href":"https:\/\/api.w.org\/{rel}","templated":true}]}}