{"id":2687,"date":"2014-08-16T13:24:44","date_gmt":"2014-08-16T11:24:44","guid":{"rendered":"http:\/\/kuumtraat.ee\/?page_id=2687"},"modified":"2015-03-01T00:10:17","modified_gmt":"2015-02-28T22:10:17","slug":"tuoteet-tyokalut-ja-tarvikkeet","status":"publish","type":"page","link":"https:\/\/www.hotwiresystems.com\/fi\/tuoteet-tyokalut-ja-tarvikkeet\/","title":{"rendered":"Tuoteet | Ty\u00f6kalut &#038; Tarvikkeet"},"content":{"rendered":"<div class=\"wpb-content-wrapper\"><p>[vc_row][vc_column width=&#8221;1\/2&#8243;][vc_single_image image=&#8221;2268&#8243; img_link_target=&#8221;_self&#8221; title=&#8221;Scaffold Turntable HWS&#8221; img_size=&#8221;1000&#215;1000&#8243; alignment=&#8221;center&#8221; border_color=&#8221;grey&#8221; link=&#8221;https:\/\/www.hotwiresystems.com\/fi\/scaffold-turntable-hws\/&#8221;][\/vc_column][vc_column width=&#8221;1\/2&#8243;][vc_single_image image=&#8221;2267&#8243; img_link_target=&#8221;_self&#8221; title=&#8221;Fabric Dispenser HWS&#8221; img_size=&#8221;1000&#215;1000&#8243; alignment=&#8221;center&#8221; border_color=&#8221;grey&#8221; link=&#8221;https:\/\/www.hotwiresystems.com\/fi\/fabric-dispenser-hws&#8221;][\/vc_column][\/vc_row][vc_row][vc_column width=&#8221;1\/1&#8243;][vc_separator][\/vc_column][\/vc_row][vc_row][vc_column width=&#8221;2\/3&#8243;][vc_column_text]<\/p>\n<p style=\"text-align: center;\"><span style=\"font-size: x-large; font-family: verdana, geneva; color: #808080;\">Ei l\u00f6yt\u00e4nyt sopivaa tuotetta?<\/span><\/p>\n<p>[\/vc_column_text][\/vc_column][vc_column width=&#8221;1\/3&#8243;][vc_button2 title=&#8221;KIRJOITA MEILLE&#8221; style=&#8221;square&#8221; color=&#8221;blue&#8221; size=&#8221;md&#8221; link=&#8221;url:http%3A%2F%2Fkuumtraat.ee%2Ffi%2Fyhteystiedot%2F|title:Yhteystiedot|&#8221;][\/vc_column][\/vc_row]<\/p>\n<\/div><!-- AddThis Advanced Settings generic via filter on the_content --><!-- AddThis Share Buttons generic via filter on the_content -->","protected":false},"excerpt":{"rendered":"<p>[vc_row][vc_column width=&#8221;1\/2&#8243;][vc_single_image image=&#8221;2268&#8243; img_link_target=&#8221;_self&#8221; title=&#8221;Scaffold Turntable HWS&#8221; img_size=&#8221;1000&#215;1000&#8243; alignment=&#8221;center&#8221; border_color=&#8221;grey&#8221; link=&#8221;https:\/\/www.hotwiresystems.com\/fi\/scaffold-turntable-hws\/&#8221;][\/vc_column][vc_column width=&#8221;1\/2&#8243;][vc_single_image image=&#8221;2267&#8243; img_link_target=&#8221;_self&#8221; title=&#8221;Fabric Dispenser HWS&#8221; img_size=&#8221;1000&#215;1000&#8243; alignment=&#8221;center&#8221; border_color=&#8221;grey&#8221; link=&#8221;https:\/\/www.hotwiresystems.com\/fi\/fabric-dispenser-hws&#8221;][\/vc_column][\/vc_row][vc_row][vc_column width=&#8221;1\/1&#8243;][vc_separator][\/vc_column][\/vc_row][vc_row][vc_column width=&#8221;2\/3&#8243;][vc_column_text] Ei l\u00f6yt\u00e4nyt sopivaa tuotetta? [\/vc_column_text][\/vc_column][vc_column width=&#8221;1\/3&#8243;][vc_button2 title=&#8221;KIRJOITA MEILLE&#8221; style=&#8221;square&#8221; color=&#8221;blue&#8221; size=&#8221;md&#8221; link=&#8221;url:http%3A%2F%2Fkuumtraat.ee%2Ffi%2Fyhteystiedot%2F|title:Yhteystiedot|&#8221;][\/vc_column][\/vc_row]<!-- AddThis Advanced Settings generic via filter on get_the_excerpt --><!-- AddThis Share Buttons generic via filter on get_the_excerpt --><\/p>\n","protected":false},"author":2,"featured_media":0,"parent":0,"menu_order":0,"comment_status":"closed","ping_status":"closed","template":"","meta":{"footnotes":""},"yoast_head":"<!-- This site is optimized with the Yoast SEO plugin v23.3 - https:\/\/yoast.com\/wordpress\/plugins\/seo\/ -->\n<title>Tuoteet | Ty\u00f6kalut &amp; Tarvikkeet -<\/title>\n<meta name=\"description\" content=\"Hotwire Systems O\u00dc:n p\u00e4\u00e4toimialana on polystyreenin (EPS, XPS) niin jokap\u00e4iv\u00e4iseen kuin ammattimaiseen k\u00e4ytt\u00f6\u00f6n tarkoitettujen leikkuuty\u00f6kalujen myynti, huolto ja korjaus. Tavoitteenamme on auttaa asiakkaitamme lis\u00e4\u00e4m\u00e4\u00e4n tuottavuutta tarjoamalla laadukkaita, k\u00e4ytt\u00e4j\u00e4yst\u00e4v\u00e4llisi\u00e4 tuotteita ja ainoastaan parhaita teknologisia ratkaisuja. Myymme ja toimitamme tuotteita niin yksityisille kuin yrityksille. Tarjoamme: kuumalankaleikkuri, k\u00e4sileikkuri, kuumalanka-leikkuri, Styroxleikkuri, Ty\u00f6kalut &amp; Tarvikkeet.\" \/>\n<meta name=\"robots\" content=\"index, follow, max-snippet:-1, max-image-preview:large, max-video-preview:-1\" \/>\n<link rel=\"canonical\" href=\"https:\/\/www.hotwiresystems.com\/fi\/tuoteet-tyokalut-ja-tarvikkeet\/\" \/>\n<meta property=\"og:locale\" content=\"fi_FI\" \/>\n<meta property=\"og:type\" content=\"article\" \/>\n<meta property=\"og:title\" content=\"Tuoteet | Ty\u00f6kalut &amp; Tarvikkeet -\" \/>\n<meta property=\"og:description\" content=\"Hotwire Systems O\u00dc:n p\u00e4\u00e4toimialana on polystyreenin (EPS, XPS) niin jokap\u00e4iv\u00e4iseen kuin ammattimaiseen k\u00e4ytt\u00f6\u00f6n tarkoitettujen leikkuuty\u00f6kalujen myynti, huolto ja korjaus. Tavoitteenamme on auttaa asiakkaitamme lis\u00e4\u00e4m\u00e4\u00e4n tuottavuutta tarjoamalla laadukkaita, k\u00e4ytt\u00e4j\u00e4yst\u00e4v\u00e4llisi\u00e4 tuotteita ja ainoastaan parhaita teknologisia ratkaisuja. Myymme ja toimitamme tuotteita niin yksityisille kuin yrityksille. Tarjoamme: kuumalankaleikkuri, k\u00e4sileikkuri, kuumalanka-leikkuri, Styroxleikkuri, Ty\u00f6kalut &amp; Tarvikkeet.\" \/>\n<meta property=\"og:url\" content=\"https:\/\/www.hotwiresystems.com\/fi\/tuoteet-tyokalut-ja-tarvikkeet\/\" \/>\n<meta property=\"article:modified_time\" content=\"2015-02-28T22:10:17+00:00\" \/>\n<meta name=\"twitter:label1\" content=\"Arvioitu lukuaika\" \/>\n\t<meta name=\"twitter:data1\" content=\"1 minuutti\" \/>\n<script type=\"application\/ld+json\" class=\"yoast-schema-graph\">{\"@context\":\"https:\/\/schema.org\",\"@graph\":[{\"@type\":\"WebPage\",\"@id\":\"https:\/\/www.hotwiresystems.com\/fi\/tuoteet-tyokalut-ja-tarvikkeet\/\",\"url\":\"https:\/\/www.hotwiresystems.com\/fi\/tuoteet-tyokalut-ja-tarvikkeet\/\",\"name\":\"Tuoteet | Ty\u00f6kalut & Tarvikkeet -\",\"isPartOf\":{\"@id\":\"https:\/\/hotwiresystems.com\/et\/#website\"},\"datePublished\":\"2014-08-16T11:24:44+00:00\",\"dateModified\":\"2015-02-28T22:10:17+00:00\",\"description\":\"Hotwire Systems O\u00dc:n p\u00e4\u00e4toimialana on polystyreenin (EPS, XPS) niin jokap\u00e4iv\u00e4iseen kuin ammattimaiseen k\u00e4ytt\u00f6\u00f6n tarkoitettujen leikkuuty\u00f6kalujen myynti, huolto ja korjaus. Tavoitteenamme on auttaa asiakkaitamme lis\u00e4\u00e4m\u00e4\u00e4n tuottavuutta tarjoamalla laadukkaita, k\u00e4ytt\u00e4j\u00e4yst\u00e4v\u00e4llisi\u00e4 tuotteita ja ainoastaan parhaita teknologisia ratkaisuja. Myymme ja toimitamme tuotteita niin yksityisille kuin yrityksille. Tarjoamme: kuumalankaleikkuri, k\u00e4sileikkuri, kuumalanka-leikkuri, Styroxleikkuri, Ty\u00f6kalut & Tarvikkeet.\",\"breadcrumb\":{\"@id\":\"https:\/\/www.hotwiresystems.com\/fi\/tuoteet-tyokalut-ja-tarvikkeet\/#breadcrumb\"},\"inLanguage\":\"fi\",\"potentialAction\":[{\"@type\":\"ReadAction\",\"target\":[\"https:\/\/www.hotwiresystems.com\/fi\/tuoteet-tyokalut-ja-tarvikkeet\/\"]}]},{\"@type\":\"BreadcrumbList\",\"@id\":\"https:\/\/www.hotwiresystems.com\/fi\/tuoteet-tyokalut-ja-tarvikkeet\/#breadcrumb\",\"itemListElement\":[{\"@type\":\"ListItem\",\"position\":1,\"name\":\"Home\",\"item\":\"https:\/\/www.hotwiresystems.com\/fi\/\"},{\"@type\":\"ListItem\",\"position\":2,\"name\":\"Tuoteet | Ty\u00f6kalut &#038; Tarvikkeet\"}]},{\"@type\":\"WebSite\",\"@id\":\"https:\/\/hotwiresystems.com\/et\/#website\",\"url\":\"https:\/\/hotwiresystems.com\/et\/\",\"name\":\"\",\"description\":\"\",\"potentialAction\":[{\"@type\":\"SearchAction\",\"target\":{\"@type\":\"EntryPoint\",\"urlTemplate\":\"https:\/\/hotwiresystems.com\/et\/?s={search_term_string}\"},\"query-input\":\"required name=search_term_string\"}],\"inLanguage\":\"fi\"}]}<\/script>\n<!-- \/ Yoast SEO plugin. -->","yoast_head_json":{"title":"Tuoteet | Ty\u00f6kalut & Tarvikkeet -","description":"Hotwire Systems O\u00dc:n p\u00e4\u00e4toimialana on polystyreenin (EPS, XPS) niin jokap\u00e4iv\u00e4iseen kuin ammattimaiseen k\u00e4ytt\u00f6\u00f6n tarkoitettujen leikkuuty\u00f6kalujen myynti, huolto ja korjaus. Tavoitteenamme on auttaa asiakkaitamme lis\u00e4\u00e4m\u00e4\u00e4n tuottavuutta tarjoamalla laadukkaita, k\u00e4ytt\u00e4j\u00e4yst\u00e4v\u00e4llisi\u00e4 tuotteita ja ainoastaan parhaita teknologisia ratkaisuja. Myymme ja toimitamme tuotteita niin yksityisille kuin yrityksille. Tarjoamme: kuumalankaleikkuri, k\u00e4sileikkuri, kuumalanka-leikkuri, Styroxleikkuri, Ty\u00f6kalut & Tarvikkeet.","robots":{"index":"index","follow":"follow","max-snippet":"max-snippet:-1","max-image-preview":"max-image-preview:large","max-video-preview":"max-video-preview:-1"},"canonical":"https:\/\/www.hotwiresystems.com\/fi\/tuoteet-tyokalut-ja-tarvikkeet\/","og_locale":"fi_FI","og_type":"article","og_title":"Tuoteet | Ty\u00f6kalut & Tarvikkeet -","og_description":"Hotwire Systems O\u00dc:n p\u00e4\u00e4toimialana on polystyreenin (EPS, XPS) niin jokap\u00e4iv\u00e4iseen kuin ammattimaiseen k\u00e4ytt\u00f6\u00f6n tarkoitettujen leikkuuty\u00f6kalujen myynti, huolto ja korjaus. Tavoitteenamme on auttaa asiakkaitamme lis\u00e4\u00e4m\u00e4\u00e4n tuottavuutta tarjoamalla laadukkaita, k\u00e4ytt\u00e4j\u00e4yst\u00e4v\u00e4llisi\u00e4 tuotteita ja ainoastaan parhaita teknologisia ratkaisuja. Myymme ja toimitamme tuotteita niin yksityisille kuin yrityksille. Tarjoamme: kuumalankaleikkuri, k\u00e4sileikkuri, kuumalanka-leikkuri, Styroxleikkuri, Ty\u00f6kalut & Tarvikkeet.","og_url":"https:\/\/www.hotwiresystems.com\/fi\/tuoteet-tyokalut-ja-tarvikkeet\/","article_modified_time":"2015-02-28T22:10:17+00:00","twitter_misc":{"Arvioitu lukuaika":"1 minuutti"},"schema":{"@context":"https:\/\/schema.org","@graph":[{"@type":"WebPage","@id":"https:\/\/www.hotwiresystems.com\/fi\/tuoteet-tyokalut-ja-tarvikkeet\/","url":"https:\/\/www.hotwiresystems.com\/fi\/tuoteet-tyokalut-ja-tarvikkeet\/","name":"Tuoteet | Ty\u00f6kalut & Tarvikkeet -","isPartOf":{"@id":"https:\/\/hotwiresystems.com\/et\/#website"},"datePublished":"2014-08-16T11:24:44+00:00","dateModified":"2015-02-28T22:10:17+00:00","description":"Hotwire Systems O\u00dc:n p\u00e4\u00e4toimialana on polystyreenin (EPS, XPS) niin jokap\u00e4iv\u00e4iseen kuin ammattimaiseen k\u00e4ytt\u00f6\u00f6n tarkoitettujen leikkuuty\u00f6kalujen myynti, huolto ja korjaus. Tavoitteenamme on auttaa asiakkaitamme lis\u00e4\u00e4m\u00e4\u00e4n tuottavuutta tarjoamalla laadukkaita, k\u00e4ytt\u00e4j\u00e4yst\u00e4v\u00e4llisi\u00e4 tuotteita ja ainoastaan parhaita teknologisia ratkaisuja. Myymme ja toimitamme tuotteita niin yksityisille kuin yrityksille. Tarjoamme: kuumalankaleikkuri, k\u00e4sileikkuri, kuumalanka-leikkuri, Styroxleikkuri, Ty\u00f6kalut & Tarvikkeet.","breadcrumb":{"@id":"https:\/\/www.hotwiresystems.com\/fi\/tuoteet-tyokalut-ja-tarvikkeet\/#breadcrumb"},"inLanguage":"fi","potentialAction":[{"@type":"ReadAction","target":["https:\/\/www.hotwiresystems.com\/fi\/tuoteet-tyokalut-ja-tarvikkeet\/"]}]},{"@type":"BreadcrumbList","@id":"https:\/\/www.hotwiresystems.com\/fi\/tuoteet-tyokalut-ja-tarvikkeet\/#breadcrumb","itemListElement":[{"@type":"ListItem","position":1,"name":"Home","item":"https:\/\/www.hotwiresystems.com\/fi\/"},{"@type":"ListItem","position":2,"name":"Tuoteet | Ty\u00f6kalut &#038; Tarvikkeet"}]},{"@type":"WebSite","@id":"https:\/\/hotwiresystems.com\/et\/#website","url":"https:\/\/hotwiresystems.com\/et\/","name":"","description":"","potentialAction":[{"@type":"SearchAction","target":{"@type":"EntryPoint","urlTemplate":"https:\/\/hotwiresystems.com\/et\/?s={search_term_string}"},"query-input":"required name=search_term_string"}],"inLanguage":"fi"}]}},"_links":{"self":[{"href":"https:\/\/www.hotwiresystems.com\/fi\/wp-json\/wp\/v2\/pages\/2687"}],"collection":[{"href":"https:\/\/www.hotwiresystems.com\/fi\/wp-json\/wp\/v2\/pages"}],"about":[{"href":"https:\/\/www.hotwiresystems.com\/fi\/wp-json\/wp\/v2\/types\/page"}],"author":[{"embeddable":true,"href":"https:\/\/www.hotwiresystems.com\/fi\/wp-json\/wp\/v2\/users\/2"}],"replies":[{"embeddable":true,"href":"https:\/\/www.hotwiresystems.com\/fi\/wp-json\/wp\/v2\/comments?post=2687"}],"version-history":[{"count":5,"href":"https:\/\/www.hotwiresystems.com\/fi\/wp-json\/wp\/v2\/pages\/2687\/revisions"}],"predecessor-version":[{"id":3680,"href":"https:\/\/www.hotwiresystems.com\/fi\/wp-json\/wp\/v2\/pages\/2687\/revisions\/3680"}],"wp:attachment":[{"href":"https:\/\/www.hotwiresystems.com\/fi\/wp-json\/wp\/v2\/media?parent=2687"}],"curies":[{"name":"wp","href":"https:\/\/api.w.org\/{rel}","templated":true}]}}