{"id":97,"date":"2013-11-07T13:30:25","date_gmt":"2013-11-07T11:30:25","guid":{"rendered":"http:\/\/www.sergei.dev\/?page_id=97"},"modified":"2020-04-02T10:12:31","modified_gmt":"2020-04-02T08:12:31","slug":"professionaalne-eps-xps-penoplasti-loikeseade-spc-series","status":"publish","type":"page","link":"https:\/\/www.hotwiresystems.com\/et\/professionaalne-eps-xps-penoplasti-loikeseade-spc-series\/","title":{"rendered":"Penoplasti l\u00f5ikeseade SPC Series! | Mitmek\u00fclgne EPS, XPS l\u00f5ikur"},"content":{"rendered":"<div class=\"wpb-content-wrapper\"><p>[vc_row][vc_column width=&#8221;1\/2&#8243;][vc_column_text]<\/p>\n<h1><span style=\"color: #808080; font-size: 36pt;\">SPC Series!<\/span><\/h1>\n<p>[\/vc_column_text][\/vc_column][vc_column width=&#8221;1\/2&#8243;][vc_empty_space height=&#8221;10&#8243;][vc_btn title=&#8221;OSTA E-POEST&#8221; style=&#8221;outline&#8221; color=&#8221;warning&#8221; align=&#8221;center&#8221; i_align=&#8221;right&#8221; i_icon_fontawesome=&#8221;fa fa-shopping-cart&#8221; add_icon=&#8221;true&#8221; custom_onclick=&#8221;true&#8221; link=&#8221;url:http%3A%2F%2Fwww.shop.hotwiresystems.com|title:Osta%20mugavalt%20e-poest!|target:%20_blank|&#8221; custom_onclick_code=&#8221;TEST&#8221;][\/vc_column][\/vc_row][vc_row][vc_column][vc_column_text]<\/p>\n<blockquote><p><span style=\"font-size: 18pt; color: #ff6600;\">T\u00f5eline, mitmek\u00fclgne\u00a0profit\u00f6\u00f6riist!<\/span><\/p><\/blockquote>\n<p>[\/vc_column_text][vc_column_text]<\/p>\n<p style=\"text-align: justify;\"><span style=\"font-size: 12pt; color: #000000;\"><strong>SPC Series! penoplasti l\u00f5ikeseade<\/strong>\u00a0on eriti suurte v\u00f5imalustega,\u00a0k\u00f5rgema kvaliteediga, mitmek\u00fclgne elektriline t\u00f6\u00f6riist, mis sobib kasutamiseks nii <strong>ehitusplatsil<\/strong> (\u00fcldehitust\u00f6\u00f6d, fassaadit\u00f6\u00f6d, katuset\u00f6\u00f6d, vundamendit\u00f6\u00f6d, p\u00f5randat\u00f6\u00f6d j.n.e), kuid ka\u00a0<strong>disainistuudios<\/strong> (t\u00f6\u00f6kojas).\u00a0<strong>Penoplasti l\u00f5ikeseadme<\/strong>\u00a0suurus ja tugevus, integreeritud m\u00f5\u00f5telatid, nurgaskaalad,\u00a0l\u00f5iketraadi reguleerimise v\u00f5imalused (nii l\u00f5ikes\u00fcgavuse kui ka nurga osas),\u00a0t\u00f6\u00f6deldava detaili fikseerimise, suunamise v\u00f5imalused ja teised omadused lubavad efektiivselt ja \u00fclit\u00e4pselt, tolmu ja prahita\u00a0t\u00f6\u00f6delda, l\u00f5igata vahtpol\u00fcst\u00fcrooli <strong><a style=\"color: #000000;\" title=\"Mis on EPS? | Vahtpol\u00fcst\u00fcreeni omadused ja kasutusalad\" href=\"\/?page_id=4099\">(EPS, XPS)<\/a> <\/strong>materjali \u00a0ning teostama nii v\u00e4ikesed tellimused kuid ka\u00a0suuremahulisi ja keerukaid t\u00f6id.<\/span><\/p>\n<p>[\/vc_column_text][\/vc_column][\/vc_row][vc_row][vc_column][vc_separator color=&#8221;orange&#8221;][\/vc_column][\/vc_row][vc_row][vc_column][vc_column_text]<\/p>\n<h1><span style=\"font-size: 36pt; color: #808080;\">KIRJELDUS<\/span><\/h1>\n<p>[\/vc_column_text][\/vc_column][\/vc_row][vc_row][vc_column width=&#8221;2\/3&#8243;][vc_column_text]<\/p>\n<p style=\"text-align: justify;\"><span style=\"font-size: 12pt; color: #000000;\">Penoplasti l\u00f5ikeseade <strong>SPC-Series!<\/strong> on valmistatud terasdetailidest, mis on \u00fchendatud keevis\u00f5mbluste abil ning kaetud pulberv\u00e4rviga \u2013 seega l\u00f5ikeseade v\u00e4ga t\u00f5hus ja vastupidav <strong>\u201cabimees\u201d!<\/strong> L\u00f5ikuri sissel\u00fclitamiseks kasutatakse surunuppu mis asub raami k\u00fcljes v\u00f5i jalgl\u00fclitit. Penoplasti l\u00f5ikeseade trafo\u00a0paigaldatakse l\u00f5ikuri aluse k\u00fclge ja kinnitatakse kahe poldi abil. <strong>Transformaator<\/strong> asub kinnises \u00a0korpuses, mille ohutuskaitse klass on IP65. Toitekaabli pikkus on 1,5 meetrit ning on varustatud euro-pistikuga. L\u00f5ikeseadme\u00a0ja transformaatori omavahel \u00fchendamiseks on kaabel millel on <strong>XLR<\/strong> kiirt\u00f6\u00f6stuspistik.\u00a0<\/span><\/p>\n<p>[\/vc_column_text][\/vc_column][vc_column width=&#8221;1\/3&#8243;][vc_single_image image=&#8221;6064&#8243; img_size=&#8221;medium&#8221; alignment=&#8221;center&#8221; onclick=&#8221;img_link_large&#8221;][\/vc_column][\/vc_row][vc_row][vc_column width=&#8221;1\/2&#8243;][vc_column_text]<\/p>\n<h1 style=\"text-align: left;\"><span style=\"color: #ff6600; font-size: 18pt;\">TUGILATT \/ SUUNAJA<\/span><\/h1>\n<p>[\/vc_column_text][vc_column_text]<\/p>\n<p style=\"text-align: justify;\"><span style=\"font-size: 12pt; color: #000000;\">Nii suurte kui ka v\u00e4ikeste vahtpol\u00fcst\u00fcroolist v\u00f5i sarnasest materjalide <strong>(EPS, XPS)<\/strong> puhul on l\u00f5ikamise ajal <strong>tugilatt\/suunaja<\/strong> vahtplasti plaadi toetavaks ja suunavaks elemendiks. Suunaja asub nii paremal kuid ka vasakul pool ja on varustatud m\u00f5\u00f5teskaalaga ning seda on v\u00f5imalik reguleerida eri nurkade all.<\/span><\/p>\n<p>[\/vc_column_text][\/vc_column][vc_column width=&#8221;1\/2&#8243;][vc_single_image image=&#8221;6063&#8243; img_size=&#8221;medium&#8221; alignment=&#8221;center&#8221; style=&#8221;vc_box_rounded&#8221; onclick=&#8221;img_link_large&#8221;][\/vc_column][\/vc_row][vc_row][vc_column][vc_column_text]<\/p>\n<h1><span style=\"font-size: 18pt; color: #ff6600;\">KOKKUPANDAV ALUSRAAM\u00a0&amp;\u00a0TELLINGULUKK<\/span><\/h1>\n<p>[\/vc_column_text][\/vc_column][\/vc_row][vc_row][vc_column width=&#8221;1\/2&#8243;][vc_single_image image=&#8221;6059&#8243; img_size=&#8221;medium&#8221; alignment=&#8221;center&#8221; style=&#8221;vc_box_rounded&#8221; onclick=&#8221;img_link_large&#8221;][\/vc_column][vc_column width=&#8221;1\/2&#8243;][vc_column_text]<\/p>\n<p style=\"text-align: justify;\"><span style=\"font-size: 12pt; color: #000000;\"><strong>SPC Series!\u00a0<\/strong>l\u00f5ikurit on kerge tellingupiirete k\u00fclge kinnitada ja seega on penoplasti l\u00f5ikeseade igati k\u00e4ep\u00e4rane ning ei sega tellingutel t\u00f6\u00f6tamist ja ei v\u00f5ta eriti palju ruumi. Kokkupandav alusraam\u00a0v\u00f5imaldab kiirelt ja kergelt seada l\u00f5ikuri vertikaalasendisse. <strong>Tellingulukk ja kokkupandav alusraam<\/strong> moodustavad terviku ja neid eraldi ei tarnita.<\/span><\/p>\n<p>[\/vc_column_text][\/vc_column][\/vc_row][vc_row][vc_column][vc_column_text]<\/p>\n<h1><span style=\"font-size: 18pt; color: #ff6600;\">SKAALAD. NURGAD. TELJED. L\u00d5IKEK\u00d5RGUSE FIKSAATORID<\/span><\/h1>\n<p>[\/vc_column_text][\/vc_column][\/vc_row][vc_row][vc_column][vc_single_image image=&#8221;6062&#8243; img_size=&#8221;large&#8221; alignment=&#8221;center&#8221; onclick=&#8221;img_link_large&#8221;][\/vc_column][\/vc_row][vc_row][vc_column width=&#8221;2\/3&#8243;][vc_column_text]<\/p>\n<p style=\"text-align: justify;\"><span style=\"font-size: 12pt; color: #000000;\">T\u00e4nu <strong>SPC-Series!<\/strong> l\u00f5ikeseadmel paiknevatele t\u00e4histele, skaaladele puudub vajadus k\u00e4sitsi m\u00f5\u00f5tmiseks ning t\u00e4histused tagavad materjali t\u00f6\u00f6tlemisel vajaliku t\u00e4psuse.\u00a0<strong>Penoplasti\u00a0l\u00f5ikeseade SPC-Series!<\/strong>\u00a0on varustatud l\u00f5ikes\u00fcgavuse fiksaatoritega (l\u00f5ikek\u00f5rguse fiksaatorid), mis v\u00f5imaldavad l\u00f5iketraadi fikseerimist vajalikul k\u00f5rgusel \u2013 see on eriti oluline horisontaall\u00f5igete korral. T\u00e4nu l\u00f5ikeseadmesse sissehitatud s\u00f5ltumatule nurga-arvestile saab \u00fchte l\u00f5ikenurka (l\u00f5iketraadi otsa) olenemata teisestst muuta kuni 10%.\u00a0Pealtn\u00e4ha v\u00e4ikesed, kuid \u00e4\u00e4rmiselt olulised komponendid t\u00e4pseks l\u00f5ikamiseks ja muretuks t\u00f6\u00f6ks.<\/span><\/p>\n<p>[\/vc_column_text][\/vc_column][vc_column width=&#8221;1\/3&#8243;][vc_single_image image=&#8221;6061&#8243; img_size=&#8221;large&#8221; alignment=&#8221;center&#8221; style=&#8221;vc_box_shadow_3d&#8221; onclick=&#8221;img_link_large&#8221;][\/vc_column][\/vc_row][vc_row][vc_column][vc_separator color=&#8221;orange&#8221;][\/vc_column][\/vc_row][vc_row][vc_column][vc_column_text]<\/p>\n<h1><span style=\"font-size: 36pt; color: #808080;\">AKSESSUAARID<\/span><\/h1>\n<p>[\/vc_column_text][vc_column_text]<\/p>\n<h1 style=\"text-align: justify;\"><span style=\"color: #ff6600; font-size: 18pt;\">JALGL\u00dcLITI<\/span><\/h1>\n<p>[\/vc_column_text][\/vc_column][\/vc_row][vc_row][vc_column width=&#8221;1\/2&#8243;][vc_column_text]<\/p>\n<p style=\"text-align: justify;\"><span style=\"font-size: 12pt; color: #000000;\">T\u00f6\u00f6 k\u00e4igus ei ole tarvidust hoida\u00a0<strong>surunuppu k\u00e4sitsi,<\/strong> kuna jalgl\u00fcliti kasutamine j\u00e4tab t\u00f6\u00f6tamisel \u201ck\u00e4ed vabaks\u201d, v\u00f5imaldades suunata penopol\u00fcst\u00fcrooli <strong>(EPS, XPS)<\/strong>\u00a0tahvlit kahe k\u00e4ega.\u00a0Jalgl\u00fclitit \u00fchendatakse XLR t\u00f6\u00f6stuslik kiirpistikuga l\u00f5ikuri\u00a0raamiga. Jalgl\u00fcliti korpus on metallist, NO-kontakt, kaabli pikkus 1,5m.<\/span><\/p>\n<p>[\/vc_column_text][\/vc_column][vc_column width=&#8221;1\/2&#8243;][vc_single_image image=&#8221;6058&#8243; img_size=&#8221;large&#8221; alignment=&#8221;center&#8221; onclick=&#8221;img_link_large&#8221;][\/vc_column][\/vc_row][vc_row][vc_column][vc_separator color=&#8221;orange&#8221;][\/vc_column][\/vc_row][vc_row][vc_column][vc_column_text]<\/p>\n<h1><span style=\"color: #808080; font-size: 36pt;\">L\u00d5IKETRAAT<\/span><\/h1>\n<p>[\/vc_column_text][\/vc_column][\/vc_row][vc_row][vc_column width=&#8221;1\/3&#8243;][vc_single_image image=&#8221;6060&#8243; img_size=&#8221;large&#8221; alignment=&#8221;center&#8221; onclick=&#8221;img_link_large&#8221;][\/vc_column][vc_column width=&#8221;2\/3&#8243;][vc_column_text]<\/p>\n<p style=\"text-align: justify;\"><span style=\"font-size: 12pt; color: #000000;\">Nikroomtraat on vahtmaterjali <strong>(vahtpol\u00fcst\u00fcreen EPS, XPS)<\/strong> l\u00f5ikeseadmetele optimaalne l\u00f5iketraat mitmel p\u00f5hjusel, kuid eriti seep\u00e4rast, et see on vastupidav v\u00e4ga k\u00f5rgetel temperatuuridel.\u00a0<strong>SPC Series! l\u00f5ikuri\u00a0<\/strong>jaoks kasutame kindla l\u00e4bim\u00f5\u00f5duga NiCr traati, millel on m\u00f5lemal pool otsast tehtud \u201ckinga kinnitused\u201d. Pakume traadid m\u00fc\u00fcgiks t\u00fckikaupa (1 tk) v\u00f5i suurtes kogustes <strong>(1 kit = 10 tk).<\/strong><\/span><\/p>\n<p>[\/vc_column_text][\/vc_column][\/vc_row][vc_row][vc_column][vc_separator color=&#8221;orange&#8221;][\/vc_column][\/vc_row][vc_row][vc_column][vc_column_text]<\/p>\n<h1><span style=\"font-size: 36pt; color: #808080;\">TEHNILINE INFO<\/span><\/h1>\n<p>[\/vc_column_text][\/vc_column][\/vc_row][vc_row][vc_column][vc_column_text]<\/p>\n<table>\n<tbody>\n<tr>\n<td><\/td>\n<td style=\"text-align: center;\" colspan=\"2\">\n<h4><span style=\"color: #ff6600;\">SPC 3013<\/span><\/h4>\n<\/td>\n<\/tr>\n<tr>\n<td>\n<h4><span style=\"color: #808080;\">L\u00f5ike pikkus:<\/span><\/h4>\n<\/td>\n<td style=\"text-align: center;\" colspan=\"2\">\n<h4><span style=\"color: #000000;\">1340 mm<\/span><\/h4>\n<\/td>\n<\/tr>\n<tr>\n<td>\n<h4><span style=\"color: #808080;\">L\u00f5ike k\u00f5rgus:<\/span><\/h4>\n<\/td>\n<td style=\"text-align: center;\" colspan=\"2\">\n<h4><span style=\"color: #000000;\">max. 330 mm<\/span><\/h4>\n<\/td>\n<\/tr>\n<tr>\n<td>\n<h4><span style=\"color: #808080;\">Trafo:<\/span><\/h4>\n<\/td>\n<td style=\"text-align: center;\" colspan=\"2\">\n<h4><span style=\"color: #000000;\">Pri: 230VAC\/ Sec: 40V\/200VA<\/span><\/h4>\n<\/td>\n<\/tr>\n<tr>\n<td>\n<h4><span style=\"color: #808080;\">Kaal:<\/span><\/h4>\n<\/td>\n<td style=\"text-align: center;\" colspan=\"2\">\n<h4><span style=\"color: #000000;\">32 kg<\/span><\/h4>\n<\/td>\n<\/tr>\n<tr>\n<td>\n<h4><span style=\"color: #808080;\">Konstruktsioon:<\/span><\/h4>\n<\/td>\n<td style=\"text-align: center;\" colspan=\"2\">\n<h4><span style=\"color: #000000;\">Kokkukeevitatud, vastupidav teraskonstruktsioon mis on kaetud pulberv\u00e4rvi kihiga<\/span><\/h4>\n<\/td>\n<\/tr>\n<tr>\n<td>\n<h4><span style=\"color: #808080;\">Art. #:<\/span><\/h4>\n<\/td>\n<td style=\"text-align: center;\">\n<h4><span style=\"color: #000000;\">HWS-ST-18012<\/span><\/h4>\n<\/td>\n<td style=\"text-align: center;\">\n<h4><span style=\"color: #ff6600;\">980 \u20ac<\/span><\/h4>\n<\/td>\n<\/tr>\n<tr>\n<td>\n<h4><span style=\"color: #808080;\">Lisa traat:<\/span><\/h4>\n<\/td>\n<td style=\"text-align: center;\">\n<h4><span style=\"color: #000000;\">HWS-ST-87000<\/span><\/h4>\n<\/td>\n<td style=\"text-align: center;\">\n<h4><span style=\"color: #ff6600;\">8,50 \u20ac<\/span><\/h4>\n<\/td>\n<\/tr>\n<tr>\n<td>\n<h4><span style=\"color: #808080;\">Jalgl\u00fcliti:<\/span><\/h4>\n<\/td>\n<td style=\"text-align: center;\">\n<h4><span style=\"color: #000000;\">HWS-ST-15400<\/span><\/h4>\n<\/td>\n<td style=\"text-align: center;\">\n<h4><span style=\"color: #ff6600;\">49,50 \u20ac<\/span><\/h4>\n<\/td>\n<\/tr>\n<tr>\n<td>\n<h4><span style=\"color: #808080;\">Laoseis:<\/span><\/h4>\n<\/td>\n<td style=\"text-align: center;\" colspan=\"2\">\n<h4><span style=\"color: #0000ff;\">\u00a0Tarneaeg: 14-21 p.<\/span><\/h4>\n<\/td>\n<\/tr>\n<\/tbody>\n<\/table>\n<p>[\/vc_column_text][vc_column_text]<\/p>\n<p style=\"text-align: right;\"><span style=\"color: #000000;\"><em><span style=\"font-size: 12pt;\">Hindadele lisandub k\u00e4ibemaks 20%<\/span><\/em><\/span><\/p>\n<p>[\/vc_column_text][\/vc_column][\/vc_row][vc_row][vc_column][vc_separator color=&#8221;orange&#8221;][\/vc_column][\/vc_row][vc_row][vc_column][vc_column_text]<\/p>\n<h1><span style=\"font-size: 36pt; color: #808080;\">SAADA P\u00c4RING<\/span><\/h1>\n<p>[\/vc_column_text][\/vc_column][\/vc_row][vc_row][vc_column][vc_tta_accordion style=&#8221;modern&#8221; shape=&#8221;square&#8221; color=&#8221;orange&#8221; gap=&#8221;3&#8243; c_icon=&#8221;chevron&#8221; c_position=&#8221;right&#8221; active_section=&#8221;1&#8243;][vc_tta_section i_icon_fontawesome=&#8221;fa fa-list&#8221; add_icon=&#8221;true&#8221; title=&#8221;SAADA P\u00c4RING&#8221; tab_id=&#8221;2eedb26b-7991-cl&#8221;][vc_column_text]<\/p>\n<p>[caldera_form id=&#8221;CF5b30d3207a39b&#8221;]<\/p>\n<p>[\/vc_column_text][\/vc_tta_section][vc_tta_section i_icon_fontawesome=&#8221;fa fa-truck&#8221; add_icon=&#8221;true&#8221; title=&#8221;KOHALETOIMETAMINE&#8221; tab_id=&#8221;dfc75958-b45b-cl&#8221;][vc_column_text]<\/p>\n<h1><span style=\"font-size: 36pt; color: #808080;\">KOHALETOIMETAMINE<\/span><\/h1>\n<blockquote><p><span style=\"font-size: 18pt; color: #ff6600;\">Saadame l\u00f5ikeseadmed \u00fcle terve Eesti<\/span><\/p><\/blockquote>\n<p style=\"text-align: justify;\"><span style=\"font-size: 12pt; color: #000000;\">Asume Tallinnas kuid saadame pakke mujalegi Eestisse ja kasutame selleks transpordifirma DPD uksest-ukseni teenuseid, CargoBus teenuseid, Itella SmartPost pakiautomaadid ja Post24 pakiautomaadid. Samuti saadame pakke Euroopa Liidu liikmesriikidesse. Transpordi maksumus lisatakse tellimusele ja m\u00e4rgitakse ka kliendile esitatud arvel. Juhul, kui tegemist on suuregabariidilise kaubaga, siis transpordi hind lepitakse kokku eraldi.\u00a0Orienteeruv kohalej\u00f5udmise aeg on 1-3 t\u00f6\u00f6p\u00e4eva, kui kaup on kohe laos olemas, ja 3-10 t\u00f6\u00f6p\u00e4eva, kui kaupa laos ei ole.<\/span><\/p>\n<p>[\/vc_column_text][vc_btn title=&#8221;VAATA L\u00c4HEMALT&#8221; style=&#8221;outline&#8221; shape=&#8221;square&#8221; color=&#8221;orange&#8221; align=&#8221;right&#8221; i_align=&#8221;right&#8221; i_icon_fontawesome=&#8221;fa fa-truck&#8221; add_icon=&#8221;true&#8221; link=&#8221;url:http%3A%2F%2Fkuumtraat.ee%2Fpenoplasti-loikurite-kohaletoimetamine%2F|title:Kohaletoimetamine|&#8221;][\/vc_tta_section][\/vc_tta_accordion][\/vc_column][\/vc_row][vc_row][vc_column][vc_custom_heading text=&#8221;\u201cYour specialist for insulation cutting systems!\u201d&#8221; font_container=&#8221;tag:h5|font_size:30|text_align:center|color:%23919191|line_height:1&#8243; google_fonts=&#8221;font_family:Pacifico%3Aregular|font_style:400%20regular%3A400%3Anormal&#8221;][\/vc_column][\/vc_row][vc_row][vc_column][vc_separator color=&#8221;orange&#8221;][\/vc_column][\/vc_row][vc_row][vc_column][vc_btn title=&#8221;MEIE KONTAKTID&#8221; style=&#8221;outline&#8221; shape=&#8221;square&#8221; color=&#8221;blue&#8221; align=&#8221;left&#8221; i_align=&#8221;right&#8221; i_icon_fontawesome=&#8221;fa fa-check-square-o&#8221; add_icon=&#8221;true&#8221; link=&#8221;url:http%3A%2F%2Fkuumtraat.ee%2Fkontakt%2F|title:V%C3%B5tke%20meiega%20%C3%BChendust!|&#8221;][\/vc_column][\/vc_row]<\/p>\n<\/div><!-- AddThis Advanced Settings generic via filter on the_content --><!-- AddThis Share Buttons generic via filter on the_content -->","protected":false},"excerpt":{"rendered":"<p>[vc_row][vc_column width=&#8221;1\/2&#8243;][vc_column_text] SPC Series! [\/vc_column_text][\/vc_column][vc_column width=&#8221;1\/2&#8243;][vc_empty_space height=&#8221;10&#8243;][vc_btn title=&#8221;OSTA E-POEST&#8221; style=&#8221;outline&#8221; color=&#8221;warning&#8221; align=&#8221;center&#8221; i_align=&#8221;right&#8221; i_icon_fontawesome=&#8221;fa fa-shopping-cart&#8221; add_icon=&#8221;true&#8221; custom_onclick=&#8221;true&#8221; link=&#8221;url:http%3A%2F%2Fwww.shop.hotwiresystems.com|title:Osta%20mugavalt%20e-poest!|target:%20_blank|&#8221; custom_onclick_code=&#8221;TEST&#8221;][\/vc_column][\/vc_row][vc_row][vc_column][vc_column_text] T\u00f5eline, mitmek\u00fclgne\u00a0profit\u00f6\u00f6riist! [\/vc_column_text][vc_column_text] SPC Series! penoplasti l\u00f5ikeseade\u00a0on eriti suurte v\u00f5imalustega,\u00a0k\u00f5rgema kvaliteediga, mitmek\u00fclgne elektriline t\u00f6\u00f6riist, mis sobib kasutamiseks nii ehitusplatsil (\u00fcldehitust\u00f6\u00f6d, fassaadit\u00f6\u00f6d, katuset\u00f6\u00f6d, vundamendit\u00f6\u00f6d, p\u00f5randat\u00f6\u00f6d j.n.e), kuid ka\u00a0disainistuudios (t\u00f6\u00f6kojas).\u00a0Penoplasti l\u00f5ikeseadme\u00a0suurus ja tugevus, integreeritud m\u00f5\u00f5telatid, nurgaskaalad,\u00a0l\u00f5iketraadi reguleerimise v\u00f5imalused [&hellip;]<!-- AddThis Advanced Settings generic via filter on get_the_excerpt --><!-- AddThis Share Buttons generic via filter on get_the_excerpt --><\/p>\n","protected":false},"author":1,"featured_media":0,"parent":0,"menu_order":0,"comment_status":"closed","ping_status":"closed","template":"","meta":{"footnotes":""},"yoast_head":"<!-- This site is optimized with the Yoast SEO plugin v23.3 - https:\/\/yoast.com\/wordpress\/plugins\/seo\/ -->\n<title>Penoplasti l\u00f5ikeseade SPC Series! | Mitmek\u00fclgne EPS l\u00f5ikur -<\/title>\n<meta name=\"description\" content=\"SPC Series! penoplasti l\u00f5ikeseade on eriti suurte v\u00f5imalustega elektriline t\u00f6\u00f6riist, mis sobib kasutamiseks nii ehitusplatsil, kuid ka disainistuudios.\" \/>\n<meta name=\"robots\" content=\"index, follow, max-snippet:-1, max-image-preview:large, max-video-preview:-1\" \/>\n<link rel=\"canonical\" href=\"https:\/\/www.hotwiresystems.com\/et\/professionaalne-eps-xps-penoplasti-loikeseade-spc-series\/\" \/>\n<meta property=\"og:locale\" content=\"et_EE\" \/>\n<meta property=\"og:type\" content=\"article\" \/>\n<meta property=\"og:title\" content=\"Penoplasti l\u00f5ikeseade SPC Series! | Mitmek\u00fclgne EPS l\u00f5ikur -\" \/>\n<meta property=\"og:description\" content=\"SPC Series! penoplasti l\u00f5ikeseade on eriti suurte v\u00f5imalustega elektriline t\u00f6\u00f6riist, mis sobib kasutamiseks nii ehitusplatsil, kuid ka disainistuudios.\" \/>\n<meta property=\"og:url\" content=\"https:\/\/www.hotwiresystems.com\/et\/professionaalne-eps-xps-penoplasti-loikeseade-spc-series\/\" \/>\n<meta property=\"article:modified_time\" content=\"2020-04-02T08:12:31+00:00\" \/>\n<meta name=\"twitter:label1\" content=\"Est. reading time\" \/>\n\t<meta name=\"twitter:data1\" content=\"7 minutes\" \/>\n<script type=\"application\/ld+json\" class=\"yoast-schema-graph\">{\"@context\":\"https:\/\/schema.org\",\"@graph\":[{\"@type\":\"WebPage\",\"@id\":\"https:\/\/www.hotwiresystems.com\/et\/professionaalne-eps-xps-penoplasti-loikeseade-spc-series\/\",\"url\":\"https:\/\/www.hotwiresystems.com\/et\/professionaalne-eps-xps-penoplasti-loikeseade-spc-series\/\",\"name\":\"Penoplasti l\u00f5ikeseade SPC Series! | Mitmek\u00fclgne EPS l\u00f5ikur -\",\"isPartOf\":{\"@id\":\"https:\/\/hotwiresystems.com\/#website\"},\"datePublished\":\"2013-11-07T11:30:25+00:00\",\"dateModified\":\"2020-04-02T08:12:31+00:00\",\"description\":\"SPC Series! penoplasti l\u00f5ikeseade on eriti suurte v\u00f5imalustega elektriline t\u00f6\u00f6riist, mis sobib kasutamiseks nii ehitusplatsil, kuid ka disainistuudios.\",\"breadcrumb\":{\"@id\":\"https:\/\/www.hotwiresystems.com\/et\/professionaalne-eps-xps-penoplasti-loikeseade-spc-series\/#breadcrumb\"},\"inLanguage\":\"et-EE\",\"potentialAction\":[{\"@type\":\"ReadAction\",\"target\":[\"https:\/\/www.hotwiresystems.com\/et\/professionaalne-eps-xps-penoplasti-loikeseade-spc-series\/\"]}]},{\"@type\":\"BreadcrumbList\",\"@id\":\"https:\/\/www.hotwiresystems.com\/et\/professionaalne-eps-xps-penoplasti-loikeseade-spc-series\/#breadcrumb\",\"itemListElement\":[{\"@type\":\"ListItem\",\"position\":1,\"name\":\"Home\",\"item\":\"https:\/\/www.hotwiresystems.com\/et\/\"},{\"@type\":\"ListItem\",\"position\":2,\"name\":\"Penoplasti l\u00f5ikeseade SPC Series! | Mitmek\u00fclgne EPS, XPS l\u00f5ikur\"}]},{\"@type\":\"WebSite\",\"@id\":\"https:\/\/hotwiresystems.com\/#website\",\"url\":\"https:\/\/hotwiresystems.com\/\",\"name\":\"\",\"description\":\"\",\"potentialAction\":[{\"@type\":\"SearchAction\",\"target\":{\"@type\":\"EntryPoint\",\"urlTemplate\":\"https:\/\/hotwiresystems.com\/?s={search_term_string}\"},\"query-input\":\"required name=search_term_string\"}],\"inLanguage\":\"et-EE\"}]}<\/script>\n<!-- \/ Yoast SEO plugin. -->","yoast_head_json":{"title":"Penoplasti l\u00f5ikeseade SPC Series! | Mitmek\u00fclgne EPS l\u00f5ikur -","description":"SPC Series! penoplasti l\u00f5ikeseade on eriti suurte v\u00f5imalustega elektriline t\u00f6\u00f6riist, mis sobib kasutamiseks nii ehitusplatsil, kuid ka disainistuudios.","robots":{"index":"index","follow":"follow","max-snippet":"max-snippet:-1","max-image-preview":"max-image-preview:large","max-video-preview":"max-video-preview:-1"},"canonical":"https:\/\/www.hotwiresystems.com\/et\/professionaalne-eps-xps-penoplasti-loikeseade-spc-series\/","og_locale":"et_EE","og_type":"article","og_title":"Penoplasti l\u00f5ikeseade SPC Series! | Mitmek\u00fclgne EPS l\u00f5ikur -","og_description":"SPC Series! penoplasti l\u00f5ikeseade on eriti suurte v\u00f5imalustega elektriline t\u00f6\u00f6riist, mis sobib kasutamiseks nii ehitusplatsil, kuid ka disainistuudios.","og_url":"https:\/\/www.hotwiresystems.com\/et\/professionaalne-eps-xps-penoplasti-loikeseade-spc-series\/","article_modified_time":"2020-04-02T08:12:31+00:00","twitter_misc":{"Est. reading time":"7 minutes"},"schema":{"@context":"https:\/\/schema.org","@graph":[{"@type":"WebPage","@id":"https:\/\/www.hotwiresystems.com\/et\/professionaalne-eps-xps-penoplasti-loikeseade-spc-series\/","url":"https:\/\/www.hotwiresystems.com\/et\/professionaalne-eps-xps-penoplasti-loikeseade-spc-series\/","name":"Penoplasti l\u00f5ikeseade SPC Series! | Mitmek\u00fclgne EPS l\u00f5ikur -","isPartOf":{"@id":"https:\/\/hotwiresystems.com\/#website"},"datePublished":"2013-11-07T11:30:25+00:00","dateModified":"2020-04-02T08:12:31+00:00","description":"SPC Series! penoplasti l\u00f5ikeseade on eriti suurte v\u00f5imalustega elektriline t\u00f6\u00f6riist, mis sobib kasutamiseks nii ehitusplatsil, kuid ka disainistuudios.","breadcrumb":{"@id":"https:\/\/www.hotwiresystems.com\/et\/professionaalne-eps-xps-penoplasti-loikeseade-spc-series\/#breadcrumb"},"inLanguage":"et-EE","potentialAction":[{"@type":"ReadAction","target":["https:\/\/www.hotwiresystems.com\/et\/professionaalne-eps-xps-penoplasti-loikeseade-spc-series\/"]}]},{"@type":"BreadcrumbList","@id":"https:\/\/www.hotwiresystems.com\/et\/professionaalne-eps-xps-penoplasti-loikeseade-spc-series\/#breadcrumb","itemListElement":[{"@type":"ListItem","position":1,"name":"Home","item":"https:\/\/www.hotwiresystems.com\/et\/"},{"@type":"ListItem","position":2,"name":"Penoplasti l\u00f5ikeseade SPC Series! | Mitmek\u00fclgne EPS, XPS l\u00f5ikur"}]},{"@type":"WebSite","@id":"https:\/\/hotwiresystems.com\/#website","url":"https:\/\/hotwiresystems.com\/","name":"","description":"","potentialAction":[{"@type":"SearchAction","target":{"@type":"EntryPoint","urlTemplate":"https:\/\/hotwiresystems.com\/?s={search_term_string}"},"query-input":"required name=search_term_string"}],"inLanguage":"et-EE"}]}},"_links":{"self":[{"href":"https:\/\/www.hotwiresystems.com\/et\/wp-json\/wp\/v2\/pages\/97"}],"collection":[{"href":"https:\/\/www.hotwiresystems.com\/et\/wp-json\/wp\/v2\/pages"}],"about":[{"href":"https:\/\/www.hotwiresystems.com\/et\/wp-json\/wp\/v2\/types\/page"}],"author":[{"embeddable":true,"href":"https:\/\/www.hotwiresystems.com\/et\/wp-json\/wp\/v2\/users\/1"}],"replies":[{"embeddable":true,"href":"https:\/\/www.hotwiresystems.com\/et\/wp-json\/wp\/v2\/comments?post=97"}],"version-history":[{"count":5,"href":"https:\/\/www.hotwiresystems.com\/et\/wp-json\/wp\/v2\/pages\/97\/revisions"}],"predecessor-version":[{"id":14042,"href":"https:\/\/www.hotwiresystems.com\/et\/wp-json\/wp\/v2\/pages\/97\/revisions\/14042"}],"wp:attachment":[{"href":"https:\/\/www.hotwiresystems.com\/et\/wp-json\/wp\/v2\/media?parent=97"}],"curies":[{"name":"wp","href":"https:\/\/api.w.org\/{rel}","templated":true}]}}