{"id":2227,"date":"2014-07-29T14:05:18","date_gmt":"2014-07-29T12:05:18","guid":{"rendered":"http:\/\/kuumtraat.ee\/?page_id=2227"},"modified":"2025-07-18T13:56:52","modified_gmt":"2025-07-18T11:56:52","slug":"tooted-kuumatraadi-loikurid","status":"publish","type":"page","link":"https:\/\/www.hotwiresystems.com\/et\/tooted-kuumatraadi-loikurid\/","title":{"rendered":"Kuumatraadi l\u00f5ikurid | Penoplasti l\u00f5ikeseadmed igale maitsele!"},"content":{"rendered":"<div class=\"wpb-content-wrapper\"><p>[vc_row][vc_column][vc_column_text]<\/p>\n<h1 style=\"text-align: left;\"><span style=\"font-size: 36pt; color: #808080;\">Kuumatraadi l\u00f5ikurid<\/span><\/h1>\n<p>[\/vc_column_text][\/vc_column][\/vc_row][vc_row][vc_column][vc_column_text]<\/p>\n<p style=\"text-align: left;\"><span style=\"font-size: 12pt; color: #000000;\">Parim valik erinevaid <strong>vahtpol\u00fcst\u00fcreeni (EPS, XPS)\u00a0l\u00f5ikeseadmeid<\/strong> mis sobivad nii tava- kui ka professionaalsele kasutajale erinevateks vajadusteks: modelleerimine, disain, ehitus, arhitektuur, pakkimine, tootmine, <span style=\"text-decoration: underline;\">jne.<\/span><\/span><\/p>\n<p>[\/vc_column_text][vc_column_text]<\/p>\n<blockquote>\n<p style=\"text-align: left;\"><span style=\"font-size: 18pt; color: #ff6600;\">Pol\u00fcst\u00fcreeni <span style=\"color: #808080;\">EPS<span style=\"color: #ff6600;\">,<\/span> XPS<\/span> l\u00f5ikurid igale maitsele!<\/span><\/p>\n<\/blockquote>\n<p>[\/vc_column_text][\/vc_column][\/vc_row][vc_row][vc_column width=&#8221;1\/2&#8243;][vc_cta h2=&#8221;HWS-EASY!&#8221; h4=&#8221;&#8220;Klassikaline l\u00f5ikur&#8220;&#8221; h4_font_container=&#8221;tag:h3|text_align:center|color:%23ff9900&#8243; h4_google_fonts=&#8221;font_family:Raleway%3A100%2C200%2C300%2Cregular%2C500%2C600%2C700%2C800%2C900|font_style:500%20bold%20regular%3A500%3Anormal&#8221; txt_align=&#8221;center&#8221; shape=&#8221;square&#8221; style=&#8221;outline&#8221; add_button=&#8221;bottom&#8221; btn_title=&#8221;VAATA L\u00c4HEMALT&#8221; btn_style=&#8221;outline&#8221; btn_shape=&#8221;square&#8221; btn_color=&#8221;warning&#8221; btn_align=&#8221;center&#8221; css_animation=&#8221;none&#8221; css=&#8221;&#8221; use_custom_fonts_h4=&#8221;true&#8221; btn_link=&#8221;url:http%3A%2F%2Fwww.hotwiresystems.com%2Fet%2Fpenoplasti-loikur-hws-easy%2F|title:Penoplasti%20l%C3%B5ikur%20HWS-Easy!%20Vaata%20rohkem%20infot.||&#8221;]<img loading=\"lazy\" decoding=\"async\" class=\"aligncenter wp-image-16350 size-full\" src=\"https:\/\/hotwiresystems.com\/wp-content\/uploads\/2025\/07\/Penoplasti-loikur-HWS-Easy-10.jpg\" alt=\"Penoplasti l\u00f5ikur HWS-Easy!\" width=\"600\" height=\"600\" srcset=\"https:\/\/www.hotwiresystems.com\/wp-content\/uploads\/2025\/07\/Penoplasti-loikur-HWS-Easy-10.jpg 600w, https:\/\/www.hotwiresystems.com\/wp-content\/uploads\/2025\/07\/Penoplasti-loikur-HWS-Easy-10-300x300.jpg 300w, https:\/\/www.hotwiresystems.com\/wp-content\/uploads\/2025\/07\/Penoplasti-loikur-HWS-Easy-10-150x150.jpg 150w\" sizes=\"(max-width: 600px) 100vw, 600px\" \/>[\/vc_cta][\/vc_column][vc_column width=&#8221;1\/2&#8243;][vc_cta h2=&#8221;HWS-Cutter!&#8221; h4=&#8221;&#8220;Multifunktsionaalsus&#8220;&#8221; h4_font_container=&#8221;tag:h3|text_align:center|color:%23ff9900&#8243; h4_google_fonts=&#8221;font_family:Raleway%3A100%2C200%2C300%2Cregular%2C500%2C600%2C700%2C800%2C900|font_style:500%20bold%20regular%3A500%3Anormal&#8221; txt_align=&#8221;center&#8221; shape=&#8221;square&#8221; style=&#8221;outline&#8221; add_button=&#8221;bottom&#8221; btn_title=&#8221;VAATA L\u00c4HEMALT&#8221; btn_style=&#8221;outline&#8221; btn_shape=&#8221;square&#8221; btn_color=&#8221;warning&#8221; btn_align=&#8221;center&#8221; css_animation=&#8221;none&#8221; css=&#8221;&#8221; use_custom_fonts_h4=&#8221;true&#8221; btn_link=&#8221;url:http%3A%2F%2Fwww.hotwiresystems.com%2Fet%2Fvahtpolusturooli-loikur-hws-cutter%2F|title:Penoplasti%20l%C3%B5ikur%20HWS-Cutter!%20Vaata%20rohkem%20infot.||&#8221;]<img loading=\"lazy\" decoding=\"async\" class=\"aligncenter wp-image-16317 size-full\" src=\"https:\/\/hotwiresystems.com\/wp-content\/uploads\/2025\/07\/Vahtpolustureeni-loikur-HWS-Cutter-13.jpg\" alt=\"Vahtpol\u00fcst\u00fcreeni l\u00f5ikur HWS-Cutter!\" width=\"600\" height=\"600\" srcset=\"https:\/\/www.hotwiresystems.com\/wp-content\/uploads\/2025\/07\/Vahtpolustureeni-loikur-HWS-Cutter-13.jpg 600w, https:\/\/www.hotwiresystems.com\/wp-content\/uploads\/2025\/07\/Vahtpolustureeni-loikur-HWS-Cutter-13-300x300.jpg 300w, https:\/\/www.hotwiresystems.com\/wp-content\/uploads\/2025\/07\/Vahtpolustureeni-loikur-HWS-Cutter-13-150x150.jpg 150w\" sizes=\"(max-width: 600px) 100vw, 600px\" \/>[\/vc_cta][\/vc_column][\/vc_row][vc_row][vc_column width=&#8221;1\/2&#8243;][vc_cta h2=&#8221;HWS-Table!&#8221; h4=&#8221;&#8220;Vertikaall\u00f5ikur&#8220;&#8221; h4_font_container=&#8221;tag:h3|text_align:center|color:%23ff9900&#8243; h4_google_fonts=&#8221;font_family:Raleway%3A100%2C200%2C300%2Cregular%2C500%2C600%2C700%2C800%2C900|font_style:500%20bold%20regular%3A500%3Anormal&#8221; txt_align=&#8221;center&#8221; shape=&#8221;square&#8221; style=&#8221;outline&#8221; add_button=&#8221;bottom&#8221; btn_title=&#8221;VAATA L\u00c4HEMALT&#8221; btn_style=&#8221;outline&#8221; btn_shape=&#8221;square&#8221; btn_color=&#8221;warning&#8221; btn_align=&#8221;center&#8221; css_animation=&#8221;none&#8221; css=&#8221;&#8221; use_custom_fonts_h4=&#8221;true&#8221; btn_link=&#8221;url:http%3A%2F%2Fwww.hotwiresystems.com%2Fet%2Fvahtpolustureeni-eps-xps-vertikaalloikur-hws-table%2F|title:Penoplasti%20l%C3%B5ikur%20HWS-Table!%20Vaata%20rohkem%20infot.||&#8221;]<img loading=\"lazy\" decoding=\"async\" class=\"aligncenter wp-image-16358 size-full\" src=\"https:\/\/hotwiresystems.com\/wp-content\/uploads\/2025\/07\/EPS-vertikaalloikur-HWS-Table-2-1.jpg\" alt=\"EPS vertikaall\u00f5iku HWS-Table!\" width=\"600\" height=\"600\" srcset=\"https:\/\/www.hotwiresystems.com\/wp-content\/uploads\/2025\/07\/EPS-vertikaalloikur-HWS-Table-2-1.jpg 600w, https:\/\/www.hotwiresystems.com\/wp-content\/uploads\/2025\/07\/EPS-vertikaalloikur-HWS-Table-2-1-300x300.jpg 300w, https:\/\/www.hotwiresystems.com\/wp-content\/uploads\/2025\/07\/EPS-vertikaalloikur-HWS-Table-2-1-150x150.jpg 150w\" sizes=\"(max-width: 600px) 100vw, 600px\" \/>[\/vc_cta][\/vc_column][vc_column width=&#8221;1\/2&#8243;][vc_cta h2=&#8221;Stobra ECO&#8221; h4=&#8221;&#8220;T\u00f6\u00f6koja l\u00f5ikeseade&#8220;&#8221; h4_font_container=&#8221;tag:h3|text_align:center|color:%23ff9900&#8243; h4_google_fonts=&#8221;font_family:Raleway%3A100%2C200%2C300%2Cregular%2C500%2C600%2C700%2C800%2C900|font_style:500%20bold%20regular%3A500%3Anormal&#8221; txt_align=&#8221;center&#8221; shape=&#8221;square&#8221; style=&#8221;outline&#8221; add_button=&#8221;bottom&#8221; btn_title=&#8221;VAATA L\u00c4HEMALT&#8221; btn_style=&#8221;outline&#8221; btn_shape=&#8221;square&#8221; btn_color=&#8221;warning&#8221; btn_align=&#8221;center&#8221; css_animation=&#8221;none&#8221; css=&#8221;&#8221; use_custom_fonts_h4=&#8221;true&#8221; btn_link=&#8221;url:http%3A%2F%2Fwww.hotwiresystems.com%2Fet%2Fpenopolusturooli-loikur-stobra-eco%2F|title:Penoplasti%20l%C3%B5ikur%20Stobra%20ECO.%20Vaata%20rohkem%20infot.||&#8221;]<img loading=\"lazy\" decoding=\"async\" class=\"aligncenter wp-image-16366 size-full\" src=\"https:\/\/hotwiresystems.com\/wp-content\/uploads\/2025\/07\/Penopolustureeni-loikur-Stobra-ECO-ES02.png\" alt=\"Penopolustureeni-loikur-Stobra-ECO-ES02\" width=\"600\" height=\"600\" srcset=\"https:\/\/www.hotwiresystems.com\/wp-content\/uploads\/2025\/07\/Penopolustureeni-loikur-Stobra-ECO-ES02.png 600w, https:\/\/www.hotwiresystems.com\/wp-content\/uploads\/2025\/07\/Penopolustureeni-loikur-Stobra-ECO-ES02-300x300.png 300w, https:\/\/www.hotwiresystems.com\/wp-content\/uploads\/2025\/07\/Penopolustureeni-loikur-Stobra-ECO-ES02-150x150.png 150w\" sizes=\"(max-width: 600px) 100vw, 600px\" \/>[\/vc_cta][\/vc_column][\/vc_row][vc_row][vc_column][vc_custom_heading text=&#8221;Pakume kuumatraadi l\u00f5ikurid m\u00fc\u00fcgiks nii eraisikutele kui ka firmadele&#8221; font_container=&#8221;tag:h2|font_size:20|text_align:center|color:%23909090|line_height:3&#8243; use_theme_fonts=&#8221;yes&#8221;][\/vc_column][\/vc_row][vc_row][vc_column][vc_column_text css=&#8221;&#8221;]<\/p>\n<p style=\"text-align: left;\"><span style=\"font-size: 12pt; color: #000000;\"><strong>Asume Peetris (M\u00f5igu tehnopark) <\/strong>kuid saadame kuumatraadi l\u00f5ikurid mujalegi Eestisse ja kasutame selleks transpordifirma <a style=\"color: #000000;\" href=\"http:\/\/www.dpd.ee\" target=\"_blank\" rel=\"noopener noreferrer\"><strong>DPD<\/strong><\/a> uksest-ukseni teenuseid, <strong>CargoBus<\/strong> teenuseid, ning <strong>SmartPOSTi, UNISNED, DPD<\/strong> ja <strong>Omniva <\/strong>pakiautomaadid. Samuti saadame vahtpol\u00fcst\u00fcreeni l\u00f5ikeseadmeid Euroopa Liidu liikmesriikidesse.<\/span><\/p>\n<p>[\/vc_column_text][\/vc_column][\/vc_row][vc_row][vc_column][vc_separator color=&#8221;orange&#8221;][\/vc_column][\/vc_row][vc_row][vc_column][vc_column_text]<\/p>\n<p style=\"text-align: center;\"><span style=\"font-size: 24pt; color: #808080;\">Ei leidnud sobivat toodet?<\/span><\/p>\n<p>[\/vc_column_text][vc_btn title=&#8221;KIRJUTA MEILE&#8221; style=&#8221;outline&#8221; shape=&#8221;square&#8221; color=&#8221;blue&#8221; align=&#8221;center&#8221; css_animation=&#8221;none&#8221; css=&#8221;&#8221; link=&#8221;url:https%3A%2F%2Fhotwiresystems.com%2Fet%2Fkontakt%2F|title:V%C3%B5tke%20meiega%20%C3%BChendust!|target:_blank&#8221;][\/vc_column][\/vc_row][vc_column width=&#8221;1\/2&#8243;][\/vc_column][vc_column width=&#8221;1\/2&#8243;][\/vc_column]<\/p>\n<\/div><!-- AddThis Advanced Settings generic via filter on the_content --><!-- AddThis Share Buttons generic via filter on the_content -->","protected":false},"excerpt":{"rendered":"<p>[vc_row][vc_column][vc_column_text] Kuumatraadi l\u00f5ikurid [\/vc_column_text][\/vc_column][\/vc_row][vc_row][vc_column][vc_column_text] Parim valik erinevaid vahtpol\u00fcst\u00fcreeni (EPS, XPS)\u00a0l\u00f5ikeseadmeid mis sobivad nii tava- kui ka professionaalsele kasutajale erinevateks vajadusteks: modelleerimine, disain, ehitus, arhitektuur, pakkimine, tootmine, jne. [\/vc_column_text][vc_column_text] Pol\u00fcst\u00fcreeni EPS, XPS l\u00f5ikurid igale maitsele! [\/vc_column_text][\/vc_column][\/vc_row][vc_row][vc_column width=&#8221;1\/2&#8243;][vc_cta h2=&#8221;HWS-EASY!&#8221; h4=&#8221;&#8220;Klassikaline l\u00f5ikur&#8220;&#8221; h4_font_container=&#8221;tag:h3|text_align:center|color:%23ff9900&#8243; h4_google_fonts=&#8221;font_family:Raleway%3A100%2C200%2C300%2Cregular%2C500%2C600%2C700%2C800%2C900|font_style:500%20bold%20regular%3A500%3Anormal&#8221; txt_align=&#8221;center&#8221; shape=&#8221;square&#8221; style=&#8221;outline&#8221; add_button=&#8221;bottom&#8221; btn_title=&#8221;VAATA L\u00c4HEMALT&#8221; btn_style=&#8221;outline&#8221; btn_shape=&#8221;square&#8221; btn_color=&#8221;warning&#8221; btn_align=&#8221;center&#8221; css_animation=&#8221;none&#8221; css=&#8221;&#8221; use_custom_fonts_h4=&#8221;true&#8221; btn_link=&#8221;url:http%3A%2F%2Fwww.hotwiresystems.com%2Fet%2Fpenoplasti-loikur-hws-easy%2F|title:Penoplasti%20l%C3%B5ikur%20HWS-Easy!%20Vaata%20rohkem%20infot.||&#8221;][\/vc_cta][\/vc_column][vc_column [&hellip;]<!-- AddThis Advanced Settings generic via filter on get_the_excerpt --><!-- AddThis Share Buttons generic via filter on get_the_excerpt --><\/p>\n","protected":false},"author":2,"featured_media":16358,"parent":0,"menu_order":0,"comment_status":"closed","ping_status":"closed","template":"","meta":{"footnotes":""},"yoast_head":"<!-- This site is optimized with the Yoast SEO plugin v23.3 - https:\/\/yoast.com\/wordpress\/plugins\/seo\/ -->\n<title>Kuumatraadi l\u00f5ikurid | Penoplasti l\u00f5ikeseadmed igale maitsele<\/title>\n<meta name=\"description\" content=\"Parim valik erinevaid vahtpol\u00fcst\u00fcreeni l\u00f5ikeseadmeid mis sobivad nii tava- kui ka professionaalsele kasutajale. Laos kohe olemas!\" \/>\n<meta name=\"robots\" content=\"index, follow, max-snippet:-1, max-image-preview:large, max-video-preview:-1\" \/>\n<link rel=\"canonical\" href=\"https:\/\/hotwiresystems.com\/et\/tooted-kuumatraadi-loikurid\/\" \/>\n<meta property=\"og:locale\" content=\"et_EE\" \/>\n<meta property=\"og:type\" content=\"article\" \/>\n<meta property=\"og:title\" content=\"Kuumatraadi l\u00f5ikurid | Penoplasti l\u00f5ikeseadmed igale maitsele\" \/>\n<meta property=\"og:description\" content=\"Parim valik erinevaid vahtpol\u00fcst\u00fcreeni l\u00f5ikeseadmeid mis sobivad nii tava- kui ka professionaalsele kasutajale. Laos kohe olemas!\" \/>\n<meta property=\"og:url\" content=\"https:\/\/hotwiresystems.com\/et\/tooted-kuumatraadi-loikurid\/\" \/>\n<meta property=\"article:modified_time\" content=\"2025-07-18T11:56:52+00:00\" \/>\n<meta property=\"og:image\" content=\"https:\/\/hotwiresystems.com\/wp-content\/uploads\/2025\/07\/EPS-vertikaalloikur-HWS-Table-2-1.jpg\" \/>\n\t<meta property=\"og:image:width\" content=\"600\" \/>\n\t<meta property=\"og:image:height\" content=\"600\" \/>\n\t<meta property=\"og:image:type\" content=\"image\/jpeg\" \/>\n<meta name=\"twitter:label1\" content=\"Est. reading time\" \/>\n\t<meta name=\"twitter:data1\" content=\"2 minutes\" \/>\n<script type=\"application\/ld+json\" class=\"yoast-schema-graph\">{\"@context\":\"https:\/\/schema.org\",\"@graph\":[{\"@type\":\"WebPage\",\"@id\":\"https:\/\/hotwiresystems.com\/et\/tooted-kuumatraadi-loikurid\/\",\"url\":\"https:\/\/hotwiresystems.com\/et\/tooted-kuumatraadi-loikurid\/\",\"name\":\"Kuumatraadi l\u00f5ikurid | Penoplasti l\u00f5ikeseadmed igale maitsele\",\"isPartOf\":{\"@id\":\"https:\/\/hotwiresystems.com\/ru\/#website\"},\"primaryImageOfPage\":{\"@id\":\"https:\/\/hotwiresystems.com\/et\/tooted-kuumatraadi-loikurid\/#primaryimage\"},\"image\":{\"@id\":\"https:\/\/hotwiresystems.com\/et\/tooted-kuumatraadi-loikurid\/#primaryimage\"},\"thumbnailUrl\":\"https:\/\/www.hotwiresystems.com\/wp-content\/uploads\/2025\/07\/EPS-vertikaalloikur-HWS-Table-2-1.jpg\",\"datePublished\":\"2014-07-29T12:05:18+00:00\",\"dateModified\":\"2025-07-18T11:56:52+00:00\",\"description\":\"Parim valik erinevaid vahtpol\u00fcst\u00fcreeni l\u00f5ikeseadmeid mis sobivad nii tava- kui ka professionaalsele kasutajale. Laos kohe olemas!\",\"breadcrumb\":{\"@id\":\"https:\/\/hotwiresystems.com\/et\/tooted-kuumatraadi-loikurid\/#breadcrumb\"},\"inLanguage\":\"et-EE\",\"potentialAction\":[{\"@type\":\"ReadAction\",\"target\":[\"https:\/\/hotwiresystems.com\/et\/tooted-kuumatraadi-loikurid\/\"]}]},{\"@type\":\"ImageObject\",\"inLanguage\":\"et-EE\",\"@id\":\"https:\/\/hotwiresystems.com\/et\/tooted-kuumatraadi-loikurid\/#primaryimage\",\"url\":\"https:\/\/www.hotwiresystems.com\/wp-content\/uploads\/2025\/07\/EPS-vertikaalloikur-HWS-Table-2-1.jpg\",\"contentUrl\":\"https:\/\/www.hotwiresystems.com\/wp-content\/uploads\/2025\/07\/EPS-vertikaalloikur-HWS-Table-2-1.jpg\",\"width\":600,\"height\":600,\"caption\":\"EPS vertikaall\u00f5iku HWS-Table!\"},{\"@type\":\"BreadcrumbList\",\"@id\":\"https:\/\/hotwiresystems.com\/et\/tooted-kuumatraadi-loikurid\/#breadcrumb\",\"itemListElement\":[{\"@type\":\"ListItem\",\"position\":1,\"name\":\"Home\",\"item\":\"https:\/\/hotwiresystems.com\/et\/\"},{\"@type\":\"ListItem\",\"position\":2,\"name\":\"Kuumatraadi l\u00f5ikurid | Penoplasti l\u00f5ikeseadmed igale maitsele!\"}]},{\"@type\":\"WebSite\",\"@id\":\"https:\/\/hotwiresystems.com\/ru\/#website\",\"url\":\"https:\/\/hotwiresystems.com\/ru\/\",\"name\":\"\",\"description\":\"\",\"potentialAction\":[{\"@type\":\"SearchAction\",\"target\":{\"@type\":\"EntryPoint\",\"urlTemplate\":\"https:\/\/hotwiresystems.com\/ru\/?s={search_term_string}\"},\"query-input\":\"required name=search_term_string\"}],\"inLanguage\":\"et-EE\"}]}<\/script>\n<!-- \/ Yoast SEO plugin. -->","yoast_head_json":{"title":"Kuumatraadi l\u00f5ikurid | Penoplasti l\u00f5ikeseadmed igale maitsele","description":"Parim valik erinevaid vahtpol\u00fcst\u00fcreeni l\u00f5ikeseadmeid mis sobivad nii tava- kui ka professionaalsele kasutajale. Laos kohe olemas!","robots":{"index":"index","follow":"follow","max-snippet":"max-snippet:-1","max-image-preview":"max-image-preview:large","max-video-preview":"max-video-preview:-1"},"canonical":"https:\/\/hotwiresystems.com\/et\/tooted-kuumatraadi-loikurid\/","og_locale":"et_EE","og_type":"article","og_title":"Kuumatraadi l\u00f5ikurid | Penoplasti l\u00f5ikeseadmed igale maitsele","og_description":"Parim valik erinevaid vahtpol\u00fcst\u00fcreeni l\u00f5ikeseadmeid mis sobivad nii tava- kui ka professionaalsele kasutajale. Laos kohe olemas!","og_url":"https:\/\/hotwiresystems.com\/et\/tooted-kuumatraadi-loikurid\/","article_modified_time":"2025-07-18T11:56:52+00:00","og_image":[{"width":600,"height":600,"url":"https:\/\/hotwiresystems.com\/wp-content\/uploads\/2025\/07\/EPS-vertikaalloikur-HWS-Table-2-1.jpg","type":"image\/jpeg"}],"twitter_misc":{"Est. reading time":"2 minutes"},"schema":{"@context":"https:\/\/schema.org","@graph":[{"@type":"WebPage","@id":"https:\/\/hotwiresystems.com\/et\/tooted-kuumatraadi-loikurid\/","url":"https:\/\/hotwiresystems.com\/et\/tooted-kuumatraadi-loikurid\/","name":"Kuumatraadi l\u00f5ikurid | Penoplasti l\u00f5ikeseadmed igale maitsele","isPartOf":{"@id":"https:\/\/hotwiresystems.com\/ru\/#website"},"primaryImageOfPage":{"@id":"https:\/\/hotwiresystems.com\/et\/tooted-kuumatraadi-loikurid\/#primaryimage"},"image":{"@id":"https:\/\/hotwiresystems.com\/et\/tooted-kuumatraadi-loikurid\/#primaryimage"},"thumbnailUrl":"https:\/\/www.hotwiresystems.com\/wp-content\/uploads\/2025\/07\/EPS-vertikaalloikur-HWS-Table-2-1.jpg","datePublished":"2014-07-29T12:05:18+00:00","dateModified":"2025-07-18T11:56:52+00:00","description":"Parim valik erinevaid vahtpol\u00fcst\u00fcreeni l\u00f5ikeseadmeid mis sobivad nii tava- kui ka professionaalsele kasutajale. Laos kohe olemas!","breadcrumb":{"@id":"https:\/\/hotwiresystems.com\/et\/tooted-kuumatraadi-loikurid\/#breadcrumb"},"inLanguage":"et-EE","potentialAction":[{"@type":"ReadAction","target":["https:\/\/hotwiresystems.com\/et\/tooted-kuumatraadi-loikurid\/"]}]},{"@type":"ImageObject","inLanguage":"et-EE","@id":"https:\/\/hotwiresystems.com\/et\/tooted-kuumatraadi-loikurid\/#primaryimage","url":"https:\/\/www.hotwiresystems.com\/wp-content\/uploads\/2025\/07\/EPS-vertikaalloikur-HWS-Table-2-1.jpg","contentUrl":"https:\/\/www.hotwiresystems.com\/wp-content\/uploads\/2025\/07\/EPS-vertikaalloikur-HWS-Table-2-1.jpg","width":600,"height":600,"caption":"EPS vertikaall\u00f5iku HWS-Table!"},{"@type":"BreadcrumbList","@id":"https:\/\/hotwiresystems.com\/et\/tooted-kuumatraadi-loikurid\/#breadcrumb","itemListElement":[{"@type":"ListItem","position":1,"name":"Home","item":"https:\/\/hotwiresystems.com\/et\/"},{"@type":"ListItem","position":2,"name":"Kuumatraadi l\u00f5ikurid | Penoplasti l\u00f5ikeseadmed igale maitsele!"}]},{"@type":"WebSite","@id":"https:\/\/hotwiresystems.com\/ru\/#website","url":"https:\/\/hotwiresystems.com\/ru\/","name":"","description":"","potentialAction":[{"@type":"SearchAction","target":{"@type":"EntryPoint","urlTemplate":"https:\/\/hotwiresystems.com\/ru\/?s={search_term_string}"},"query-input":"required name=search_term_string"}],"inLanguage":"et-EE"}]}},"_links":{"self":[{"href":"https:\/\/www.hotwiresystems.com\/et\/wp-json\/wp\/v2\/pages\/2227"}],"collection":[{"href":"https:\/\/www.hotwiresystems.com\/et\/wp-json\/wp\/v2\/pages"}],"about":[{"href":"https:\/\/www.hotwiresystems.com\/et\/wp-json\/wp\/v2\/types\/page"}],"author":[{"embeddable":true,"href":"https:\/\/www.hotwiresystems.com\/et\/wp-json\/wp\/v2\/users\/2"}],"replies":[{"embeddable":true,"href":"https:\/\/www.hotwiresystems.com\/et\/wp-json\/wp\/v2\/comments?post=2227"}],"version-history":[{"count":5,"href":"https:\/\/www.hotwiresystems.com\/et\/wp-json\/wp\/v2\/pages\/2227\/revisions"}],"predecessor-version":[{"id":16374,"href":"https:\/\/www.hotwiresystems.com\/et\/wp-json\/wp\/v2\/pages\/2227\/revisions\/16374"}],"wp:featuredmedia":[{"embeddable":true,"href":"https:\/\/www.hotwiresystems.com\/et\/wp-json\/wp\/v2\/media\/16358"}],"wp:attachment":[{"href":"https:\/\/www.hotwiresystems.com\/et\/wp-json\/wp\/v2\/media?parent=2227"}],"curies":[{"name":"wp","href":"https:\/\/api.w.org\/{rel}","templated":true}]}}