{"id":2,"date":"2013-03-22T08:51:00","date_gmt":"2013-03-22T08:51:00","guid":{"rendered":"http:\/\/www.sergei.dev\/?page_id=2"},"modified":"2025-07-18T13:15:53","modified_gmt":"2025-07-18T11:15:53","slug":"firmast-penopolusturooli-loikeseadmed","status":"publish","type":"page","link":"https:\/\/www.hotwiresystems.com\/et\/firmast-penopolusturooli-loikeseadmed\/","title":{"rendered":"Firmast | Penopol\u00fcst\u00fcrooli l\u00f5ikeseadmed"},"content":{"rendered":"<div class=\"wpb-content-wrapper\"><p>[vc_row][vc_column][vc_column_text]<\/p>\n<h1><span style=\"font-size: 36pt; color: #808080;\">FIRMAST &#8211; <span style=\"color: #ff6600;\">HWS!<\/span><\/span><\/h1>\n<p>[\/vc_column_text][vc_column_text]<\/p>\n<p style=\"text-align: left;\"><span style=\"font-size: 12pt; color: #000000;\"><a style=\"color: #000000;\" title=\"Firmast | Penopol\u00fcst\u00fcrooli l\u00f5ikeseadmed &amp; Tarvikud\" href=\"\/?page_id=2\"><strong>Hotwire Systems O\u00dc<\/strong><\/a> on spetsialiseerunud penopol\u00fcst\u00fcrooli (vahtpol\u00fcst\u00fcrool &#8211; <strong>EPS<\/strong>, ekstrudeeritud pol\u00fcst\u00fcrool \u2013 <strong>XPS<\/strong>) l\u00f5ike- ja t\u00f6\u00f6tlemisseadmete <a style=\"color: #000000;\" title=\"Seadmete m\u00fc\u00fck | Vahtpol\u00fcst\u00fcreeni (EPS) l\u00f5ikeseadmed\" href=\"\/?page_id=183\">m\u00fc\u00fcgile,<\/a> <a style=\"color: #000000;\" title=\"Hooldus &amp; Remont\" href=\"\/?page_id=187\">hooldusele ja remondile.<\/a> Meie penopol\u00fcst\u00fcrooli l\u00f5ikeseadmed on universaalsed ja multifunktsionaalsed, samas aga v\u00e4ga lihtsad k\u00e4sitseda ning nad sobivad nii tava- kui ka professionaalsele kasutajale erinevateks vajadusteks: modelleerimine, disain, ehitus, arhitektuur, pakkimine, tootmine, jne.\u00a0Pakume penopol\u00fcst\u00fcrooli (<strong>EPS, XPS<\/strong>) l\u00f5ikeseadmed m\u00fc\u00fcgiks nii eraisikutele kui ka firmadele.\u00a0<\/span><\/p>\n<p style=\"text-align: left;\"><span style=\"font-size: 12pt; color: #000000;\"><strong>Kaubavalik<\/strong> on koostatud nii, et isegi\u00a0k\u00f5ige n\u00f5udlikum klient saaks tooteid valida erinevatest hinnagruppidest, olgu need siis tavaline taskukohane variant v\u00f5i multifunktsionaalsed ning professionaalsed l\u00f5ikeseadmed ja k\u00e4sil\u00f5ikurid.\u00a0<\/span><\/p>\n<h2 style=\"text-align: left;\"><span style=\"color: #ff6600; font-size: 14pt;\"><span style=\"text-decoration: underline;\">Meie p\u00f5hitooted on:<\/span><\/span><\/h2>\n<p>[\/vc_column_text][\/vc_column][\/vc_row][vc_row][vc_column][vc_column_text]<\/p>\n<ul style=\"list-style-type: circle;\">\n<li style=\"text-align: justify;\">\n<h3><span style=\"font-size: 14pt;\"><a title=\"Tooted | Kuumatraadi l\u00f5ikurid | Penoplasti l\u00f5ikepingid\" href=\"\/?page_id=2227\"><span style=\"color: #808080;\">Kuumatraadi l\u00f5ikurid<\/span><\/a><\/span><\/h3>\n<\/li>\n<li style=\"text-align: justify;\">\n<h3><span style=\"font-size: 14pt;\"><a title=\"Penoplasti kuumatraadi K\u00e4sil\u00f5ikur-HWS\" href=\"\/?page_id=2486\"><span style=\"color: #808080;\">Kuumatraadi k\u00e4sil\u00f5ikurid<\/span><\/a><\/span><\/h3>\n<\/li>\n<li style=\"text-align: justify;\">\n<h3><span style=\"font-size: 14pt; color: #808080;\"><a style=\"color: #808080;\" title=\"Penoplasti k\u00e4sil\u00f5ikur \u201cKuum nuga\u201d Styro-Cut 230\" href=\"\/?page_id=2451\"><span style=\"color: #808080;\">K\u00e4sil\u00f5ikurid <\/span><span style=\"color: #ff6600;\"><strong>&#8220;<\/strong><\/span><span style=\"color: #808080;\">KUUM NUGA<\/span><span style=\"color: #ff6600;\"><strong>&#8220;<\/strong><\/span><\/a><\/span><\/h3>\n<\/li>\n<li style=\"text-align: justify;\">\n<h3><span style=\"font-size: 14pt; color: #808080;\"><span style=\"color: #ff6600;\">CNC<\/span> pingid ja l\u00f5ikemasinad<\/span><\/h3>\n<\/li>\n<li style=\"text-align: justify;\">\n<h3><span style=\"font-size: 14pt;\"><a href=\"\/?page_id=5049\"><span style=\"color: #808080;\">L\u00f5iketraadid (<span style=\"color: #ff6600;\">NiCr, Titanium Alloy<\/span>)<\/span><\/a><\/span><\/h3>\n<\/li>\n<\/ul>\n<p>[\/vc_column_text][\/vc_column][\/vc_row][vc_row][vc_column][vc_column_text]<\/p>\n<p style=\"text-align: left;\"><span style=\"font-size: 12pt; color: #000000;\"><strong>Me pakume<\/strong> oma teenuseid ja penopol\u00fcst\u00fcrooli <a style=\"color: #000000;\" title=\"Mis on EPS? | Vahtpol\u00fcst\u00fcreeni omadused ja kasutusalad\" href=\"\/?page_id=4099\">(<strong>EPS, XPS<\/strong>) <\/a>l\u00f5ikureid nii Balti, Skandinaavia regiooni klientidele, kui ka klientidele kogu Euroopas. Oleme mitmete tuntud Euroopa kaubam\u00e4rkide maaletoojad ja esindajad Eestis.<\/span><\/p>\n<p>[\/vc_column_text][vc_column_text]<\/p>\n<p style=\"text-align: left;\"><span style=\"font-size: 12pt; color: #000000;\"><strong>Meie eesm\u00e4rgiks<\/strong> on aidata klientidel t\u00f5sta tootlikkust ja t\u00f6\u00f6 efektiivsust, parandada t\u00f6\u00f6 kvaliteeti, pakkuda kvaliteetseid, kasutuss\u00f5bralikke <a style=\"color: #000000;\" title=\"Tooted | Kuumatraadi l\u00f5ikurid | Penoplasti l\u00f5ikepingid\" href=\"\/?page_id=2227\">tooteid<\/a>, ning v\u00e4hendada kulusid ja tagada parimad tehnoloogilised lahendused.<\/span><\/p>\n<p>[\/vc_column_text][vc_column_text]<\/p>\n<p style=\"text-align: left;\"><span style=\"color: #000000; font-size: 12pt;\"><strong>Asume Peetris <\/strong>(M\u00f5igu Tehnopark), kuid saadame vahtpol\u00fcst\u00fcreeni <a style=\"color: #000000;\" title=\"Mis on EPS? | Vahtpol\u00fcst\u00fcreeni omadused ja kasutusalad\" href=\"\/?page_id=4099\"><strong>(EPS, EPS)<\/strong>\u00a0<\/a>l\u00f5ikeseadmeid mujalegi Eestisse\u00a0ja kasutame selleks transpordifirma\u00a0<a style=\"color: #000000;\" href=\"http:\/\/www.pakivedu.ee\/\" target=\"_blank\" rel=\"noopener noreferrer\">DPD<\/a>\u00a0uksest-ukseni teenuseid,<a style=\"color: #000000;\" href=\"http:\/\/www.cargobus.ee\/\" target=\"_blank\" rel=\"noopener noreferrer\">\u00a0CargoBus<\/a>\u00a0teenuseid, Itella SmartPost pakiautomaadid ja\u00a0<a style=\"color: #000000;\" href=\"http:\/\/www.omniva.ee\/\" target=\"_blank\" rel=\"noopener noreferrer\">Omniva<\/a>\u00a0pakiautomaadid.<\/span><\/p>\n<p>[\/vc_column_text][\/vc_column][\/vc_row][vc_row][vc_column][vc_column_text]<\/p>\n<blockquote>\n<h3 style=\"text-align: center;\"><span style=\"color: #ff6600;\">Meeldivat ja kasulikku koost\u00f6\u00f6d soovides:<\/span><br \/>\n<span style=\"color: #808080;\">Hotwire Systems O\u00dc meeskond!<\/span><\/h3>\n<\/blockquote>\n<p>[\/vc_column_text][\/vc_column][\/vc_row][vc_row][vc_column][vc_separator color=&#8221;orange&#8221;][\/vc_column][\/vc_row][vc_row][vc_column][vc_btn title=&#8221;MEIE KONTAKTID&#8221; style=&#8221;outline&#8221; shape=&#8221;square&#8221; color=&#8221;blue&#8221; align=&#8221;left&#8221; i_align=&#8221;right&#8221; i_icon_fontawesome=&#8221;&#8221; css=&#8221;&#8221; add_icon=&#8221;true&#8221; link=&#8221;url:https%3A%2F%2Fhotwiresystems.com%2Fet%2Fkontakt%2F|title:Meie%20kontaktid!&#8221;][\/vc_column][\/vc_row]<\/p>\n<\/div><!-- AddThis Advanced Settings generic via filter on the_content --><!-- AddThis Share Buttons generic via filter on the_content -->","protected":false},"excerpt":{"rendered":"<p>[vc_row][vc_column][vc_column_text] FIRMAST &#8211; HWS! [\/vc_column_text][vc_column_text] Hotwire Systems O\u00dc on spetsialiseerunud penopol\u00fcst\u00fcrooli (vahtpol\u00fcst\u00fcrool &#8211; EPS, ekstrudeeritud pol\u00fcst\u00fcrool \u2013 XPS) l\u00f5ike- ja t\u00f6\u00f6tlemisseadmete m\u00fc\u00fcgile, hooldusele ja remondile. Meie penopol\u00fcst\u00fcrooli l\u00f5ikeseadmed on universaalsed ja multifunktsionaalsed, samas aga v\u00e4ga lihtsad k\u00e4sitseda ning nad sobivad nii tava- kui ka professionaalsele kasutajale erinevateks vajadusteks: modelleerimine, disain, ehitus, arhitektuur, pakkimine, tootmine, jne.\u00a0Pakume [&hellip;]<!-- AddThis Advanced Settings generic via filter on get_the_excerpt --><!-- AddThis Share Buttons generic via filter on get_the_excerpt --><\/p>\n","protected":false},"author":1,"featured_media":16317,"parent":0,"menu_order":0,"comment_status":"closed","ping_status":"closed","template":"","meta":{"footnotes":""},"yoast_head":"<!-- This site is optimized with the Yoast SEO plugin v23.3 - https:\/\/yoast.com\/wordpress\/plugins\/seo\/ -->\n<title>Penopol\u00fcst\u00fcrooli l\u00f5ikeseadmed &amp; CNC L\u00f5iketeenused!<\/title>\n<meta name=\"description\" content=\"Penopol\u00fcst\u00fcrooli (EPS) l\u00f5ikeseadmed on usaldusv\u00e4\u00e4rsed abimehed nii lihtsamate t\u00f6\u00f6de tegemisel, kui ka keerulisemate disainerit\u00f6\u00f6de t\u00e4itmisel.\" \/>\n<meta name=\"robots\" content=\"index, follow, max-snippet:-1, max-image-preview:large, max-video-preview:-1\" \/>\n<link rel=\"canonical\" href=\"https:\/\/hotwiresystems.com\/et\/firmast-penopolusturooli-loikeseadmed\/\" \/>\n<meta property=\"og:locale\" content=\"et_EE\" \/>\n<meta property=\"og:type\" content=\"article\" \/>\n<meta property=\"og:title\" content=\"Penopol\u00fcst\u00fcrooli l\u00f5ikeseadmed &amp; CNC L\u00f5iketeenused!\" \/>\n<meta property=\"og:description\" content=\"Penopol\u00fcst\u00fcrooli (EPS) l\u00f5ikeseadmed on usaldusv\u00e4\u00e4rsed abimehed nii lihtsamate t\u00f6\u00f6de tegemisel, kui ka keerulisemate disainerit\u00f6\u00f6de t\u00e4itmisel.\" \/>\n<meta property=\"og:url\" content=\"https:\/\/hotwiresystems.com\/et\/firmast-penopolusturooli-loikeseadmed\/\" \/>\n<meta property=\"article:modified_time\" content=\"2025-07-18T11:15:53+00:00\" \/>\n<meta property=\"og:image\" content=\"https:\/\/hotwiresystems.com\/wp-content\/uploads\/2025\/07\/Vahtpolustureeni-loikur-HWS-Cutter-13.jpg\" \/>\n\t<meta property=\"og:image:width\" content=\"600\" \/>\n\t<meta property=\"og:image:height\" content=\"600\" \/>\n\t<meta property=\"og:image:type\" content=\"image\/jpeg\" \/>\n<meta name=\"twitter:label1\" content=\"Est. reading time\" \/>\n\t<meta name=\"twitter:data1\" content=\"2 minutes\" \/>\n<script type=\"application\/ld+json\" class=\"yoast-schema-graph\">{\"@context\":\"https:\/\/schema.org\",\"@graph\":[{\"@type\":\"WebPage\",\"@id\":\"https:\/\/hotwiresystems.com\/et\/firmast-penopolusturooli-loikeseadmed\/\",\"url\":\"https:\/\/hotwiresystems.com\/et\/firmast-penopolusturooli-loikeseadmed\/\",\"name\":\"Penopol\u00fcst\u00fcrooli l\u00f5ikeseadmed & CNC L\u00f5iketeenused!\",\"isPartOf\":{\"@id\":\"https:\/\/hotwiresystems.com\/ru\/#website\"},\"primaryImageOfPage\":{\"@id\":\"https:\/\/hotwiresystems.com\/et\/firmast-penopolusturooli-loikeseadmed\/#primaryimage\"},\"image\":{\"@id\":\"https:\/\/hotwiresystems.com\/et\/firmast-penopolusturooli-loikeseadmed\/#primaryimage\"},\"thumbnailUrl\":\"https:\/\/www.hotwiresystems.com\/wp-content\/uploads\/2025\/07\/Vahtpolustureeni-loikur-HWS-Cutter-13.jpg\",\"datePublished\":\"2013-03-22T08:51:00+00:00\",\"dateModified\":\"2025-07-18T11:15:53+00:00\",\"description\":\"Penopol\u00fcst\u00fcrooli (EPS) l\u00f5ikeseadmed on usaldusv\u00e4\u00e4rsed abimehed nii lihtsamate t\u00f6\u00f6de tegemisel, kui ka keerulisemate disainerit\u00f6\u00f6de t\u00e4itmisel.\",\"breadcrumb\":{\"@id\":\"https:\/\/hotwiresystems.com\/et\/firmast-penopolusturooli-loikeseadmed\/#breadcrumb\"},\"inLanguage\":\"et-EE\",\"potentialAction\":[{\"@type\":\"ReadAction\",\"target\":[\"https:\/\/hotwiresystems.com\/et\/firmast-penopolusturooli-loikeseadmed\/\"]}]},{\"@type\":\"ImageObject\",\"inLanguage\":\"et-EE\",\"@id\":\"https:\/\/hotwiresystems.com\/et\/firmast-penopolusturooli-loikeseadmed\/#primaryimage\",\"url\":\"https:\/\/www.hotwiresystems.com\/wp-content\/uploads\/2025\/07\/Vahtpolustureeni-loikur-HWS-Cutter-13.jpg\",\"contentUrl\":\"https:\/\/www.hotwiresystems.com\/wp-content\/uploads\/2025\/07\/Vahtpolustureeni-loikur-HWS-Cutter-13.jpg\",\"width\":600,\"height\":600,\"caption\":\"Vahtpol\u00fcst\u00fcreeni l\u00f5ikur HWS-Cutter!\"},{\"@type\":\"BreadcrumbList\",\"@id\":\"https:\/\/hotwiresystems.com\/et\/firmast-penopolusturooli-loikeseadmed\/#breadcrumb\",\"itemListElement\":[{\"@type\":\"ListItem\",\"position\":1,\"name\":\"Home\",\"item\":\"https:\/\/hotwiresystems.com\/et\/\"},{\"@type\":\"ListItem\",\"position\":2,\"name\":\"Firmast | Penopol\u00fcst\u00fcrooli l\u00f5ikeseadmed\"}]},{\"@type\":\"WebSite\",\"@id\":\"https:\/\/hotwiresystems.com\/ru\/#website\",\"url\":\"https:\/\/hotwiresystems.com\/ru\/\",\"name\":\"\",\"description\":\"\",\"potentialAction\":[{\"@type\":\"SearchAction\",\"target\":{\"@type\":\"EntryPoint\",\"urlTemplate\":\"https:\/\/hotwiresystems.com\/ru\/?s={search_term_string}\"},\"query-input\":\"required name=search_term_string\"}],\"inLanguage\":\"et-EE\"}]}<\/script>\n<!-- \/ Yoast SEO plugin. -->","yoast_head_json":{"title":"Penopol\u00fcst\u00fcrooli l\u00f5ikeseadmed & CNC L\u00f5iketeenused!","description":"Penopol\u00fcst\u00fcrooli (EPS) l\u00f5ikeseadmed on usaldusv\u00e4\u00e4rsed abimehed nii lihtsamate t\u00f6\u00f6de tegemisel, kui ka keerulisemate disainerit\u00f6\u00f6de t\u00e4itmisel.","robots":{"index":"index","follow":"follow","max-snippet":"max-snippet:-1","max-image-preview":"max-image-preview:large","max-video-preview":"max-video-preview:-1"},"canonical":"https:\/\/hotwiresystems.com\/et\/firmast-penopolusturooli-loikeseadmed\/","og_locale":"et_EE","og_type":"article","og_title":"Penopol\u00fcst\u00fcrooli l\u00f5ikeseadmed & CNC L\u00f5iketeenused!","og_description":"Penopol\u00fcst\u00fcrooli (EPS) l\u00f5ikeseadmed on usaldusv\u00e4\u00e4rsed abimehed nii lihtsamate t\u00f6\u00f6de tegemisel, kui ka keerulisemate disainerit\u00f6\u00f6de t\u00e4itmisel.","og_url":"https:\/\/hotwiresystems.com\/et\/firmast-penopolusturooli-loikeseadmed\/","article_modified_time":"2025-07-18T11:15:53+00:00","og_image":[{"width":600,"height":600,"url":"https:\/\/hotwiresystems.com\/wp-content\/uploads\/2025\/07\/Vahtpolustureeni-loikur-HWS-Cutter-13.jpg","type":"image\/jpeg"}],"twitter_misc":{"Est. reading time":"2 minutes"},"schema":{"@context":"https:\/\/schema.org","@graph":[{"@type":"WebPage","@id":"https:\/\/hotwiresystems.com\/et\/firmast-penopolusturooli-loikeseadmed\/","url":"https:\/\/hotwiresystems.com\/et\/firmast-penopolusturooli-loikeseadmed\/","name":"Penopol\u00fcst\u00fcrooli l\u00f5ikeseadmed & CNC L\u00f5iketeenused!","isPartOf":{"@id":"https:\/\/hotwiresystems.com\/ru\/#website"},"primaryImageOfPage":{"@id":"https:\/\/hotwiresystems.com\/et\/firmast-penopolusturooli-loikeseadmed\/#primaryimage"},"image":{"@id":"https:\/\/hotwiresystems.com\/et\/firmast-penopolusturooli-loikeseadmed\/#primaryimage"},"thumbnailUrl":"https:\/\/www.hotwiresystems.com\/wp-content\/uploads\/2025\/07\/Vahtpolustureeni-loikur-HWS-Cutter-13.jpg","datePublished":"2013-03-22T08:51:00+00:00","dateModified":"2025-07-18T11:15:53+00:00","description":"Penopol\u00fcst\u00fcrooli (EPS) l\u00f5ikeseadmed on usaldusv\u00e4\u00e4rsed abimehed nii lihtsamate t\u00f6\u00f6de tegemisel, kui ka keerulisemate disainerit\u00f6\u00f6de t\u00e4itmisel.","breadcrumb":{"@id":"https:\/\/hotwiresystems.com\/et\/firmast-penopolusturooli-loikeseadmed\/#breadcrumb"},"inLanguage":"et-EE","potentialAction":[{"@type":"ReadAction","target":["https:\/\/hotwiresystems.com\/et\/firmast-penopolusturooli-loikeseadmed\/"]}]},{"@type":"ImageObject","inLanguage":"et-EE","@id":"https:\/\/hotwiresystems.com\/et\/firmast-penopolusturooli-loikeseadmed\/#primaryimage","url":"https:\/\/www.hotwiresystems.com\/wp-content\/uploads\/2025\/07\/Vahtpolustureeni-loikur-HWS-Cutter-13.jpg","contentUrl":"https:\/\/www.hotwiresystems.com\/wp-content\/uploads\/2025\/07\/Vahtpolustureeni-loikur-HWS-Cutter-13.jpg","width":600,"height":600,"caption":"Vahtpol\u00fcst\u00fcreeni l\u00f5ikur HWS-Cutter!"},{"@type":"BreadcrumbList","@id":"https:\/\/hotwiresystems.com\/et\/firmast-penopolusturooli-loikeseadmed\/#breadcrumb","itemListElement":[{"@type":"ListItem","position":1,"name":"Home","item":"https:\/\/hotwiresystems.com\/et\/"},{"@type":"ListItem","position":2,"name":"Firmast | Penopol\u00fcst\u00fcrooli l\u00f5ikeseadmed"}]},{"@type":"WebSite","@id":"https:\/\/hotwiresystems.com\/ru\/#website","url":"https:\/\/hotwiresystems.com\/ru\/","name":"","description":"","potentialAction":[{"@type":"SearchAction","target":{"@type":"EntryPoint","urlTemplate":"https:\/\/hotwiresystems.com\/ru\/?s={search_term_string}"},"query-input":"required name=search_term_string"}],"inLanguage":"et-EE"}]}},"_links":{"self":[{"href":"https:\/\/www.hotwiresystems.com\/et\/wp-json\/wp\/v2\/pages\/2"}],"collection":[{"href":"https:\/\/www.hotwiresystems.com\/et\/wp-json\/wp\/v2\/pages"}],"about":[{"href":"https:\/\/www.hotwiresystems.com\/et\/wp-json\/wp\/v2\/types\/page"}],"author":[{"embeddable":true,"href":"https:\/\/www.hotwiresystems.com\/et\/wp-json\/wp\/v2\/users\/1"}],"replies":[{"embeddable":true,"href":"https:\/\/www.hotwiresystems.com\/et\/wp-json\/wp\/v2\/comments?post=2"}],"version-history":[{"count":5,"href":"https:\/\/www.hotwiresystems.com\/et\/wp-json\/wp\/v2\/pages\/2\/revisions"}],"predecessor-version":[{"id":3685,"href":"https:\/\/www.hotwiresystems.com\/et\/wp-json\/wp\/v2\/pages\/2\/revisions\/3685"}],"wp:featuredmedia":[{"embeddable":true,"href":"https:\/\/www.hotwiresystems.com\/et\/wp-json\/wp\/v2\/media\/16317"}],"wp:attachment":[{"href":"https:\/\/www.hotwiresystems.com\/et\/wp-json\/wp\/v2\/media?parent=2"}],"curies":[{"name":"wp","href":"https:\/\/api.w.org\/{rel}","templated":true}]}}