{"id":187,"date":"2013-11-07T17:01:16","date_gmt":"2013-11-07T15:01:16","guid":{"rendered":"http:\/\/www.sergei.dev\/?page_id=187"},"modified":"2025-07-18T13:30:00","modified_gmt":"2025-07-18T11:30:00","slug":"loikeseadmete-remont-ja-hooldus","status":"publish","type":"page","link":"https:\/\/www.hotwiresystems.com\/et\/loikeseadmete-remont-ja-hooldus\/","title":{"rendered":"Penopol\u00fcst\u00fcrooli l\u00f5ikeseadmete Hooldus ja Remont"},"content":{"rendered":"<div class=\"wpb-content-wrapper\"><p>[vc_row][vc_column][vc_column_text]<\/p>\n<h1><span style=\"font-size: 36pt; color: #808080;\">SEADMETE REMONT\u00a0<\/span><\/h1>\n<p>[\/vc_column_text][\/vc_column][\/vc_row][vc_row][vc_column][vc_column_text]<\/p>\n<p style=\"text-align: left;\"><span style=\"font-size: 12pt; color: #000000;\">Selleks, et tagada <strong>vahtpol\u00fcst\u00fcreeni <a style=\"color: #000000;\" title=\"Mis on EPS? | Vahtpol\u00fcst\u00fcreeni omadused ja kasutusalad\" href=\"\/?page_id=4099\"><strong>(<\/strong>EPS, XPS)<\/a><\/strong> l\u00f5ikeseadmete t\u00f6\u00f6korras olek ja tagada\u00a0t\u00f5rgeta t\u00f6\u00f6, on vaja j\u00e4rgida m\u00f5ningaid lihtsaid reegleid:<\/span><\/p>\n<ul style=\"list-style-type: circle; text-align: left;\">\n<li style=\"text-align: left;\"><span style=\"font-size: 12pt; color: #000000;\">Kasutama penolasti l\u00f5ikurid ja CNC l\u00f5ikeseadmeid vastavalt kasutusjuhendile.<\/span><\/li>\n<li style=\"text-align: left;\"><span style=\"font-size: 12pt; color: #000000;\">Teostama l\u00f5ikeseadmetele korrap\u00e4raselt ja \u00f5igeaegselt remondi-hooldust\u00f6id.<\/span><\/li>\n<\/ul>\n<p style=\"text-align: left;\"><span style=\"font-size: 12pt; color: #000000;\">Pakume <strong>remondi- ja hooldusteenust<\/strong>\u00a0l\u00f5ikeseadmetele ja t\u00f6\u00f6stusmasinatele nii olemasolevatele kui ka uutele klientidele.\u00a0Korrap\u00e4rane hooldus tagab l\u00f5ikeseadme pikema ekspluatatsiooni perioodi ning v\u00e4hendab edaspidiseid hooldus- ja remondikulusid.<\/span><\/p>\n<p>[\/vc_column_text][\/vc_column][\/vc_row][vc_row][vc_column][vc_separator color=&#8221;orange&#8221;][\/vc_column][\/vc_row][vc_row][vc_column][vc_column_text]<\/p>\n<h2><span style=\"font-size: 36pt; color: #808080;\">VARUOSAD\u00a0JA TARVIKUD<\/span><\/h2>\n<p>[\/vc_column_text][\/vc_column][\/vc_row][vc_row][vc_column][vc_column_text]<\/p>\n<p style=\"text-align: left;\"><span style=\"font-size: 12pt; color: #000000;\">Pakume meie poolt tarnitud penoplasti l\u00f5ikuritele ja CNC l\u00f5ikeseadmetele originaalseid varuosasid ja tarvikuid:\u00a0<\/span><\/p>\n<ul style=\"list-style-type: circle;\">\n<li style=\"text-align: left;\"><span style=\"font-size: 12pt; color: #000000;\">Terad: K\u00e4sil\u00f5ikuri &#8220;kuum nuga&#8221; sirged terad, kumerad terad<\/span><\/li>\n<li style=\"text-align: left;\"><span style=\"font-size: 12pt; color: #000000;\">Traadid: nikroom traat penoplasti l\u00f5ikuritele<\/span><\/li>\n<li style=\"text-align: left;\"><span style=\"font-size: 12pt; color: #000000;\">Transformaatorid<\/span><\/li>\n<li style=\"text-align: left;\"><span style=\"font-size: 12pt; color: #000000;\">Kinnitus tarvikud: poltid, mutrid.<\/span><\/li>\n<li style=\"text-align: left;\"><span style=\"font-size: 12pt; color: #000000;\">L\u00fclitid, j\u00e4lgl\u00fclitid<\/span><\/li>\n<\/ul>\n<p>[\/vc_column_text][\/vc_column][\/vc_row][vc_row][vc_column][vc_single_image image=&#8221;6158&#8243; img_size=&#8221;large&#8221; alignment=&#8221;center&#8221;][\/vc_column][\/vc_row][vc_row][vc_column][vc_column_text]<\/p>\n<p style=\"text-align: justify;\"><span style=\"font-size: 12pt;\"><strong><span style=\"color: #ff0000;\">ND!<\/span><\/strong> <span style=\"color: #000000;\">Selleks, et v\u00e4ltida h\u00e4ireid seadmete t\u00f6\u00f6s ja osade mittesobivust, soovitame kasutada ainult originaalseid ning kvaliteetseid komponente.<\/span><\/span><\/p>\n<p>[\/vc_column_text][\/vc_column][\/vc_row][vc_row][vc_column][vc_separator color=&#8221;orange&#8221;][\/vc_column][\/vc_row][vc_row][vc_column][vc_btn title=&#8221;MEIE KONTAKTID&#8221; style=&#8221;outline&#8221; shape=&#8221;square&#8221; color=&#8221;blue&#8221; align=&#8221;left&#8221; i_align=&#8221;right&#8221; i_icon_fontawesome=&#8221;&#8221; css=&#8221;&#8221; add_icon=&#8221;true&#8221; link=&#8221;url:https%3A%2F%2Fhotwiresystems.com%2Fet%2Fkontakt%2F|title:V%C3%B5tke%20meiega%20%C3%BChendust!&#8221;][\/vc_column][\/vc_row]<\/p>\n<\/div><!-- AddThis Advanced Settings generic via filter on the_content --><!-- AddThis Share Buttons generic via filter on the_content -->","protected":false},"excerpt":{"rendered":"<p>[vc_row][vc_column][vc_column_text] SEADMETE REMONT\u00a0 [\/vc_column_text][\/vc_column][\/vc_row][vc_row][vc_column][vc_column_text] Selleks, et tagada vahtpol\u00fcst\u00fcreeni (EPS, XPS) l\u00f5ikeseadmete t\u00f6\u00f6korras olek ja tagada\u00a0t\u00f5rgeta t\u00f6\u00f6, on vaja j\u00e4rgida m\u00f5ningaid lihtsaid reegleid: Kasutama penolasti l\u00f5ikurid ja CNC l\u00f5ikeseadmeid vastavalt kasutusjuhendile. Teostama l\u00f5ikeseadmetele korrap\u00e4raselt ja \u00f5igeaegselt remondi-hooldust\u00f6id. Pakume remondi- ja hooldusteenust\u00a0l\u00f5ikeseadmetele ja t\u00f6\u00f6stusmasinatele nii olemasolevatele kui ka uutele klientidele.\u00a0Korrap\u00e4rane hooldus tagab l\u00f5ikeseadme pikema ekspluatatsiooni perioodi ning [&hellip;]<!-- AddThis Advanced Settings generic via filter on get_the_excerpt --><!-- AddThis Share Buttons generic via filter on get_the_excerpt --><\/p>\n","protected":false},"author":1,"featured_media":16317,"parent":0,"menu_order":0,"comment_status":"closed","ping_status":"closed","template":"","meta":{"footnotes":""},"yoast_head":"<!-- This site is optimized with the Yoast SEO plugin v23.3 - https:\/\/yoast.com\/wordpress\/plugins\/seo\/ -->\n<title>Penopol\u00fcst\u00fcreeni l\u00f5ikeseadmete remont ja hooldus!<\/title>\n<meta name=\"description\" content=\"Penopol\u00fcst\u00fcreeni l\u00f5ikeseadmete remont ja hooldus. Pakume korralist remonditeenust ning varuosasid ja tarvikuid meie poolt tarnitud seadmetele.\" \/>\n<meta name=\"robots\" content=\"index, follow, max-snippet:-1, max-image-preview:large, max-video-preview:-1\" \/>\n<link rel=\"canonical\" href=\"https:\/\/hotwiresystems.com\/et\/loikeseadmete-remont-ja-hooldus\/\" \/>\n<meta property=\"og:locale\" content=\"et_EE\" \/>\n<meta property=\"og:type\" content=\"article\" \/>\n<meta property=\"og:title\" content=\"Penopol\u00fcst\u00fcreeni l\u00f5ikeseadmete remont ja hooldus!\" \/>\n<meta property=\"og:description\" content=\"Penopol\u00fcst\u00fcreeni l\u00f5ikeseadmete remont ja hooldus. Pakume korralist remonditeenust ning varuosasid ja tarvikuid meie poolt tarnitud seadmetele.\" \/>\n<meta property=\"og:url\" content=\"https:\/\/hotwiresystems.com\/et\/loikeseadmete-remont-ja-hooldus\/\" \/>\n<meta property=\"article:modified_time\" content=\"2025-07-18T11:30:00+00:00\" \/>\n<meta property=\"og:image\" content=\"https:\/\/hotwiresystems.com\/wp-content\/uploads\/2025\/07\/Vahtpolustureeni-loikur-HWS-Cutter-13.jpg\" \/>\n\t<meta property=\"og:image:width\" content=\"600\" \/>\n\t<meta property=\"og:image:height\" content=\"600\" \/>\n\t<meta property=\"og:image:type\" content=\"image\/jpeg\" \/>\n<meta name=\"twitter:label1\" content=\"Est. reading time\" \/>\n\t<meta name=\"twitter:data1\" content=\"2 minutes\" \/>\n<script type=\"application\/ld+json\" class=\"yoast-schema-graph\">{\"@context\":\"https:\/\/schema.org\",\"@graph\":[{\"@type\":\"WebPage\",\"@id\":\"https:\/\/hotwiresystems.com\/et\/loikeseadmete-remont-ja-hooldus\/\",\"url\":\"https:\/\/hotwiresystems.com\/et\/loikeseadmete-remont-ja-hooldus\/\",\"name\":\"Penopol\u00fcst\u00fcreeni l\u00f5ikeseadmete remont ja hooldus!\",\"isPartOf\":{\"@id\":\"https:\/\/hotwiresystems.com\/ru\/#website\"},\"primaryImageOfPage\":{\"@id\":\"https:\/\/hotwiresystems.com\/et\/loikeseadmete-remont-ja-hooldus\/#primaryimage\"},\"image\":{\"@id\":\"https:\/\/hotwiresystems.com\/et\/loikeseadmete-remont-ja-hooldus\/#primaryimage\"},\"thumbnailUrl\":\"https:\/\/hotwiresystems.com\/wp-content\/uploads\/2025\/07\/Vahtpolustureeni-loikur-HWS-Cutter-13.jpg\",\"datePublished\":\"2013-11-07T15:01:16+00:00\",\"dateModified\":\"2025-07-18T11:30:00+00:00\",\"description\":\"Penopol\u00fcst\u00fcreeni l\u00f5ikeseadmete remont ja hooldus. Pakume korralist remonditeenust ning varuosasid ja tarvikuid meie poolt tarnitud seadmetele.\",\"breadcrumb\":{\"@id\":\"https:\/\/hotwiresystems.com\/et\/loikeseadmete-remont-ja-hooldus\/#breadcrumb\"},\"inLanguage\":\"et-EE\",\"potentialAction\":[{\"@type\":\"ReadAction\",\"target\":[\"https:\/\/hotwiresystems.com\/et\/loikeseadmete-remont-ja-hooldus\/\"]}]},{\"@type\":\"ImageObject\",\"inLanguage\":\"et-EE\",\"@id\":\"https:\/\/hotwiresystems.com\/et\/loikeseadmete-remont-ja-hooldus\/#primaryimage\",\"url\":\"https:\/\/hotwiresystems.com\/wp-content\/uploads\/2025\/07\/Vahtpolustureeni-loikur-HWS-Cutter-13.jpg\",\"contentUrl\":\"https:\/\/hotwiresystems.com\/wp-content\/uploads\/2025\/07\/Vahtpolustureeni-loikur-HWS-Cutter-13.jpg\",\"width\":600,\"height\":600,\"caption\":\"Vahtpol\u00fcst\u00fcreeni l\u00f5ikur HWS-Cutter!\"},{\"@type\":\"BreadcrumbList\",\"@id\":\"https:\/\/hotwiresystems.com\/et\/loikeseadmete-remont-ja-hooldus\/#breadcrumb\",\"itemListElement\":[{\"@type\":\"ListItem\",\"position\":1,\"name\":\"Home\",\"item\":\"https:\/\/hotwiresystems.com\/et\/\"},{\"@type\":\"ListItem\",\"position\":2,\"name\":\"Penopol\u00fcst\u00fcrooli l\u00f5ikeseadmete Hooldus ja Remont\"}]},{\"@type\":\"WebSite\",\"@id\":\"https:\/\/hotwiresystems.com\/ru\/#website\",\"url\":\"https:\/\/hotwiresystems.com\/ru\/\",\"name\":\"\",\"description\":\"\",\"potentialAction\":[{\"@type\":\"SearchAction\",\"target\":{\"@type\":\"EntryPoint\",\"urlTemplate\":\"https:\/\/hotwiresystems.com\/ru\/?s={search_term_string}\"},\"query-input\":\"required name=search_term_string\"}],\"inLanguage\":\"et-EE\"}]}<\/script>\n<!-- \/ Yoast SEO plugin. -->","yoast_head_json":{"title":"Penopol\u00fcst\u00fcreeni l\u00f5ikeseadmete remont ja hooldus!","description":"Penopol\u00fcst\u00fcreeni l\u00f5ikeseadmete remont ja hooldus. Pakume korralist remonditeenust ning varuosasid ja tarvikuid meie poolt tarnitud seadmetele.","robots":{"index":"index","follow":"follow","max-snippet":"max-snippet:-1","max-image-preview":"max-image-preview:large","max-video-preview":"max-video-preview:-1"},"canonical":"https:\/\/hotwiresystems.com\/et\/loikeseadmete-remont-ja-hooldus\/","og_locale":"et_EE","og_type":"article","og_title":"Penopol\u00fcst\u00fcreeni l\u00f5ikeseadmete remont ja hooldus!","og_description":"Penopol\u00fcst\u00fcreeni l\u00f5ikeseadmete remont ja hooldus. Pakume korralist remonditeenust ning varuosasid ja tarvikuid meie poolt tarnitud seadmetele.","og_url":"https:\/\/hotwiresystems.com\/et\/loikeseadmete-remont-ja-hooldus\/","article_modified_time":"2025-07-18T11:30:00+00:00","og_image":[{"width":600,"height":600,"url":"https:\/\/hotwiresystems.com\/wp-content\/uploads\/2025\/07\/Vahtpolustureeni-loikur-HWS-Cutter-13.jpg","type":"image\/jpeg"}],"twitter_misc":{"Est. reading time":"2 minutes"},"schema":{"@context":"https:\/\/schema.org","@graph":[{"@type":"WebPage","@id":"https:\/\/hotwiresystems.com\/et\/loikeseadmete-remont-ja-hooldus\/","url":"https:\/\/hotwiresystems.com\/et\/loikeseadmete-remont-ja-hooldus\/","name":"Penopol\u00fcst\u00fcreeni l\u00f5ikeseadmete remont ja hooldus!","isPartOf":{"@id":"https:\/\/hotwiresystems.com\/ru\/#website"},"primaryImageOfPage":{"@id":"https:\/\/hotwiresystems.com\/et\/loikeseadmete-remont-ja-hooldus\/#primaryimage"},"image":{"@id":"https:\/\/hotwiresystems.com\/et\/loikeseadmete-remont-ja-hooldus\/#primaryimage"},"thumbnailUrl":"https:\/\/hotwiresystems.com\/wp-content\/uploads\/2025\/07\/Vahtpolustureeni-loikur-HWS-Cutter-13.jpg","datePublished":"2013-11-07T15:01:16+00:00","dateModified":"2025-07-18T11:30:00+00:00","description":"Penopol\u00fcst\u00fcreeni l\u00f5ikeseadmete remont ja hooldus. Pakume korralist remonditeenust ning varuosasid ja tarvikuid meie poolt tarnitud seadmetele.","breadcrumb":{"@id":"https:\/\/hotwiresystems.com\/et\/loikeseadmete-remont-ja-hooldus\/#breadcrumb"},"inLanguage":"et-EE","potentialAction":[{"@type":"ReadAction","target":["https:\/\/hotwiresystems.com\/et\/loikeseadmete-remont-ja-hooldus\/"]}]},{"@type":"ImageObject","inLanguage":"et-EE","@id":"https:\/\/hotwiresystems.com\/et\/loikeseadmete-remont-ja-hooldus\/#primaryimage","url":"https:\/\/hotwiresystems.com\/wp-content\/uploads\/2025\/07\/Vahtpolustureeni-loikur-HWS-Cutter-13.jpg","contentUrl":"https:\/\/hotwiresystems.com\/wp-content\/uploads\/2025\/07\/Vahtpolustureeni-loikur-HWS-Cutter-13.jpg","width":600,"height":600,"caption":"Vahtpol\u00fcst\u00fcreeni l\u00f5ikur HWS-Cutter!"},{"@type":"BreadcrumbList","@id":"https:\/\/hotwiresystems.com\/et\/loikeseadmete-remont-ja-hooldus\/#breadcrumb","itemListElement":[{"@type":"ListItem","position":1,"name":"Home","item":"https:\/\/hotwiresystems.com\/et\/"},{"@type":"ListItem","position":2,"name":"Penopol\u00fcst\u00fcrooli l\u00f5ikeseadmete Hooldus ja Remont"}]},{"@type":"WebSite","@id":"https:\/\/hotwiresystems.com\/ru\/#website","url":"https:\/\/hotwiresystems.com\/ru\/","name":"","description":"","potentialAction":[{"@type":"SearchAction","target":{"@type":"EntryPoint","urlTemplate":"https:\/\/hotwiresystems.com\/ru\/?s={search_term_string}"},"query-input":"required name=search_term_string"}],"inLanguage":"et-EE"}]}},"_links":{"self":[{"href":"https:\/\/www.hotwiresystems.com\/et\/wp-json\/wp\/v2\/pages\/187"}],"collection":[{"href":"https:\/\/www.hotwiresystems.com\/et\/wp-json\/wp\/v2\/pages"}],"about":[{"href":"https:\/\/www.hotwiresystems.com\/et\/wp-json\/wp\/v2\/types\/page"}],"author":[{"embeddable":true,"href":"https:\/\/www.hotwiresystems.com\/et\/wp-json\/wp\/v2\/users\/1"}],"replies":[{"embeddable":true,"href":"https:\/\/www.hotwiresystems.com\/et\/wp-json\/wp\/v2\/comments?post=187"}],"version-history":[{"count":5,"href":"https:\/\/www.hotwiresystems.com\/et\/wp-json\/wp\/v2\/pages\/187\/revisions"}],"predecessor-version":[{"id":16343,"href":"https:\/\/www.hotwiresystems.com\/et\/wp-json\/wp\/v2\/pages\/187\/revisions\/16343"}],"wp:featuredmedia":[{"embeddable":true,"href":"https:\/\/www.hotwiresystems.com\/et\/wp-json\/wp\/v2\/media\/16317"}],"wp:attachment":[{"href":"https:\/\/www.hotwiresystems.com\/et\/wp-json\/wp\/v2\/media?parent=187"}],"curies":[{"name":"wp","href":"https:\/\/api.w.org\/{rel}","templated":true}]}}