{"id":183,"date":"2013-11-07T16:58:00","date_gmt":"2013-11-07T14:58:00","guid":{"rendered":"http:\/\/www.sergei.dev\/?page_id=183"},"modified":"2025-07-18T13:28:17","modified_gmt":"2025-07-18T11:28:17","slug":"vahtpolustureeni-eps-loikepinkide-seadmete-muuk","status":"publish","type":"page","link":"https:\/\/www.hotwiresystems.com\/et\/vahtpolustureeni-eps-loikepinkide-seadmete-muuk\/","title":{"rendered":"Seadmete m\u00fc\u00fck | Vahtpol\u00fcst\u00fcreeni (EPS, XPS) l\u00f5ikeseadmed"},"content":{"rendered":"<div class=\"wpb-content-wrapper\"><p>[vc_row][vc_column][vc_column_text]<\/p>\n<h1 style=\"text-align: left;\"><span style=\"font-size: 36pt; color: #808080;\">SEADMETE M\u00dc\u00dcK<\/span><\/h1>\n<p>[\/vc_column_text][\/vc_column][\/vc_row][vc_row][vc_column][vc_column_text]<\/p>\n<p style=\"text-align: left;\"><span style=\"font-size: 12pt;\"><span style=\"color: #000000;\">Firma <a style=\"color: #000000;\" title=\"Firmast | Penopol\u00fcst\u00fcrooli l\u00f5ikeseadmed &amp; Tarvikud\" href=\"\/?page_id=2\"><strong>Hotwire Systems O\u00dc<\/strong> <\/a><\/span>pakub oma klientidele ainult kvaliteetseid ja j\u00e4releproovitud vahtpol\u00fcst\u00fcreeni (penopol\u00fcst\u00fcrooli &#8211;\u00a0<strong>EPS<\/strong>, <span style=\"color: #000000;\">ekstrudeeritud pol\u00fcst\u00fcrool \u2013 <strong>XPS)<\/strong>\u00a0l\u00f5ikureid. Meie isolatsioonimaterjalide\u00a0<a style=\"color: #000000;\" title=\"Mis on EPS? | Vahtpol\u00fcst\u00fcreeni omadused ja kasutusalad\" href=\"\/?page_id=4099\">(EPS, XPS)<\/a>\u00a0l\u00f5ikes\u00fcsteemidega saate vaevata t\u00f5sta efektiivsust ja tootlikkust kuni 150%, parandada t\u00f6\u00f6 kvaliteeti ja muuta tellimuste t\u00e4itmise paindlikumaks. Sellisel viisil saate kasu nii Teie ise kui ka \u00a0Teie klient \/ tellija. Meie vahtpol\u00fcst\u00fcreeni <strong><a style=\"color: #000000;\" title=\"Mis on EPS? | Vahtpol\u00fcst\u00fcreeni omadused ja kasutusalad\" href=\"\/?page_id=4099\">(EPS, XPS)<\/a>\u00a0<\/strong>l\u00f5ikeseadmed on usaldusv\u00e4\u00e4rsed abimehed nii lihtsamate t\u00f6\u00f6de tegemisel ja l\u00f5ikamisel kui ka keerulisemate disainerit\u00f6\u00f6de t\u00e4itmisel.<\/span><\/span><\/p>\n<h2 style=\"text-align: left;\"><span style=\"font-size: 18pt;\"><span style=\"color: #ff6600;\">L\u00f5ikeseadmete eelised:<\/span><\/span><\/h2>\n<ul style=\"list-style-type: circle;\">\n<li style=\"text-align: left;\"><span style=\"font-size: 12pt; color: #000000;\">Kiire tasuvus<\/span><\/li>\n<li style=\"text-align: left;\"><span style=\"color: #000000;\"><span style=\"font-size: 12pt;\">Multifunktsionaalsus,\u00a0<\/span><span style=\"font-size: 12pt;\">Mobiilsus<\/span><\/span><\/li>\n<li style=\"text-align: left;\"><span style=\"font-size: 12pt; color: #000000;\">K\u00f5rge tootlikkus ja efektiivsus<\/span><\/li>\n<li style=\"text-align: left;\"><span style=\"font-size: 12pt; color: #000000;\">L\u00fchema ajaga rohkem tehtud t\u00f6id<\/span><\/li>\n<li style=\"text-align: left;\"><span style=\"font-size: 12pt; color: #000000;\">Taskukohane hind (hind\/kvaliteet\/funktsionaalsus)<\/span><\/li>\n<li style=\"text-align: left;\"><span style=\"font-size: 12pt; color: #000000;\">K\u00f5rge kvaliteet, korrektsus (t\u00e4psed, sirged l\u00f5iked)<\/span><\/li>\n<li style=\"text-align: left;\"><span style=\"font-size: 12pt; color: #000000;\">Ei mustust, ei tolmu, ei peenikest pr\u00fcgi<\/span><\/li>\n<\/ul>\n<p>[\/vc_column_text][\/vc_column][\/vc_row][vc_row][vc_column][vc_separator color=&#8221;orange&#8221;][\/vc_column][\/vc_row][vc_row][vc_column][vc_column_text]<\/p>\n<h2 style=\"text-align: justify;\"><span style=\"font-size: 36pt; color: #808080;\">TOOTEVALIK<\/span><\/h2>\n<p>[\/vc_column_text][\/vc_column][\/vc_row][vc_row][vc_column][vc_column_text]<\/p>\n<p style=\"text-align: left;\"><span style=\"font-size: 12pt; color: #000000;\">Kaubavalik on koostatud nii, et isegi\u00a0k\u00f5ige n\u00f5udlikum klient saaks tooteid valida erinevatest hinnagruppidest, olgu need siis tavaline taskukohane variant v\u00f5i multifunktsionaalsed ning professionaalsed l\u00f5ikeseadmed, k\u00e4sil\u00f5ikurid ning CNC l\u00f5ikemasinad.\u00a0<\/span><\/p>\n<p>[\/vc_column_text][\/vc_column][\/vc_row][vc_row content_placement=&#8221;middle&#8221;][vc_column width=&#8221;1\/2&#8243;][vc_single_image image=&#8221;16317&#8243; img_size=&#8221;medium&#8221; alignment=&#8221;center&#8221; css=&#8221;&#8221;][\/vc_column][vc_column width=&#8221;1\/2&#8243;][vc_single_image image=&#8221;16333&#8243; img_size=&#8221;medium&#8221; alignment=&#8221;center&#8221; css=&#8221;&#8221;][\/vc_column][\/vc_row][vc_row][vc_column][vc_column_text]<\/p>\n<p style=\"text-align: left;\"><span style=\"font-size: 12pt; color: #000000;\">Penopol\u00fcst\u00fcreeni (vahtpol\u00fcst\u00fcrool \u2013\u00a0<strong>EPS<\/strong>, ekstrudeeritud pol\u00fcst\u00fcrool \u2013 <strong>XPS<\/strong>)\u00a0l\u00f5ikurid \/ l\u00f5ikeseadmed on v\u00e4ga t\u00e4psed, universaalsed ja neid on mugav k\u00e4sitseda. Kuumatraadi\u00a0l\u00f5ikepingid ja\u00a0k\u00e4siseadmed sobivad ehitajatele, disaineritele, arhitektidele, modelleerijatele ja k\u00f5ikidele neile, kes vajavad kiiret (l\u00f5ige tehakse m\u00f5ne sekundiga), t\u00e4pset (k\u00fcmnendikt\u00e4psusega), korrektset (ei j\u00e4\u00e4 tolmu ega mustust) l\u00f5iget ja isolatsioonimaterjalide\u00a0<a style=\"color: #000000;\" title=\"Mis on EPS? | Vahtpol\u00fcst\u00fcreeni omadused ja kasutusalad\" href=\"\/?page_id=4099\">(EPS, XPS)<\/a> t\u00f6\u00f6tlemist. Vahtpol\u00fcst\u00fcreeni l\u00f5ikeseadmed vastavad k\u00f5rgetele kvaliteedistandarditele ja EL sertifikaatidele.\u00a0<\/span><\/p>\n<p>[\/vc_column_text][\/vc_column][\/vc_row][vc_row][vc_column][vc_separator color=&#8221;orange&#8221;][\/vc_column][\/vc_row][vc_row][vc_column][vc_btn title=&#8221;MEIE KONTAKTID&#8221; style=&#8221;outline&#8221; shape=&#8221;square&#8221; color=&#8221;blue&#8221; align=&#8221;left&#8221; i_align=&#8221;right&#8221; i_icon_fontawesome=&#8221;&#8221; css=&#8221;&#8221; add_icon=&#8221;true&#8221; link=&#8221;url:https%3A%2F%2Fhotwiresystems.com%2Fet%2Fkontakt%2F|title:Saatke%20meile%20s%C3%B5num.&#8221;][\/vc_column][\/vc_row]<\/p>\n<\/div><!-- AddThis Advanced Settings generic via filter on the_content --><!-- AddThis Share Buttons generic via filter on the_content -->","protected":false},"excerpt":{"rendered":"<p>[vc_row][vc_column][vc_column_text] SEADMETE M\u00dc\u00dcK [\/vc_column_text][\/vc_column][\/vc_row][vc_row][vc_column][vc_column_text] Firma Hotwire Systems O\u00dc pakub oma klientidele ainult kvaliteetseid ja j\u00e4releproovitud vahtpol\u00fcst\u00fcreeni (penopol\u00fcst\u00fcrooli &#8211;\u00a0EPS, ekstrudeeritud pol\u00fcst\u00fcrool \u2013 XPS)\u00a0l\u00f5ikureid. Meie isolatsioonimaterjalide\u00a0(EPS, XPS)\u00a0l\u00f5ikes\u00fcsteemidega saate vaevata t\u00f5sta efektiivsust ja tootlikkust kuni 150%, parandada t\u00f6\u00f6 kvaliteeti ja muuta tellimuste t\u00e4itmise paindlikumaks. Sellisel viisil saate kasu nii Teie ise kui ka \u00a0Teie klient \/ tellija. Meie [&hellip;]<!-- AddThis Advanced Settings generic via filter on get_the_excerpt --><!-- AddThis Share Buttons generic via filter on get_the_excerpt --><\/p>\n","protected":false},"author":1,"featured_media":16317,"parent":0,"menu_order":0,"comment_status":"closed","ping_status":"closed","template":"","meta":{"footnotes":""},"yoast_head":"<!-- This site is optimized with the Yoast SEO plugin v23.3 - https:\/\/yoast.com\/wordpress\/plugins\/seo\/ -->\n<title>Seadmete m\u00fc\u00fck | Vahtpol\u00fcst\u00fcreeni (EPS) l\u00f5ikeseadmed!<\/title>\n<meta name=\"description\" content=\"Meie peamisteks tegevusvaldkondadeks on seadmete m\u00fc\u00fck penoplasti l\u00f5ikamiseks. Tooteportfelli kuuluvad traadiga l\u00f5ikurid, ning &quot;kuum nuga&quot;.\" \/>\n<meta name=\"robots\" content=\"index, follow, max-snippet:-1, max-image-preview:large, max-video-preview:-1\" \/>\n<link rel=\"canonical\" href=\"https:\/\/www.hotwiresystems.com\/et\/vahtpolustureeni-eps-loikepinkide-seadmete-muuk\/\" \/>\n<meta property=\"og:locale\" content=\"et_EE\" \/>\n<meta property=\"og:type\" content=\"article\" \/>\n<meta property=\"og:title\" content=\"Seadmete m\u00fc\u00fck | Vahtpol\u00fcst\u00fcreeni (EPS) l\u00f5ikeseadmed!\" \/>\n<meta property=\"og:description\" content=\"Meie peamisteks tegevusvaldkondadeks on seadmete m\u00fc\u00fck penoplasti l\u00f5ikamiseks. Tooteportfelli kuuluvad traadiga l\u00f5ikurid, ning &quot;kuum nuga&quot;.\" \/>\n<meta property=\"og:url\" content=\"https:\/\/www.hotwiresystems.com\/et\/vahtpolustureeni-eps-loikepinkide-seadmete-muuk\/\" \/>\n<meta property=\"article:modified_time\" content=\"2025-07-18T11:28:17+00:00\" \/>\n<meta property=\"og:image\" content=\"https:\/\/www.hotwiresystems.com\/wp-content\/uploads\/2025\/07\/Vahtpolustureeni-loikur-HWS-Cutter-13.jpg\" \/>\n\t<meta property=\"og:image:width\" content=\"600\" \/>\n\t<meta property=\"og:image:height\" content=\"600\" \/>\n\t<meta property=\"og:image:type\" content=\"image\/jpeg\" \/>\n<meta name=\"twitter:label1\" content=\"Est. reading time\" \/>\n\t<meta name=\"twitter:data1\" content=\"2 minutes\" \/>\n<script type=\"application\/ld+json\" class=\"yoast-schema-graph\">{\"@context\":\"https:\/\/schema.org\",\"@graph\":[{\"@type\":\"WebPage\",\"@id\":\"https:\/\/www.hotwiresystems.com\/et\/vahtpolustureeni-eps-loikepinkide-seadmete-muuk\/\",\"url\":\"https:\/\/www.hotwiresystems.com\/et\/vahtpolustureeni-eps-loikepinkide-seadmete-muuk\/\",\"name\":\"Seadmete m\u00fc\u00fck | Vahtpol\u00fcst\u00fcreeni (EPS) l\u00f5ikeseadmed!\",\"isPartOf\":{\"@id\":\"https:\/\/hotwiresystems.com\/ru\/#website\"},\"primaryImageOfPage\":{\"@id\":\"https:\/\/www.hotwiresystems.com\/et\/vahtpolustureeni-eps-loikepinkide-seadmete-muuk\/#primaryimage\"},\"image\":{\"@id\":\"https:\/\/www.hotwiresystems.com\/et\/vahtpolustureeni-eps-loikepinkide-seadmete-muuk\/#primaryimage\"},\"thumbnailUrl\":\"https:\/\/www.hotwiresystems.com\/wp-content\/uploads\/2025\/07\/Vahtpolustureeni-loikur-HWS-Cutter-13.jpg\",\"datePublished\":\"2013-11-07T14:58:00+00:00\",\"dateModified\":\"2025-07-18T11:28:17+00:00\",\"description\":\"Meie peamisteks tegevusvaldkondadeks on seadmete m\u00fc\u00fck penoplasti l\u00f5ikamiseks. Tooteportfelli kuuluvad traadiga l\u00f5ikurid, ning \\\"kuum nuga\\\".\",\"breadcrumb\":{\"@id\":\"https:\/\/www.hotwiresystems.com\/et\/vahtpolustureeni-eps-loikepinkide-seadmete-muuk\/#breadcrumb\"},\"inLanguage\":\"et-EE\",\"potentialAction\":[{\"@type\":\"ReadAction\",\"target\":[\"https:\/\/www.hotwiresystems.com\/et\/vahtpolustureeni-eps-loikepinkide-seadmete-muuk\/\"]}]},{\"@type\":\"ImageObject\",\"inLanguage\":\"et-EE\",\"@id\":\"https:\/\/www.hotwiresystems.com\/et\/vahtpolustureeni-eps-loikepinkide-seadmete-muuk\/#primaryimage\",\"url\":\"https:\/\/www.hotwiresystems.com\/wp-content\/uploads\/2025\/07\/Vahtpolustureeni-loikur-HWS-Cutter-13.jpg\",\"contentUrl\":\"https:\/\/www.hotwiresystems.com\/wp-content\/uploads\/2025\/07\/Vahtpolustureeni-loikur-HWS-Cutter-13.jpg\",\"width\":600,\"height\":600,\"caption\":\"Vahtpol\u00fcst\u00fcreeni l\u00f5ikur HWS-Cutter!\"},{\"@type\":\"BreadcrumbList\",\"@id\":\"https:\/\/www.hotwiresystems.com\/et\/vahtpolustureeni-eps-loikepinkide-seadmete-muuk\/#breadcrumb\",\"itemListElement\":[{\"@type\":\"ListItem\",\"position\":1,\"name\":\"Home\",\"item\":\"https:\/\/hotwiresystems.com\/et\/\"},{\"@type\":\"ListItem\",\"position\":2,\"name\":\"Seadmete m\u00fc\u00fck | Vahtpol\u00fcst\u00fcreeni (EPS, XPS) l\u00f5ikeseadmed\"}]},{\"@type\":\"WebSite\",\"@id\":\"https:\/\/hotwiresystems.com\/ru\/#website\",\"url\":\"https:\/\/hotwiresystems.com\/ru\/\",\"name\":\"\",\"description\":\"\",\"potentialAction\":[{\"@type\":\"SearchAction\",\"target\":{\"@type\":\"EntryPoint\",\"urlTemplate\":\"https:\/\/hotwiresystems.com\/ru\/?s={search_term_string}\"},\"query-input\":\"required name=search_term_string\"}],\"inLanguage\":\"et-EE\"}]}<\/script>\n<!-- \/ Yoast SEO plugin. -->","yoast_head_json":{"title":"Seadmete m\u00fc\u00fck | Vahtpol\u00fcst\u00fcreeni (EPS) l\u00f5ikeseadmed!","description":"Meie peamisteks tegevusvaldkondadeks on seadmete m\u00fc\u00fck penoplasti l\u00f5ikamiseks. Tooteportfelli kuuluvad traadiga l\u00f5ikurid, ning \"kuum nuga\".","robots":{"index":"index","follow":"follow","max-snippet":"max-snippet:-1","max-image-preview":"max-image-preview:large","max-video-preview":"max-video-preview:-1"},"canonical":"https:\/\/www.hotwiresystems.com\/et\/vahtpolustureeni-eps-loikepinkide-seadmete-muuk\/","og_locale":"et_EE","og_type":"article","og_title":"Seadmete m\u00fc\u00fck | Vahtpol\u00fcst\u00fcreeni (EPS) l\u00f5ikeseadmed!","og_description":"Meie peamisteks tegevusvaldkondadeks on seadmete m\u00fc\u00fck penoplasti l\u00f5ikamiseks. Tooteportfelli kuuluvad traadiga l\u00f5ikurid, ning \"kuum nuga\".","og_url":"https:\/\/www.hotwiresystems.com\/et\/vahtpolustureeni-eps-loikepinkide-seadmete-muuk\/","article_modified_time":"2025-07-18T11:28:17+00:00","og_image":[{"width":600,"height":600,"url":"https:\/\/www.hotwiresystems.com\/wp-content\/uploads\/2025\/07\/Vahtpolustureeni-loikur-HWS-Cutter-13.jpg","type":"image\/jpeg"}],"twitter_misc":{"Est. reading time":"2 minutes"},"schema":{"@context":"https:\/\/schema.org","@graph":[{"@type":"WebPage","@id":"https:\/\/www.hotwiresystems.com\/et\/vahtpolustureeni-eps-loikepinkide-seadmete-muuk\/","url":"https:\/\/www.hotwiresystems.com\/et\/vahtpolustureeni-eps-loikepinkide-seadmete-muuk\/","name":"Seadmete m\u00fc\u00fck | Vahtpol\u00fcst\u00fcreeni (EPS) l\u00f5ikeseadmed!","isPartOf":{"@id":"https:\/\/hotwiresystems.com\/ru\/#website"},"primaryImageOfPage":{"@id":"https:\/\/www.hotwiresystems.com\/et\/vahtpolustureeni-eps-loikepinkide-seadmete-muuk\/#primaryimage"},"image":{"@id":"https:\/\/www.hotwiresystems.com\/et\/vahtpolustureeni-eps-loikepinkide-seadmete-muuk\/#primaryimage"},"thumbnailUrl":"https:\/\/www.hotwiresystems.com\/wp-content\/uploads\/2025\/07\/Vahtpolustureeni-loikur-HWS-Cutter-13.jpg","datePublished":"2013-11-07T14:58:00+00:00","dateModified":"2025-07-18T11:28:17+00:00","description":"Meie peamisteks tegevusvaldkondadeks on seadmete m\u00fc\u00fck penoplasti l\u00f5ikamiseks. Tooteportfelli kuuluvad traadiga l\u00f5ikurid, ning \"kuum nuga\".","breadcrumb":{"@id":"https:\/\/www.hotwiresystems.com\/et\/vahtpolustureeni-eps-loikepinkide-seadmete-muuk\/#breadcrumb"},"inLanguage":"et-EE","potentialAction":[{"@type":"ReadAction","target":["https:\/\/www.hotwiresystems.com\/et\/vahtpolustureeni-eps-loikepinkide-seadmete-muuk\/"]}]},{"@type":"ImageObject","inLanguage":"et-EE","@id":"https:\/\/www.hotwiresystems.com\/et\/vahtpolustureeni-eps-loikepinkide-seadmete-muuk\/#primaryimage","url":"https:\/\/www.hotwiresystems.com\/wp-content\/uploads\/2025\/07\/Vahtpolustureeni-loikur-HWS-Cutter-13.jpg","contentUrl":"https:\/\/www.hotwiresystems.com\/wp-content\/uploads\/2025\/07\/Vahtpolustureeni-loikur-HWS-Cutter-13.jpg","width":600,"height":600,"caption":"Vahtpol\u00fcst\u00fcreeni l\u00f5ikur HWS-Cutter!"},{"@type":"BreadcrumbList","@id":"https:\/\/www.hotwiresystems.com\/et\/vahtpolustureeni-eps-loikepinkide-seadmete-muuk\/#breadcrumb","itemListElement":[{"@type":"ListItem","position":1,"name":"Home","item":"https:\/\/hotwiresystems.com\/et\/"},{"@type":"ListItem","position":2,"name":"Seadmete m\u00fc\u00fck | Vahtpol\u00fcst\u00fcreeni (EPS, XPS) l\u00f5ikeseadmed"}]},{"@type":"WebSite","@id":"https:\/\/hotwiresystems.com\/ru\/#website","url":"https:\/\/hotwiresystems.com\/ru\/","name":"","description":"","potentialAction":[{"@type":"SearchAction","target":{"@type":"EntryPoint","urlTemplate":"https:\/\/hotwiresystems.com\/ru\/?s={search_term_string}"},"query-input":"required name=search_term_string"}],"inLanguage":"et-EE"}]}},"_links":{"self":[{"href":"https:\/\/www.hotwiresystems.com\/et\/wp-json\/wp\/v2\/pages\/183"}],"collection":[{"href":"https:\/\/www.hotwiresystems.com\/et\/wp-json\/wp\/v2\/pages"}],"about":[{"href":"https:\/\/www.hotwiresystems.com\/et\/wp-json\/wp\/v2\/types\/page"}],"author":[{"embeddable":true,"href":"https:\/\/www.hotwiresystems.com\/et\/wp-json\/wp\/v2\/users\/1"}],"replies":[{"embeddable":true,"href":"https:\/\/www.hotwiresystems.com\/et\/wp-json\/wp\/v2\/comments?post=183"}],"version-history":[{"count":5,"href":"https:\/\/www.hotwiresystems.com\/et\/wp-json\/wp\/v2\/pages\/183\/revisions"}],"predecessor-version":[{"id":16342,"href":"https:\/\/www.hotwiresystems.com\/et\/wp-json\/wp\/v2\/pages\/183\/revisions\/16342"}],"wp:featuredmedia":[{"embeddable":true,"href":"https:\/\/www.hotwiresystems.com\/et\/wp-json\/wp\/v2\/media\/16317"}],"wp:attachment":[{"href":"https:\/\/www.hotwiresystems.com\/et\/wp-json\/wp\/v2\/media?parent=183"}],"curies":[{"name":"wp","href":"https:\/\/api.w.org\/{rel}","templated":true}]}}