{"id":18,"date":"2013-06-28T10:12:55","date_gmt":"2013-06-28T08:12:55","guid":{"rendered":"http:\/\/www.sergei.dev\/?page_id=18"},"modified":"2025-07-18T12:10:13","modified_gmt":"2025-07-18T10:10:13","slug":"kontakt","status":"publish","type":"page","link":"https:\/\/www.hotwiresystems.com\/et\/kontakt\/","title":{"rendered":"Kontakt | \u201cYour specialist for insulation cutting systems!\u201d"},"content":{"rendered":"<div class=\"wpb-content-wrapper\"><p>[vc_row][vc_column width=&#8221;1\/2&#8243;][vc_column_text]<\/p>\n<h1><span style=\"font-size: 36pt; color: #808080;\">Meie kontaktid!<\/span><\/h1>\n<p>[\/vc_column_text][\/vc_column][vc_column width=&#8221;1\/2&#8243;][vc_column_text]<\/p>\n<h2><span style=\"font-size: 36pt; color: #808080;\">Saatke meile s\u00f5num<\/span><\/h2>\n<p>[\/vc_column_text][\/vc_column][\/vc_row][vc_row][vc_column width=&#8221;1\/2&#8243;][vc_row_inner][vc_column_inner width=&#8221;1\/4&#8243;][vc_single_image image=&#8221;4382&#8243; img_size=&#8221;50&#215;50&#8243; alignment=&#8221;right&#8221;][\/vc_column_inner][vc_column_inner width=&#8221;3\/4&#8243;][vc_column_text]<\/p>\n<h3 style=\"text-align: left;\"><span style=\"font-size: 24pt; color: #ff6600;\">Hotwire Systems O\u00dc<\/span><\/h3>\n<h6><span style=\"font-size: 14pt; color: #808080;\">Reg # 12444328<\/span><\/h6>\n<h6><span style=\"font-size: 14pt; color: #808080;\">KMKR #\u00a0EE101649234<\/span><\/h6>\n<p>[\/vc_column_text][vc_column_text]<\/p>\n<h6><span style=\"font-size: 18pt; color: #ff6600;\">OLEME AVATUD:<\/span><\/h6>\n<h6><span style=\"font-size: 14pt; color: #808080;\">(E-R) 09:01 &#8211; 16:59<\/span><\/h6>\n<p>[\/vc_column_text][\/vc_column_inner][\/vc_row_inner][vc_row_inner][vc_column_inner width=&#8221;1\/4&#8243;][vc_single_image image=&#8221;4384&#8243; img_size=&#8221;50&#215;50&#8243; alignment=&#8221;right&#8221; onclick=&#8221;custom_link&#8221; img_link_target=&#8221;_blank&#8221; link=&#8221;https:\/\/www.google.ee\/maps\/place\/Hotwire+Systems+O%C3%9C\/@59.428922,24.8310042,17z\/data=!4m2!3m1!1s0x4692eca3615ef461:0xbd880e779b39ff8&#8243;][\/vc_column_inner][vc_column_inner width=&#8221;3\/4&#8243;][vc_column_text]<\/p>\n<h6 style=\"text-align: left;\"><span style=\"font-size: 14pt; color: #808080;\">Treiali tee 2 (boks 8)<\/span><\/h6>\n<h6 style=\"text-align: left;\"><span style=\"font-size: 14pt; color: #808080;\">75312 Peetri alevik, Rae vald,\u00a0<\/span><span style=\"font-size: 14pt; color: #808080;\">Eesti<\/span><\/h6>\n<h6 style=\"text-align: left;\"><span style=\"font-size: 14pt; color: #ff6600;\">(M\u00f5igu tehnopark)<\/span><\/h6>\n<p>[\/vc_column_text][\/vc_column_inner][\/vc_row_inner][vc_row_inner][vc_column_inner width=&#8221;1\/4&#8243;][vc_single_image image=&#8221;4385&#8243; img_size=&#8221;50&#215;50&#8243; alignment=&#8221;right&#8221;][\/vc_column_inner][vc_column_inner width=&#8221;3\/4&#8243;][vc_column_text]<\/p>\n<h6 style=\"text-align: left;\"><span style=\"font-size: 14pt; color: #808080;\">Mob: (+372) 527 6800<\/span><\/h6>\n<h6 style=\"text-align: left;\"><span style=\"font-size: 14pt; color: #808080;\">Tel: (+372) 658 5566<\/span><\/h6>\n<p>[\/vc_column_text][\/vc_column_inner][\/vc_row_inner][vc_row_inner][vc_column_inner width=&#8221;1\/4&#8243;][vc_single_image image=&#8221;4383&#8243; img_size=&#8221;50&#215;50&#8243; alignment=&#8221;right&#8221; onclick=&#8221;custom_link&#8221; img_link_target=&#8221;_blank&#8221; link=&#8221;mailto:info@kuumtraat.ee&#8221;][\/vc_column_inner][vc_column_inner width=&#8221;3\/4&#8243;][vc_empty_space height=&#8221;14&#8243;][vc_column_text]<\/p>\n<h6 style=\"text-align: left;\"><span style=\"font-size: 14pt; color: #808080;\"><a style=\"color: #808080;\" href=\"mailto:info@kuumtraat.ee\">info|@|kuumtraat.ee<\/a><\/span><\/h6>\n<p>[\/vc_column_text][\/vc_column_inner][\/vc_row_inner][\/vc_column][vc_column width=&#8221;1\/2&#8243;][vc_column_text]<\/p>\n<p style=\"text-align: left;\"><span style=\"font-size: 12pt;\">T\u00e4psema info saamiseks v\u00f5i tellimuse soritamiseks v\u00f5tke meiega \u00fchendust\u00a0t\u00e4ites alloleva p\u00e4ringu vormi.<\/span><\/p>\n<p>[\/vc_column_text][vc_column_text css=&#8221;&#8221;]<div class='fluentform ff-default fluentform_wrapper_1 ffs_default_wrap'><form data-form_id=\"1\" id=\"fluentform_1\" class=\"frm-fluent-form fluent_form_1 ff-el-form-top ff_form_instance_1_1 ff-form-loading ffs_default\" data-form_instance=\"ff_form_instance_1_1\" method=\"POST\" ><fieldset  style=\"border: none!important;margin: 0!important;padding: 0!important;background-color: transparent!important;box-shadow: none!important;outline: none!important; min-inline-size: 100%;\">\n                    <legend class=\"ff_screen_reader_title\" style=\"display: block; margin: 0!important;padding: 0!important;height: 0!important;text-indent: -999999px;width: 0!important;overflow:hidden;\">EE Kontakt<\/legend>        <div\n                style=\"display: none!important; position: absolute!important; transform: translateX(1000%)!important;\"\n                class=\"ff-el-group ff-hpsf-container\"\n        >\n            <div class=\"ff-el-input--label asterisk-right\">\n                <label for=\"ff_1_item_sf\" aria-label=\"Newsletter\">\n                    Newsletter                <\/label>\n            <\/div>\n            <div class=\"ff-el-input--content\">\n                <input type=\"text\"\n                       name=\"item_1__fluent_sf\"\n                       class=\"ff-el-form-control\"\n                       id=\"ff_1_item_sf\"\n                \/>\n            <\/div>\n        <\/div>\n        <input type='hidden' name='__fluent_form_embded_post_id' value='18' \/><input type=\"hidden\" id=\"_fluentform_1_fluentformnonce\" name=\"_fluentform_1_fluentformnonce\" value=\"ea31a52305\" \/><input type=\"hidden\" name=\"_wp_http_referer\" value=\"\/et\/wp-json\/wp\/v2\/pages\/18\" \/><div class='ff-el-group ff-el-form-hide_label'><div class=\"ff-el-input--label ff-el-is-required asterisk-right\"><label for='ff_1_input_text' id='label_ff_1_input_text' aria-label=\"Nimi\">Nimi<\/label><\/div><div class='ff-el-input--content'><input type=\"text\" name=\"input_text\" class=\"ff-el-form-control\" placeholder=\"Sisesta oma nimi *\" data-name=\"input_text\" id=\"ff_1_input_text\"  aria-invalid=\"false\" aria-required=true><\/div><\/div><div class='ff-el-group ff-el-form-hide_label'><div class=\"ff-el-input--label asterisk-right\"><label for='ff_1_input_text_1' id='label_ff_1_input_text_1' aria-label=\"Firma\">Firma<\/label><\/div><div class='ff-el-input--content'><input type=\"text\" name=\"input_text_1\" class=\"ff-el-form-control\" placeholder=\"Firma nimi (valikuline)\" data-name=\"input_text_1\" id=\"ff_1_input_text_1\"  aria-invalid=\"false\" aria-required=false><\/div><\/div><div class='ff-el-group ff-el-form-hide_label'><div class=\"ff-el-input--label ff-el-is-required asterisk-right\"><label for='ff_1_email' id='label_ff_1_email' aria-label=\"Email\">Email<\/label><\/div><div class='ff-el-input--content'><input type=\"email\" name=\"email\" id=\"ff_1_email\" class=\"ff-el-form-control\" placeholder=\"Sisesta e-posti aadress *\" data-name=\"email\"  aria-invalid=\"false\" aria-required=true><\/div><\/div><div class='ff-el-group ff-el-form-hide_label'><div class=\"ff-el-input--label asterisk-right\"><label for='ff_1_input_text_3' id='label_ff_1_input_text_3' aria-label=\"Telefon\">Telefon<\/label><\/div><div class='ff-el-input--content'><input type=\"text\" name=\"input_text_3\" class=\"ff-el-form-control\" placeholder=\"Kontakttelefon\" data-name=\"input_text_3\" id=\"ff_1_input_text_3\"  aria-invalid=\"false\" aria-required=false><\/div><\/div><div class='ff-el-group ff-el-form-hide_label'><div class=\"ff-el-input--label ff-el-is-required asterisk-right\"><label for='ff_1_description' id='label_ff_1_description' aria-label=\"S\u00f5num\">S\u00f5num<\/label><\/div><div class='ff-el-input--content'><textarea aria-required=\"true\" aria-labelledby=\"label_ff_1_description\" name=\"description\" id=\"ff_1_description\" class=\"ff-el-form-control\" placeholder=\"Sisesta oma s\u00f5num *\" rows=\"5\" cols=\"2\" data-name=\"description\" ><\/textarea><\/div><\/div><div class='ff-el-group ff-el-form-hide_label'><div class=\"ff-el-input--label ff-el-is-required asterisk-right\"><label   aria-label=\"GDPR\">GDPR<\/label><\/div><div class='ff-el-input--content'><div class='ff-el-form-check ff-el-form-check-'><label class='ff-el-form-check-label' for='checkbox_ef85e390dde8b6bd899d19d784284067'><input  type=\"checkbox\" name=\"checkbox[]\" data-name=\"checkbox\" class=\"ff-el-form-check-input ff-el-form-check-checkbox\" value=\"Olen teadlik, et siin vormil n\u00e4idatud andmeid kasutatakse ainult minuga \u00fchenduse v\u00f5tmiseks. Muudel p\u00f5hjuselt (turundus jms) neid andmeid ei kasutata.\"  id='checkbox_ef85e390dde8b6bd899d19d784284067' aria-label='Olen teadlik, et siin vormil n\u00e4idatud andmeid kasutatakse ainult minuga \u00fchenduse v\u00f5tmiseks. Muudel p\u00f5hjuselt (turundus jms) neid andmeid ei kasutata.' aria-invalid='false' aria-required=true> <span>Olen teadlik, et siin vormil n\u00e4idatud andmeid kasutatakse ainult minuga \u00fchenduse v\u00f5tmiseks. Muudel p\u00f5hjuselt (turundus jms) neid andmeid ei kasutata.<\/span><\/label><\/div><\/div><\/div><div class='ff-el-group  ff_list_buttons'><div class=\"ff-el-input--label ff-el-is-required asterisk-right\"><label   aria-label=\"Lahenda: 3+4=?\">Lahenda: 3+4=?<\/label><\/div><div class='ff-el-input--content'><div class='ff-el-form-check ff-el-form-check-'><label class='ff-el-form-check-label' for='input_radio_c578657a78ad79b0c9e04a79faac1a92'><input  type=\"radio\" name=\"input_radio\" data-name=\"input_radio\" class=\"ff-el-form-check-input ff-el-form-check-radio\" value=\"3\"  id='input_radio_c578657a78ad79b0c9e04a79faac1a92' aria-label='3' aria-invalid='false' aria-required=true> <span>3<\/span><\/label><\/div><div class='ff-el-form-check ff-el-form-check-'><label class='ff-el-form-check-label' for='input_radio_b224a3aa98de2fe0b03953e6993914ec'><input  type=\"radio\" name=\"input_radio\" data-name=\"input_radio\" class=\"ff-el-form-check-input ff-el-form-check-radio\" value=\"7\"  id='input_radio_b224a3aa98de2fe0b03953e6993914ec' aria-label='7' aria-invalid='false' aria-required=true> <span>7<\/span><\/label><\/div><div class='ff-el-form-check ff-el-form-check-'><label class='ff-el-form-check-label' for='input_radio_1dc49a687cac81decf72124f12dc3fa6'><input  type=\"radio\" name=\"input_radio\" data-name=\"input_radio\" class=\"ff-el-form-check-input ff-el-form-check-radio\" value=\"5\"  id='input_radio_1dc49a687cac81decf72124f12dc3fa6' aria-label='5' aria-invalid='false' aria-required=true> <span>5<\/span><\/label><\/div><div class='ff-el-form-check ff-el-form-check-'><label class='ff-el-form-check-label' for='input_radio_d2999030a20de0854bb6fe03c4928d91'><input  type=\"radio\" name=\"input_radio\" data-name=\"input_radio\" class=\"ff-el-form-check-input ff-el-form-check-radio\" value=\"9\"  id='input_radio_d2999030a20de0854bb6fe03c4928d91' aria-label='9' aria-invalid='false' aria-required=true> <span>9<\/span><\/label><\/div><\/div><\/div><div class='ff-el-group ff-text-left  has-conditions ff_submit_btn_wrapper ff_submit_btn_wrapper_custom'><button class=\"ff-btn ff-btn-submit ff-btn-lg ff_btn_style wpf_has_custom_css\" type=\"submit\" name=\"custom_submit_button-1_1\" data-name=\"custom_submit_button-1_1\"  aria-label=\"SAADA\">SAADA<\/button><style>form.fluent_form_1 .wpf_has_custom_css.ff-btn-submit { background-color:rgba(242, 124, 0, 1);border-color:rgba(242, 124, 0, 1);color:#ffffff;border-radius:1px;min-width:35%; }form.fluent_form_1 .wpf_has_custom_css.ff-btn-submit:hover { background-color:#ffffff;border-color:rgba(242, 124, 0, 1);color:rgba(242, 124, 0, 1);border-radius:1px;min-width:35%; } <\/style><\/div><\/fieldset><\/form><div id='fluentform_1_errors' class='ff-errors-in-stack ff_form_instance_1_1 ff-form-loading_errors ff_form_instance_1_1_errors'><\/div><\/div>            <script type=\"text\/javascript\">\n                window.fluent_form_ff_form_instance_1_1 = {\"id\":\"1\",\"settings\":{\"layout\":{\"labelPlacement\":\"top\",\"helpMessagePlacement\":\"with_label\",\"errorMessagePlacement\":\"inline\"},\"id\":\"1\",\"restrictions\":{\"denyEmptySubmission\":{\"enabled\":false}}},\"form_instance\":\"ff_form_instance_1_1\",\"form_id_selector\":\"fluentform_1\",\"rules\":{\"input_text\":{\"required\":{\"value\":true,\"message\":\"See v\\u00e4li on kohustuslik *\",\"global\":false,\"global_message\":\"This field is required\"}},\"input_text_1\":{\"required\":{\"value\":false,\"message\":\"This field is required\",\"global\":false,\"global_message\":\"This field is required\"}},\"email\":{\"required\":{\"value\":true,\"message\":\"See v\\u00e4li on kohustuslik *\",\"global\":false,\"global_message\":\"This field is required\"},\"email\":{\"value\":true,\"message\":\"This field must contain a valid email\",\"global\":false,\"global_message\":\"This field must contain a valid email\"}},\"input_text_3\":{\"required\":{\"value\":false,\"message\":\"This field is required\",\"global\":false,\"global_message\":\"This field is required\"}},\"description\":{\"required\":{\"value\":true,\"message\":\"This field is required\",\"global\":false,\"global_message\":\"This field is required\"}},\"checkbox\":{\"required\":{\"value\":true,\"message\":\"See v\\u00e4li on kohustuslik\",\"global\":false,\"global_message\":\"This field is required\"}},\"input_radio\":{\"required\":{\"value\":true,\"message\":\"This field is required\",\"global_message\":\"This field is required\",\"global\":true}}},\"debounce_time\":300,\"conditionals\":{\"custom_submit_button-1_1\":{\"type\":\"any\",\"status\":true,\"conditions\":[{\"field\":\"input_radio\",\"value\":\"7\",\"operator\":\"=\"}],\"condition_groups\":[{\"rules\":[{\"field\":\"\",\"value\":\"\",\"operator\":\"\"}],\"title\":\"\",\"isEditingTitle\":false,\"isPreviewOpen\":false,\"isGroupOpen\":true}]}}};\n                            <\/script>\n            [\/vc_column_text][\/vc_column][\/vc_row][vc_row][vc_column][vc_column_text]<\/p>\n<blockquote>\n<h3 style=\"text-align: center;\"><span style=\"font-size: 14pt; color: #ff6600;\">Esinduse k\u00fclastus tuleks eelnevalt telefoni v\u00f5i meili teel kokku leppida.<\/span><\/h3>\n<\/blockquote>\n<p>[\/vc_column_text][vc_gmaps link=&#8221;#E-8_JTNDaWZyYW1lJTIwc3JjJTNEJTIyaHR0cHMlM0ElMkYlMkZ3d3cuZ29vZ2xlLmNvbSUyRm1hcHMlMkZlbWJlZCUzRnBiJTNEJTIxMW0xOCUyMTFtMTIlMjExbTMlMjExZDIwMzEuMjQxMzk5MDU3OTkxJTIxMmQyNC44Mjg1OTM0MTYxNzEyNDUlMjEzZDU5LjM5NTY4NDkxMjc0MjQ2JTIxMm0zJTIxMWYwJTIxMmYwJTIxM2YwJTIxM20yJTIxMWkxMDI0JTIxMmk3NjglMjE0ZjEzLjElMjEzbTMlMjExbTIlMjExczB4NDY5MmViNzI5OGRiMDU3NSUyNTNBMHgxZTM4NTk3MmRmMzM4MmEyJTIxMnNUcmVpYWxpJTJCdGVlJTJCMiUyNTJDJTJCUGVldHJpJTI1MkMlMkI3NTMxMiUyQkhhcmp1JTJCbWFha29uZCUyMTVlMCUyMTNtMiUyMTFzZXQlMjEyc2VlJTIxNHYxNTI0NzczMjIwMjY5JTIyJTIwd2lkdGglM0QlMjI2MDAlMjIlMjBoZWlnaHQlM0QlMjI0NTAlMjIlMjBmcmFtZWJvcmRlciUzRCUyMjAlMjIlMjBzdHlsZSUzRCUyMmJvcmRlciUzQTAlMjIlMjBhbGxvd2Z1bGxzY3JlZW4lM0UlM0MlMkZpZnJhbWUlM0U=&#8221;][\/vc_column][\/vc_row]<\/p>\n<\/div><!-- AddThis Advanced Settings generic via filter on the_content --><!-- AddThis Share Buttons generic via filter on the_content -->","protected":false},"excerpt":{"rendered":"<p>[vc_row][vc_column width=&#8221;1\/2&#8243;][vc_column_text] Meie kontaktid! [\/vc_column_text][\/vc_column][vc_column width=&#8221;1\/2&#8243;][vc_column_text] Saatke meile s\u00f5num [\/vc_column_text][\/vc_column][\/vc_row][vc_row][vc_column width=&#8221;1\/2&#8243;][vc_row_inner][vc_column_inner width=&#8221;1\/4&#8243;][vc_single_image image=&#8221;4382&#8243; img_size=&#8221;50&#215;50&#8243; alignment=&#8221;right&#8221;][\/vc_column_inner][vc_column_inner width=&#8221;3\/4&#8243;][vc_column_text] Hotwire Systems O\u00dc Reg # 12444328 KMKR #\u00a0EE101649234 [\/vc_column_text][vc_column_text] OLEME AVATUD: (E-R) 09:01 &#8211; 16:59 [\/vc_column_text][\/vc_column_inner][\/vc_row_inner][vc_row_inner][vc_column_inner width=&#8221;1\/4&#8243;][vc_single_image image=&#8221;4384&#8243; img_size=&#8221;50&#215;50&#8243; alignment=&#8221;right&#8221; onclick=&#8221;custom_link&#8221; img_link_target=&#8221;_blank&#8221; link=&#8221;https:\/\/www.google.ee\/maps\/place\/Hotwire+Systems+O%C3%9C\/@59.428922,24.8310042,17z\/data=!4m2!3m1!1s0x4692eca3615ef461:0xbd880e779b39ff8&#8243;][\/vc_column_inner][vc_column_inner width=&#8221;3\/4&#8243;][vc_column_text] Treiali tee 2 (boks 8) 75312 Peetri alevik, Rae vald,\u00a0Eesti (M\u00f5igu tehnopark) [\/vc_column_text][\/vc_column_inner][\/vc_row_inner][vc_row_inner][vc_column_inner width=&#8221;1\/4&#8243;][vc_single_image image=&#8221;4385&#8243; [&hellip;]<!-- AddThis Advanced Settings generic via filter on get_the_excerpt --><!-- AddThis Share Buttons generic via filter on get_the_excerpt --><\/p>\n","protected":false},"author":1,"featured_media":12339,"parent":0,"menu_order":0,"comment_status":"closed","ping_status":"closed","template":"","meta":{"footnotes":""},"yoast_head":"<!-- This site is optimized with the Yoast SEO plugin v23.3 - https:\/\/yoast.com\/wordpress\/plugins\/seo\/ -->\n<title>Kontakt | Penoplasti l\u00f5ikurid ja CNC l\u00f5iketeenused -<\/title>\n<meta name=\"description\" content=\"Kontakt - Hotwire Systems O\u00dc - Penoplasti l\u00f5ikurid ja CNC l\u00f5iketeenused. Treiali tee 2, 75312 Peetri, Eesti. info@kuumtraat.ee | +372 5276800\" \/>\n<meta name=\"robots\" content=\"index, follow, max-snippet:-1, max-image-preview:large, max-video-preview:-1\" \/>\n<link rel=\"canonical\" href=\"https:\/\/www.hotwiresystems.com\/et\/kontakt\/\" \/>\n<meta property=\"og:locale\" content=\"et_EE\" \/>\n<meta property=\"og:type\" content=\"article\" \/>\n<meta property=\"og:title\" content=\"Kontakt | Penoplasti l\u00f5ikurid ja CNC l\u00f5iketeenused -\" \/>\n<meta property=\"og:description\" content=\"Kontakt - Hotwire Systems O\u00dc - Penoplasti l\u00f5ikurid ja CNC l\u00f5iketeenused. Treiali tee 2, 75312 Peetri, Eesti. info@kuumtraat.ee | +372 5276800\" \/>\n<meta property=\"og:url\" content=\"https:\/\/www.hotwiresystems.com\/et\/kontakt\/\" \/>\n<meta property=\"article:modified_time\" content=\"2025-07-18T10:10:13+00:00\" \/>\n<meta property=\"og:image\" content=\"https:\/\/www.hotwiresystems.com\/wp-content\/uploads\/2019\/05\/L\u00f5ikeseadmed.jpg\" \/>\n\t<meta property=\"og:image:width\" content=\"480\" \/>\n\t<meta property=\"og:image:height\" content=\"480\" \/>\n\t<meta property=\"og:image:type\" content=\"image\/jpeg\" \/>\n<meta name=\"twitter:label1\" content=\"Est. reading time\" \/>\n\t<meta name=\"twitter:data1\" content=\"2 minutes\" \/>\n<script type=\"application\/ld+json\" class=\"yoast-schema-graph\">{\"@context\":\"https:\/\/schema.org\",\"@graph\":[{\"@type\":\"WebPage\",\"@id\":\"https:\/\/www.hotwiresystems.com\/et\/kontakt\/\",\"url\":\"https:\/\/www.hotwiresystems.com\/et\/kontakt\/\",\"name\":\"Kontakt | Penoplasti l\u00f5ikurid ja CNC l\u00f5iketeenused -\",\"isPartOf\":{\"@id\":\"https:\/\/hotwiresystems.com\/#website\"},\"primaryImageOfPage\":{\"@id\":\"https:\/\/www.hotwiresystems.com\/et\/kontakt\/#primaryimage\"},\"image\":{\"@id\":\"https:\/\/www.hotwiresystems.com\/et\/kontakt\/#primaryimage\"},\"thumbnailUrl\":\"https:\/\/hotwiresystems.com\/wp-content\/uploads\/2019\/05\/L\u00f5ikeseadmed.jpg\",\"datePublished\":\"2013-06-28T08:12:55+00:00\",\"dateModified\":\"2025-07-18T10:10:13+00:00\",\"description\":\"Kontakt - Hotwire Systems O\u00dc - Penoplasti l\u00f5ikurid ja CNC l\u00f5iketeenused. Treiali tee 2, 75312 Peetri, Eesti. info@kuumtraat.ee | +372 5276800\",\"breadcrumb\":{\"@id\":\"https:\/\/www.hotwiresystems.com\/et\/kontakt\/#breadcrumb\"},\"inLanguage\":\"et-EE\",\"potentialAction\":[{\"@type\":\"ReadAction\",\"target\":[\"https:\/\/www.hotwiresystems.com\/et\/kontakt\/\"]}]},{\"@type\":\"ImageObject\",\"inLanguage\":\"et-EE\",\"@id\":\"https:\/\/www.hotwiresystems.com\/et\/kontakt\/#primaryimage\",\"url\":\"https:\/\/hotwiresystems.com\/wp-content\/uploads\/2019\/05\/L\u00f5ikeseadmed.jpg\",\"contentUrl\":\"https:\/\/hotwiresystems.com\/wp-content\/uploads\/2019\/05\/L\u00f5ikeseadmed.jpg\",\"width\":480,\"height\":480,\"caption\":\"Penoplasti l\u00f5ikeseadmed\"},{\"@type\":\"BreadcrumbList\",\"@id\":\"https:\/\/www.hotwiresystems.com\/et\/kontakt\/#breadcrumb\",\"itemListElement\":[{\"@type\":\"ListItem\",\"position\":1,\"name\":\"Home\",\"item\":\"https:\/\/www.hotwiresystems.com\/et\/\"},{\"@type\":\"ListItem\",\"position\":2,\"name\":\"Kontakt | \u201cYour specialist for insulation cutting systems!\u201d\"}]},{\"@type\":\"WebSite\",\"@id\":\"https:\/\/hotwiresystems.com\/#website\",\"url\":\"https:\/\/hotwiresystems.com\/\",\"name\":\"\",\"description\":\"\",\"potentialAction\":[{\"@type\":\"SearchAction\",\"target\":{\"@type\":\"EntryPoint\",\"urlTemplate\":\"https:\/\/hotwiresystems.com\/?s={search_term_string}\"},\"query-input\":\"required name=search_term_string\"}],\"inLanguage\":\"et-EE\"}]}<\/script>\n<!-- \/ Yoast SEO plugin. -->","yoast_head_json":{"title":"Kontakt | Penoplasti l\u00f5ikurid ja CNC l\u00f5iketeenused -","description":"Kontakt - Hotwire Systems O\u00dc - Penoplasti l\u00f5ikurid ja CNC l\u00f5iketeenused. Treiali tee 2, 75312 Peetri, Eesti. info@kuumtraat.ee | +372 5276800","robots":{"index":"index","follow":"follow","max-snippet":"max-snippet:-1","max-image-preview":"max-image-preview:large","max-video-preview":"max-video-preview:-1"},"canonical":"https:\/\/www.hotwiresystems.com\/et\/kontakt\/","og_locale":"et_EE","og_type":"article","og_title":"Kontakt | Penoplasti l\u00f5ikurid ja CNC l\u00f5iketeenused -","og_description":"Kontakt - Hotwire Systems O\u00dc - Penoplasti l\u00f5ikurid ja CNC l\u00f5iketeenused. Treiali tee 2, 75312 Peetri, Eesti. info@kuumtraat.ee | +372 5276800","og_url":"https:\/\/www.hotwiresystems.com\/et\/kontakt\/","article_modified_time":"2025-07-18T10:10:13+00:00","og_image":[{"width":480,"height":480,"url":"https:\/\/www.hotwiresystems.com\/wp-content\/uploads\/2019\/05\/L\u00f5ikeseadmed.jpg","type":"image\/jpeg"}],"twitter_misc":{"Est. reading time":"2 minutes"},"schema":{"@context":"https:\/\/schema.org","@graph":[{"@type":"WebPage","@id":"https:\/\/www.hotwiresystems.com\/et\/kontakt\/","url":"https:\/\/www.hotwiresystems.com\/et\/kontakt\/","name":"Kontakt | Penoplasti l\u00f5ikurid ja CNC l\u00f5iketeenused -","isPartOf":{"@id":"https:\/\/hotwiresystems.com\/#website"},"primaryImageOfPage":{"@id":"https:\/\/www.hotwiresystems.com\/et\/kontakt\/#primaryimage"},"image":{"@id":"https:\/\/www.hotwiresystems.com\/et\/kontakt\/#primaryimage"},"thumbnailUrl":"https:\/\/hotwiresystems.com\/wp-content\/uploads\/2019\/05\/L\u00f5ikeseadmed.jpg","datePublished":"2013-06-28T08:12:55+00:00","dateModified":"2025-07-18T10:10:13+00:00","description":"Kontakt - Hotwire Systems O\u00dc - Penoplasti l\u00f5ikurid ja CNC l\u00f5iketeenused. Treiali tee 2, 75312 Peetri, Eesti. info@kuumtraat.ee | +372 5276800","breadcrumb":{"@id":"https:\/\/www.hotwiresystems.com\/et\/kontakt\/#breadcrumb"},"inLanguage":"et-EE","potentialAction":[{"@type":"ReadAction","target":["https:\/\/www.hotwiresystems.com\/et\/kontakt\/"]}]},{"@type":"ImageObject","inLanguage":"et-EE","@id":"https:\/\/www.hotwiresystems.com\/et\/kontakt\/#primaryimage","url":"https:\/\/hotwiresystems.com\/wp-content\/uploads\/2019\/05\/L\u00f5ikeseadmed.jpg","contentUrl":"https:\/\/hotwiresystems.com\/wp-content\/uploads\/2019\/05\/L\u00f5ikeseadmed.jpg","width":480,"height":480,"caption":"Penoplasti l\u00f5ikeseadmed"},{"@type":"BreadcrumbList","@id":"https:\/\/www.hotwiresystems.com\/et\/kontakt\/#breadcrumb","itemListElement":[{"@type":"ListItem","position":1,"name":"Home","item":"https:\/\/www.hotwiresystems.com\/et\/"},{"@type":"ListItem","position":2,"name":"Kontakt | \u201cYour specialist for insulation cutting systems!\u201d"}]},{"@type":"WebSite","@id":"https:\/\/hotwiresystems.com\/#website","url":"https:\/\/hotwiresystems.com\/","name":"","description":"","potentialAction":[{"@type":"SearchAction","target":{"@type":"EntryPoint","urlTemplate":"https:\/\/hotwiresystems.com\/?s={search_term_string}"},"query-input":"required name=search_term_string"}],"inLanguage":"et-EE"}]}},"_links":{"self":[{"href":"https:\/\/www.hotwiresystems.com\/et\/wp-json\/wp\/v2\/pages\/18"}],"collection":[{"href":"https:\/\/www.hotwiresystems.com\/et\/wp-json\/wp\/v2\/pages"}],"about":[{"href":"https:\/\/www.hotwiresystems.com\/et\/wp-json\/wp\/v2\/types\/page"}],"author":[{"embeddable":true,"href":"https:\/\/www.hotwiresystems.com\/et\/wp-json\/wp\/v2\/users\/1"}],"replies":[{"embeddable":true,"href":"https:\/\/www.hotwiresystems.com\/et\/wp-json\/wp\/v2\/comments?post=18"}],"version-history":[{"count":5,"href":"https:\/\/www.hotwiresystems.com\/et\/wp-json\/wp\/v2\/pages\/18\/revisions"}],"predecessor-version":[{"id":16286,"href":"https:\/\/www.hotwiresystems.com\/et\/wp-json\/wp\/v2\/pages\/18\/revisions\/16286"}],"wp:featuredmedia":[{"embeddable":true,"href":"https:\/\/www.hotwiresystems.com\/et\/wp-json\/wp\/v2\/media\/12339"}],"wp:attachment":[{"href":"https:\/\/www.hotwiresystems.com\/et\/wp-json\/wp\/v2\/media?parent=18"}],"curies":[{"name":"wp","href":"https:\/\/api.w.org\/{rel}","templated":true}]}}