{"id":7976,"date":"2016-10-13T22:51:10","date_gmt":"2016-10-13T20:51:10","guid":{"rendered":"http:\/\/www.hotwiresystems.com\/es\/?page_id=7976"},"modified":"2019-09-25T09:12:30","modified_gmt":"2019-09-25T07:12:30","slug":"cortador-de-porexpan-cuchillo-caliente","status":"publish","type":"page","link":"https:\/\/www.hotwiresystems.com\/es\/cortador-de-porexpan-cuchillo-caliente\/","title":{"rendered":"Cortador de porexp\u00e1n | \u00abCuchillo caliente\u00bb Styro-Cut 140"},"content":{"rendered":"<div class=\"wpb-content-wrapper\"><p>[vc_row][vc_column][vc_column_text]<\/p>\n<h1 class=\"pagetitle\" style=\"text-align: center;\"><span style=\"font-size: 36pt; color: #808080;\">Cortador de porexp\u00e1n <\/span><span style=\"font-size: 36pt; color: #ff6600;\">STYRO-CUT <span style=\"color: #808080;\">140<span style=\"color: #ff6600;\">!<\/span><\/span><\/span><\/h1>\n<p>[\/vc_column_text][\/vc_column][\/vc_row][vc_row][vc_column][vc_column_text]<\/p>\n<blockquote><p><span style=\"font-size: 18pt; color: #ff6600;\">\u00a1Trabajo con Filigrana y <span style=\"color: #808080;\">Empleo r\u00e1pido<\/span>!<\/span><\/p><\/blockquote>\n<p>[\/vc_column_text][vc_column_text]<\/p>\n<p style=\"text-align: left;\"><span style=\"font-size: 12pt; color: #000000;\">\u00a1El dispositivo m\u00f3vil compacto <strong>Cortador de porexp\u00e1n<\/strong> &#8211; \u00abcuchillo caliente\u00bb para cortar espuma <strong>Styro-Cut 140<\/strong> de poliestireno extruido para Trabajo con filigrana y Empleo r\u00e1pido! Con el cortador de porexp\u00e1n de poliestireno Styro-Cut 140 obtiene una cuchilla caliente fiable para cortar el poliestireno <strong>(EPS, XPS)<\/strong>, espumas o materiales similares. Su gran ventaja es su peque\u00f1o tama\u00f1o. Como resultado, Cortador de porexp\u00e1n el <strong>Cuchillo Caliente<\/strong> Styro-Cut 140 es muy \u00fatil particularmente en ambientes de trabajo peque\u00f1os. El cuchillo Caliente de espuma de poliestireno Styro-Cut 140 se puede utilizar con muchos parches &#8211; ya sea en el negocio de la construcci\u00f3n, industria, hobbies, arquitectura, en la construcci\u00f3n de maquetas, etc.<\/span><\/p>\n<p>[\/vc_column_text][\/vc_column][\/vc_row][vc_row][vc_column width=\u00bb1\/2&#8243;][vc_single_image image=\u00bb7986&#8243; img_size=\u00bblarge\u00bb alignment=\u00bbcenter\u00bb onclick=\u00bbimg_link_large\u00bb][\/vc_column][vc_column width=\u00bb1\/2&#8243;][vc_single_image image=\u00bb7983&#8243; img_size=\u00bblarge\u00bb alignment=\u00bbcenter\u00bb onclick=\u00bbimg_link_large\u00bb][\/vc_column][\/vc_row][vc_row][vc_column][vc_separator color=\u00bborange\u00bb][\/vc_column][\/vc_row][vc_row][vc_column][vc_column_text]<\/p>\n<h2 style=\"text-align: justify;\"><span style=\"font-size: 36pt; color: #808080;\">Informaci\u00f3n T\u00e9cnica<\/span><\/h2>\n<p>[\/vc_column_text][\/vc_column][\/vc_row][vc_row][vc_column width=\u00bb1\/2&#8243;][vc_column_text]<\/p>\n<ul style=\"list-style-type: circle;\">\n<li style=\"text-align: left;\"><span style=\"font-size: 12pt; color: #000000;\">Listo para usar en 4-6 segundos.<\/span><\/li>\n<li style=\"text-align: left;\"><span style=\"font-size: 12pt; color: #000000;\">Voltaje de l\u00ednea: 230V \/ 50Hz<\/span><\/li>\n<li style=\"text-align: left;\"><span style=\"font-size: 12pt; color: #000000;\">Potencia de entrada: m\u00e1xima de 110 vatios<\/span><\/li>\n<li style=\"text-align: left;\"><span style=\"font-size: 12pt; color: #000000;\">Protector aislado (clase 2)<\/span><\/li>\n<li style=\"text-align: left;\"><span style=\"font-size: 12pt; color: #000000;\">Cable de alimentaci\u00f3n de 3m<\/span><\/li>\n<li style=\"text-align: left;\"><span style=\"font-size: 12pt; color: #000000;\">Sin polvo ni carga electroest\u00e1tica<\/span><\/li>\n<li style=\"text-align: left;\"><span style=\"font-size: 12pt; color: #000000;\">Temperatura m\u00e1xima de 500\u00b0C<\/span><\/li>\n<li style=\"text-align: left;\"><span style=\"font-size: 12pt; color: #000000;\">Peso: 1.1 kg<\/span><\/li>\n<li style=\"text-align: left;\"><span style=\"font-size: 12pt; color: #000000;\">Hoja de larga duraci\u00f3n f\u00e1cilmente intercambiable<\/span><\/li>\n<\/ul>\n<p>[\/vc_column_text][\/vc_column][vc_column width=\u00bb1\/2&#8243;][vc_single_image image=\u00bb7987&#8243; img_size=\u00bblarge\u00bb alignment=\u00bbcenter\u00bb onclick=\u00bbimg_link_large\u00bb][\/vc_column][\/vc_row][vc_row][vc_column][vc_separator color=\u00bborange\u00bb][\/vc_column][\/vc_row][vc_row][vc_column][vc_column_text]<\/p>\n<h2 style=\"text-align: justify;\"><span style=\"font-size: 36pt; color: #808080;\">Contenido Incluido<\/span><\/h2>\n<p>[\/vc_column_text][\/vc_column][\/vc_row][vc_row][vc_column width=\u00bb1\/2&#8243;][vc_column_text]<\/p>\n<h4 style=\"text-align: left;\"><span style=\"font-size: 14pt; color: #ff6600;\">El kit b\u00e1sico Styro-Cut 140 incluye:<\/span><\/h4>\n<ul style=\"list-style-type: circle;\">\n<li style=\"text-align: left;\"><span style=\"font-size: 12pt; color: #000000;\">Cuchillo caliente HWS-Styro-Cut 140<\/span><\/li>\n<li style=\"text-align: left;\"><span style=\"font-size: 12pt; color: #000000;\">Hoja C140 (longitud 140 mm)<\/span><\/li>\n<li style=\"text-align: left;\"><span style=\"font-size: 12pt; color: #000000;\">Cepillo de lat\u00f3n<\/span><\/li>\n<li style=\"text-align: left;\"><span style=\"font-size: 12pt; color: #000000;\">Manual del usuario<\/span><\/li>\n<li style=\"text-align: left;\"><span style=\"font-size: 12pt; color: #000000;\">Caja de pl\u00e1stico s\u00f3lido<\/span><\/li>\n<\/ul>\n<p>[\/vc_column_text][\/vc_column][vc_column width=\u00bb1\/2&#8243;][vc_single_image image=\u00bb7985&#8243; img_size=\u00bblarge\u00bb alignment=\u00bbcenter\u00bb onclick=\u00bbimg_link_large\u00bb][\/vc_column][\/vc_row][vc_row][vc_column][vc_single_image image=\u00bb9597&#8243; img_size=\u00bblarge\u00bb alignment=\u00bbcenter\u00bb][vc_column_text]<\/p>\n<table border=\"0\">\n<tbody>\n<tr>\n<td>\n<h4><span style=\"font-size: 14pt;\">\u00a0<\/span><\/h4>\n<\/td>\n<td style=\"text-align: center;\">\n<h4><span style=\"font-size: 14pt; color: #ff6600;\">Cortador de porexp\u00e1n<\/span><\/h4>\n<\/td>\n<\/tr>\n<tr>\n<td>\n<h4><span style=\"font-size: 14pt; color: #808080;\">Art nr.:<\/span><\/h4>\n<\/td>\n<td style=\"text-align: center;\">\n<h4><span style=\"font-size: 14pt; color: #000000;\">HWS-Styro-Cut140<\/span><\/h4>\n<\/td>\n<\/tr>\n<tr>\n<td>\n<h4><span style=\"font-size: 14pt; color: #808080;\">Estado:<\/span><\/h4>\n<\/td>\n<td style=\"text-align: center;\">\n<h4><span style=\"font-size: 14pt; color: #3366ff;\">En Existencia<\/span><\/h4>\n<\/td>\n<\/tr>\n<\/tbody>\n<\/table>\n<p>[\/vc_column_text][vc_single_image image=\u00bb7984&#8243; img_size=\u00bblarge\u00bb alignment=\u00bbcenter\u00bb][\/vc_column][\/vc_row][vc_row][vc_column][vc_separator color=\u00bborange\u00bb][\/vc_column][\/vc_row][vc_row][vc_column][vc_column_text]<\/p>\n<h2 style=\"text-align: left;\"><span style=\"font-size: 36pt; color: #808080;\">V\u00eddeo<\/span><\/h2>\n<p>[\/vc_column_text][vc_column_text]<\/p>\n<div style=\"width: 854px;\" class=\"wp-video\"><!--[if lt IE 9]><script>document.createElement('video');<\/script><![endif]-->\n<video class=\"wp-video-shortcode\" id=\"video-7976-1\" width=\"854\" height=\"480\" preload=\"metadata\" controls=\"controls\"><source type=\"video\/mp4\" src=\"https:\/\/www.hotwiresystems.com\/wp-content\/uploads\/2015\/08\/Styro-Cut-140-ENG.mp4?_=1\" \/><a href=\"https:\/\/www.hotwiresystems.com\/wp-content\/uploads\/2015\/08\/Styro-Cut-140-ENG.mp4\">https:\/\/www.hotwiresystems.com\/wp-content\/uploads\/2015\/08\/Styro-Cut-140-ENG.mp4<\/a><\/video><\/div>\n<p>[\/vc_column_text][\/vc_column][\/vc_row][vc_row][vc_column][vc_separator color=\u00bborange\u00bb][\/vc_column][\/vc_row][vc_row][vc_column][vc_column_text]<\/p>\n<h2><span style=\"font-size: 36pt; color: #808080;\">CUCHILLA DE RECAMBIO<\/span><\/h2>\n<p>[\/vc_column_text][vc_column_text]<\/p>\n<blockquote>\n<p style=\"text-align: left;\"><span style=\"font-size: 18pt; color: #ff6600;\">Cuchilla de recambio para \u00ab<span style=\"color: #808080;\">cuchillo caliente<\/span>\u00ab<\/span><\/p>\n<\/blockquote>\n<p>[\/vc_column_text][vc_column_text]<\/p>\n<p style=\"text-align: left;\"><span style=\"font-size: 12pt; color: #000000;\">Con una hoja curva y el prensatelas puede hacer varias formas de escultura de espuma, escultura.<\/span><\/p>\n<p>[\/vc_column_text][\/vc_column][\/vc_row][vc_row][vc_column][vc_column_text]<\/p>\n<table border=\"0\">\n<tbody>\n<tr>\n<td>\n<h2><span style=\"font-size: 14pt; color: #808080;\">Type C-100<\/span><\/h2>\n<\/td>\n<td>\n<h2><span style=\"font-size: 14pt; color: #808080;\"><a style=\"color: #808080;\" href=\"https:\/\/www.hotwiresystems.com\/wp-content\/uploads\/2014\/07\/Blade.jpg\"><img loading=\"lazy\" decoding=\"async\" title=\"Type C-100\" src=\"https:\/\/www.hotwiresystems.com\/wp-content\/uploads\/2014\/07\/Blade.jpg\" alt=\"Blade Type C\" width=\"108\" height=\"108\" \/><\/a><\/span><\/h2>\n<\/td>\n<td>\n<h2><span style=\"font-size: 14pt; color: #808080;\">Type CN-14<\/span><\/h2>\n<\/td>\n<td>\n<h2><span style=\"font-size: 14pt; color: #808080;\"><a style=\"color: #808080;\" href=\"https:\/\/www.hotwiresystems.com\/wp-content\/uploads\/2014\/07\/Blade-CN.jpg\"><img loading=\"lazy\" decoding=\"async\" title=\"Type CN-20\" src=\"https:\/\/www.hotwiresystems.com\/wp-content\/uploads\/2014\/07\/Blade-CN.jpg\" alt=\"Blade CN\" width=\"108\" height=\"108\" \/><\/a><\/span><\/h2>\n<\/td>\n<\/tr>\n<tr>\n<td>\n<h2><span style=\"font-size: 14pt; color: #808080;\">Type C-140<\/span><\/h2>\n<\/td>\n<td>\n<h2><span style=\"font-size: 14pt; color: #808080;\"><a style=\"color: #808080;\" href=\"https:\/\/www.hotwiresystems.com\/wp-content\/uploads\/2014\/07\/Blade.jpg\"><img loading=\"lazy\" decoding=\"async\" title=\"Type C-140\" src=\"https:\/\/www.hotwiresystems.com\/wp-content\/uploads\/2014\/07\/Blade.jpg\" alt=\"Blade Type C\" width=\"108\" height=\"108\" \/><\/a><\/span><\/h2>\n<\/td>\n<td>\n<h2><span style=\"font-size: 14pt; color: #808080;\">Type CN-20<\/span><\/h2>\n<\/td>\n<td>\n<h2><span style=\"font-size: 14pt; color: #808080;\"><a style=\"color: #808080;\" href=\"https:\/\/www.hotwiresystems.com\/wp-content\/uploads\/2014\/07\/Blade-CN.jpg\"><img loading=\"lazy\" decoding=\"async\" title=\"Type CN-24\" src=\"https:\/\/www.hotwiresystems.com\/wp-content\/uploads\/2014\/07\/Blade-CN.jpg\" alt=\"Blade CN\" width=\"108\" height=\"108\" \/><\/a><\/span><\/h2>\n<\/td>\n<\/tr>\n<tr>\n<td>\n<h2><span style=\"font-size: 14pt; color: #808080;\">Type C-160<\/span><\/h2>\n<\/td>\n<td>\n<h2><span style=\"font-size: 14pt; color: #808080;\"><a style=\"color: #808080;\" href=\"https:\/\/www.hotwiresystems.com\/wp-content\/uploads\/2014\/07\/Blade.jpg\"><img loading=\"lazy\" decoding=\"async\" title=\"Type C-160\" src=\"https:\/\/www.hotwiresystems.com\/wp-content\/uploads\/2014\/07\/Blade.jpg\" alt=\"Blade Type C\" width=\"108\" height=\"108\" \/><\/a><\/span><\/h2>\n<\/td>\n<td>\n<h2><span style=\"font-size: 14pt; color: #808080;\">Type CN-26<\/span><\/h2>\n<\/td>\n<td>\n<h2><span style=\"font-size: 14pt; color: #808080;\"><a style=\"color: #808080;\" href=\"https:\/\/www.hotwiresystems.com\/wp-content\/uploads\/2014\/07\/Blade-CN.jpg\"><img loading=\"lazy\" decoding=\"async\" title=\"Type CN-26\" src=\"https:\/\/www.hotwiresystems.com\/wp-content\/uploads\/2014\/07\/Blade-CN.jpg\" alt=\"Blade CN\" width=\"108\" height=\"108\" \/><\/a><\/span><\/h2>\n<\/td>\n<\/tr>\n<tr>\n<td>\n<h2><span style=\"font-size: 14pt; color: #808080;\">Type CS-20<\/span><\/h2>\n<\/td>\n<td>\n<h2><span style=\"font-size: 14pt; color: #808080;\"><a style=\"color: #808080;\" href=\"https:\/\/www.hotwiresystems.com\/wp-content\/uploads\/2014\/07\/Blade-CS-20.jpg\"><img loading=\"lazy\" decoding=\"async\" title=\"Type CS-20\" src=\"https:\/\/www.hotwiresystems.com\/wp-content\/uploads\/2014\/07\/Blade-CS-20.jpg\" alt=\"Blade CS-20\" width=\"108\" height=\"108\" \/><\/a><\/span><\/h2>\n<\/td>\n<td>\n<h2><span style=\"font-size: 14pt; color: #808080;\">Type CR-20<\/span><\/h2>\n<\/td>\n<td>\n<h2><span style=\"font-size: 14pt; color: #808080;\"><a style=\"color: #808080;\" href=\"https:\/\/www.hotwiresystems.com\/wp-content\/uploads\/2014\/07\/Blade-CR-20.jpg\"><img loading=\"lazy\" decoding=\"async\" title=\"Type CR-20\" src=\"https:\/\/www.hotwiresystems.com\/wp-content\/uploads\/2014\/07\/Blade-CR-20.jpg\" alt=\"Blade CR-20\" width=\"108\" height=\"108\" \/><\/a><\/span><\/h2>\n<\/td>\n<\/tr>\n<\/tbody>\n<\/table>\n<p>[\/vc_column_text][\/vc_column][\/vc_row][vc_row][vc_column][vc_separator color=\u00bborange\u00bb][\/vc_column][\/vc_row][vc_row][vc_column][vc_column_text]<\/p>\n<h2 style=\"text-align: left;\"><span style=\"font-size: 36pt; color: #808080;\">ENV\u00cdENOS SU PETICI\u00d3N<\/span><\/h2>\n<p>[\/vc_column_text][\/vc_column][\/vc_row][vc_row][vc_column][vc_tta_accordion style=\u00bbmodern\u00bb shape=\u00bbsquare\u00bb color=\u00bborange\u00bb gap=\u00bb3&#8243; c_icon=\u00bbchevron\u00bb c_position=\u00bbright\u00bb active_section=\u00bb1&#8243;][vc_tta_section i_icon_fontawesome=\u00bbfa fa-list\u00bb add_icon=\u00bbtrue\u00bb title=\u00bbENV\u00cdENOS SU PETICI\u00d3N\u00bb tab_id=\u00bbe80ba958-393d-cl\u00bb][vc_column_text]<\/p>\n<p>[caldera_form id=\u00bbCF5b30d5a56d595&#8243;]<\/p>\n<p>[\/vc_column_text][\/vc_tta_section][vc_tta_section i_icon_fontawesome=\u00bbfa fa-truck\u00bb add_icon=\u00bbtrue\u00bb title=\u00bbENV\u00cdO Y ENTREGA\u00bb tab_id=\u00bb5a640e03-01c3-cl\u00bb][vc_column_text]<\/p>\n<h2 style=\"text-align: left;\"><span style=\"color: #808080;\"><a style=\"color: #808080;\" href=\"\/?page_id=7774\" target=\"_blank\" rel=\"noopener noreferrer\"><span style=\"font-size: 36pt;\">ENV\u00cdOS A TODO EL MUNDO<\/span><\/a><\/span><\/h2>\n<p style=\"text-align: left;\"><span style=\"font-size: 14pt; color: #ff6600;\"><strong>\u00a1Enviamos productos a todo el mundo!<\/strong><\/span><\/p>\n<p style=\"text-align: left;\"><span style=\"color: #000000; font-size: 12pt;\">Nuestros cortador <strong>\u00abcuchillo caliente\u00bb<\/strong> de espuma\u00a0se venden en Europa y en muchos pa\u00edses de todo el Mundo, desde <span style=\"text-decoration: underline;\">M\u00e9xico, Espa\u00f1a, Colombia<\/span> \u2013 a <span style=\"text-decoration: underline;\">Argentina, Per\u00fa y Rep\u00fablica Dominicana.<\/span><\/span><\/p>\n<p style=\"text-align: left;\"><span style=\"font-size: 12pt; color: #000000;\">Enviamos cortadores de espuma de alambre Caliente y m\u00e1quinas CNC de corte de alambre para espuma en todo el mundo. Los plazos de entrega var\u00edan bastante de un pa\u00eds a otro, y tambi\u00e9n dependen de la eficacia de sus servicios postales locales. Sin embargo, hemos hecho una estimaci\u00f3n de 2 a 16 d\u00edas laborables para los pa\u00edses de Europa. El tiempo estimado de entrega a las principales ciudades fuera de Europa comienza a partir de 12 d\u00edas h\u00e1biles.<\/span><\/p>\n<p style=\"text-align: left;\"><span style=\"color: #000000; font-size: 12pt;\">Socios de transporte: <strong><a style=\"color: #000000;\" href=\"https:\/\/www.dpd.com\/\" target=\"_blank\" rel=\"noopener noreferrer\">DPD<\/a>, <a style=\"color: #000000;\" href=\"https:\/\/www.omniva.ee\/\" target=\"_blank\" rel=\"noopener noreferrer\">Omniva<\/a>, <a style=\"color: #000000;\" href=\"https:\/\/www.itella.com\/\" target=\"_blank\" rel=\"noopener noreferrer\">Itella,<\/a> <a style=\"color: #000000;\" href=\"https:\/\/www.dhl.com\/\" target=\"_blank\" rel=\"noopener noreferrer\">DHL,<\/a> <a style=\"color: #000000;\" href=\"https:\/\/www.ups.com\/\">UPS,<\/a> <a style=\"color: #000000;\" href=\"https:\/\/www.fedex.com\/\" target=\"_blank\" rel=\"noopener noreferrer\">Fedex<\/a>, <a style=\"color: #000000;\" href=\"https:\/\/www.ace.ee\/en\/\" target=\"_blank\" rel=\"noopener noreferrer\">ACE Logistics.<\/a><\/strong><\/span><\/p>\n<p>[\/vc_column_text][\/vc_tta_section][\/vc_tta_accordion][\/vc_column][\/vc_row][vc_row][vc_column][vc_custom_heading text=\u00bb\u201cYour specialist for insulation cutting systems!\u201d\u00bb font_container=\u00bbtag:h5|font_size:30|text_align:center|color:%23919191|line_height:1&#8243; google_fonts=\u00bbfont_family:Pacifico%3Aregular|font_style:400%20regular%3A400%3Anormal\u00bb][\/vc_column][\/vc_row][vc_row][vc_column][vc_separator color=\u00bborange\u00bb][\/vc_column][\/vc_row][vc_row][vc_column][vc_btn title=\u00bbCONTACTOS\u00bb style=\u00bboutline\u00bb shape=\u00bbsquare\u00bb color=\u00bbblue\u00bb align=\u00bbleft\u00bb i_align=\u00bbright\u00bb i_icon_fontawesome=\u00bbfa fa-check-square-o\u00bb add_icon=\u00bbtrue\u00bb link=\u00bburl:http%3A%2F%2Fwww.hotwiresystems.com%2Fes%2Fcontacto-cortadora-de-espuma%2F|title:Cont%C3%A1ctenos||\u00bb][\/vc_column][\/vc_row]<\/p>\n<\/div><!-- AddThis Advanced Settings generic via filter on the_content --><!-- AddThis Share Buttons generic via filter on the_content -->","protected":false},"excerpt":{"rendered":"<p>[vc_row][vc_column][vc_column_text] Cortador de porexp\u00e1n STYRO-CUT 140! [\/vc_column_text][\/vc_column][\/vc_row][vc_row][vc_column][vc_column_text] \u00a1Trabajo con Filigrana y Empleo r\u00e1pido! [\/vc_column_text][vc_column_text] \u00a1El dispositivo m\u00f3vil compacto Cortador de porexp\u00e1n &#8211; \u00abcuchillo caliente\u00bb para cortar espuma Styro-Cut 140 de poliestireno extruido para Trabajo con filigrana y Empleo r\u00e1pido! Con el cortador de porexp\u00e1n de poliestireno Styro-Cut 140 obtiene una cuchilla caliente fiable para cortar [&hellip;]<!-- AddThis Advanced Settings generic via filter on get_the_excerpt --><!-- AddThis Share Buttons generic via filter on get_the_excerpt --><\/p>\n","protected":false},"author":2,"featured_media":0,"parent":0,"menu_order":0,"comment_status":"closed","ping_status":"closed","template":"","meta":{"footnotes":""},"yoast_head":"<!-- This site is optimized with the Yoast SEO plugin v23.3 - https:\/\/yoast.com\/wordpress\/plugins\/seo\/ -->\n<title>Cortador de porexp\u00e1n EPS, XPS | Cuchillo caliente Styro-Cut 140!<\/title>\n<meta name=\"description\" content=\"\u00a1El dispositivo m\u00f3vil cortador de porexp\u00e1n - Cuchillo Caliente para cortar espuma Styro-Cut 140 de poliestireno para Trabajo con filigrana y Empleo r\u00e1pido!\" \/>\n<meta name=\"robots\" content=\"index, follow, max-snippet:-1, max-image-preview:large, max-video-preview:-1\" \/>\n<link rel=\"canonical\" href=\"https:\/\/www.hotwiresystems.com\/es\/cortador-de-porexpan-cuchillo-caliente\/\" \/>\n<meta property=\"og:locale\" content=\"es_ES\" \/>\n<meta property=\"og:type\" content=\"article\" \/>\n<meta property=\"og:title\" content=\"Cortador de porexp\u00e1n EPS, XPS | Cuchillo caliente Styro-Cut 140!\" \/>\n<meta property=\"og:description\" content=\"\u00a1El dispositivo m\u00f3vil cortador de porexp\u00e1n - Cuchillo Caliente para cortar espuma Styro-Cut 140 de poliestireno para Trabajo con filigrana y Empleo r\u00e1pido!\" \/>\n<meta property=\"og:url\" content=\"https:\/\/www.hotwiresystems.com\/es\/cortador-de-porexpan-cuchillo-caliente\/\" \/>\n<meta property=\"article:modified_time\" content=\"2019-09-25T07:12:30+00:00\" \/>\n<meta property=\"og:image\" content=\"https:\/\/www.hotwiresystems.com\/wp-content\/uploads\/2014\/07\/Blade.jpg\" \/>\n<meta name=\"twitter:label1\" content=\"Tiempo de lectura\" \/>\n\t<meta name=\"twitter:data1\" content=\"5 minutos\" \/>\n<script type=\"application\/ld+json\" class=\"yoast-schema-graph\">{\"@context\":\"https:\/\/schema.org\",\"@graph\":[{\"@type\":\"WebPage\",\"@id\":\"https:\/\/www.hotwiresystems.com\/es\/cortador-de-porexpan-cuchillo-caliente\/\",\"url\":\"https:\/\/www.hotwiresystems.com\/es\/cortador-de-porexpan-cuchillo-caliente\/\",\"name\":\"Cortador de porexp\u00e1n EPS, XPS | Cuchillo caliente Styro-Cut 140!\",\"isPartOf\":{\"@id\":\"https:\/\/hotwiresystems.com\/#website\"},\"primaryImageOfPage\":{\"@id\":\"https:\/\/www.hotwiresystems.com\/es\/cortador-de-porexpan-cuchillo-caliente\/#primaryimage\"},\"image\":{\"@id\":\"https:\/\/www.hotwiresystems.com\/es\/cortador-de-porexpan-cuchillo-caliente\/#primaryimage\"},\"thumbnailUrl\":\"https:\/\/www.hotwiresystems.com\/wp-content\/uploads\/2014\/07\/Blade.jpg\",\"datePublished\":\"2016-10-13T20:51:10+00:00\",\"dateModified\":\"2019-09-25T07:12:30+00:00\",\"description\":\"\u00a1El dispositivo m\u00f3vil cortador de porexp\u00e1n - Cuchillo Caliente para cortar espuma Styro-Cut 140 de poliestireno para Trabajo con filigrana y Empleo r\u00e1pido!\",\"breadcrumb\":{\"@id\":\"https:\/\/www.hotwiresystems.com\/es\/cortador-de-porexpan-cuchillo-caliente\/#breadcrumb\"},\"inLanguage\":\"es\",\"potentialAction\":[{\"@type\":\"ReadAction\",\"target\":[\"https:\/\/www.hotwiresystems.com\/es\/cortador-de-porexpan-cuchillo-caliente\/\"]}]},{\"@type\":\"ImageObject\",\"inLanguage\":\"es\",\"@id\":\"https:\/\/www.hotwiresystems.com\/es\/cortador-de-porexpan-cuchillo-caliente\/#primaryimage\",\"url\":\"https:\/\/www.hotwiresystems.com\/wp-content\/uploads\/2014\/07\/Blade.jpg\",\"contentUrl\":\"https:\/\/www.hotwiresystems.com\/wp-content\/uploads\/2014\/07\/Blade.jpg\"},{\"@type\":\"BreadcrumbList\",\"@id\":\"https:\/\/www.hotwiresystems.com\/es\/cortador-de-porexpan-cuchillo-caliente\/#breadcrumb\",\"itemListElement\":[{\"@type\":\"ListItem\",\"position\":1,\"name\":\"Home\",\"item\":\"https:\/\/www.hotwiresystems.com\/es\/\"},{\"@type\":\"ListItem\",\"position\":2,\"name\":\"Cortador de porexp\u00e1n | \u00abCuchillo caliente\u00bb Styro-Cut 140\"}]},{\"@type\":\"WebSite\",\"@id\":\"https:\/\/hotwiresystems.com\/#website\",\"url\":\"https:\/\/hotwiresystems.com\/\",\"name\":\"\",\"description\":\"\",\"potentialAction\":[{\"@type\":\"SearchAction\",\"target\":{\"@type\":\"EntryPoint\",\"urlTemplate\":\"https:\/\/hotwiresystems.com\/?s={search_term_string}\"},\"query-input\":\"required name=search_term_string\"}],\"inLanguage\":\"es\"}]}<\/script>\n<!-- \/ Yoast SEO plugin. -->","yoast_head_json":{"title":"Cortador de porexp\u00e1n EPS, XPS | Cuchillo caliente Styro-Cut 140!","description":"\u00a1El dispositivo m\u00f3vil cortador de porexp\u00e1n - Cuchillo Caliente para cortar espuma Styro-Cut 140 de poliestireno para Trabajo con filigrana y Empleo r\u00e1pido!","robots":{"index":"index","follow":"follow","max-snippet":"max-snippet:-1","max-image-preview":"max-image-preview:large","max-video-preview":"max-video-preview:-1"},"canonical":"https:\/\/www.hotwiresystems.com\/es\/cortador-de-porexpan-cuchillo-caliente\/","og_locale":"es_ES","og_type":"article","og_title":"Cortador de porexp\u00e1n EPS, XPS | Cuchillo caliente Styro-Cut 140!","og_description":"\u00a1El dispositivo m\u00f3vil cortador de porexp\u00e1n - Cuchillo Caliente para cortar espuma Styro-Cut 140 de poliestireno para Trabajo con filigrana y Empleo r\u00e1pido!","og_url":"https:\/\/www.hotwiresystems.com\/es\/cortador-de-porexpan-cuchillo-caliente\/","article_modified_time":"2019-09-25T07:12:30+00:00","og_image":[{"url":"https:\/\/www.hotwiresystems.com\/wp-content\/uploads\/2014\/07\/Blade.jpg"}],"twitter_misc":{"Tiempo de lectura":"5 minutos"},"schema":{"@context":"https:\/\/schema.org","@graph":[{"@type":"WebPage","@id":"https:\/\/www.hotwiresystems.com\/es\/cortador-de-porexpan-cuchillo-caliente\/","url":"https:\/\/www.hotwiresystems.com\/es\/cortador-de-porexpan-cuchillo-caliente\/","name":"Cortador de porexp\u00e1n EPS, XPS | Cuchillo caliente Styro-Cut 140!","isPartOf":{"@id":"https:\/\/hotwiresystems.com\/#website"},"primaryImageOfPage":{"@id":"https:\/\/www.hotwiresystems.com\/es\/cortador-de-porexpan-cuchillo-caliente\/#primaryimage"},"image":{"@id":"https:\/\/www.hotwiresystems.com\/es\/cortador-de-porexpan-cuchillo-caliente\/#primaryimage"},"thumbnailUrl":"https:\/\/www.hotwiresystems.com\/wp-content\/uploads\/2014\/07\/Blade.jpg","datePublished":"2016-10-13T20:51:10+00:00","dateModified":"2019-09-25T07:12:30+00:00","description":"\u00a1El dispositivo m\u00f3vil cortador de porexp\u00e1n - Cuchillo Caliente para cortar espuma Styro-Cut 140 de poliestireno para Trabajo con filigrana y Empleo r\u00e1pido!","breadcrumb":{"@id":"https:\/\/www.hotwiresystems.com\/es\/cortador-de-porexpan-cuchillo-caliente\/#breadcrumb"},"inLanguage":"es","potentialAction":[{"@type":"ReadAction","target":["https:\/\/www.hotwiresystems.com\/es\/cortador-de-porexpan-cuchillo-caliente\/"]}]},{"@type":"ImageObject","inLanguage":"es","@id":"https:\/\/www.hotwiresystems.com\/es\/cortador-de-porexpan-cuchillo-caliente\/#primaryimage","url":"https:\/\/www.hotwiresystems.com\/wp-content\/uploads\/2014\/07\/Blade.jpg","contentUrl":"https:\/\/www.hotwiresystems.com\/wp-content\/uploads\/2014\/07\/Blade.jpg"},{"@type":"BreadcrumbList","@id":"https:\/\/www.hotwiresystems.com\/es\/cortador-de-porexpan-cuchillo-caliente\/#breadcrumb","itemListElement":[{"@type":"ListItem","position":1,"name":"Home","item":"https:\/\/www.hotwiresystems.com\/es\/"},{"@type":"ListItem","position":2,"name":"Cortador de porexp\u00e1n | \u00abCuchillo caliente\u00bb Styro-Cut 140"}]},{"@type":"WebSite","@id":"https:\/\/hotwiresystems.com\/#website","url":"https:\/\/hotwiresystems.com\/","name":"","description":"","potentialAction":[{"@type":"SearchAction","target":{"@type":"EntryPoint","urlTemplate":"https:\/\/hotwiresystems.com\/?s={search_term_string}"},"query-input":"required name=search_term_string"}],"inLanguage":"es"}]}},"_links":{"self":[{"href":"https:\/\/www.hotwiresystems.com\/es\/wp-json\/wp\/v2\/pages\/7976"}],"collection":[{"href":"https:\/\/www.hotwiresystems.com\/es\/wp-json\/wp\/v2\/pages"}],"about":[{"href":"https:\/\/www.hotwiresystems.com\/es\/wp-json\/wp\/v2\/types\/page"}],"author":[{"embeddable":true,"href":"https:\/\/www.hotwiresystems.com\/es\/wp-json\/wp\/v2\/users\/2"}],"replies":[{"embeddable":true,"href":"https:\/\/www.hotwiresystems.com\/es\/wp-json\/wp\/v2\/comments?post=7976"}],"version-history":[{"count":5,"href":"https:\/\/www.hotwiresystems.com\/es\/wp-json\/wp\/v2\/pages\/7976\/revisions"}],"predecessor-version":[{"id":12881,"href":"https:\/\/www.hotwiresystems.com\/es\/wp-json\/wp\/v2\/pages\/7976\/revisions\/12881"}],"wp:attachment":[{"href":"https:\/\/www.hotwiresystems.com\/es\/wp-json\/wp\/v2\/media?parent=7976"}],"curies":[{"name":"wp","href":"https:\/\/api.w.org\/{rel}","templated":true}]}}