{"id":7836,"date":"2016-10-04T23:20:43","date_gmt":"2016-10-04T21:20:43","guid":{"rendered":"http:\/\/www.hotwiresystems.com\/es\/?page_id=7836"},"modified":"2025-07-27T16:00:28","modified_gmt":"2025-07-27T14:00:28","slug":"cortador-de-poliestireno-maquina-cnc-de-corte-de-espuma-esp-xps","status":"publish","type":"page","link":"https:\/\/www.hotwiresystems.com\/es\/","title":{"rendered":"Cortador de poliestireno | M\u00e1quina CNC de corte de espuma ESP\/XPS"},"content":{"rendered":"<div class=\"wpb-content-wrapper\"><p>[vc_row][vc_column width=\u00bb1\/3&#8243;][vc_column_text]<\/p>\n<h1 style=\"text-align: center;\"><a href=\"\/?page_id=8606\" target=\"_blank\" rel=\"noopener noreferrer\"><span style=\"font-size: 24pt; color: #808080;\">Cortadora hilo caliente <\/span><span style=\"font-size: 24pt; color: #ff6600;\">de espuma<\/span><\/a><\/h1>\n<p>[\/vc_column_text][\/vc_column][vc_column width=\u00bb1\/3&#8243;][vc_column_text]<\/p>\n<h2 style=\"text-align: center;\"><a href=\"\/?page_id=7909\"><span style=\"font-size: 24pt; color: #808080;\">C\u00daTER <span style=\"color: #ff6600;\">DE ESPUMA<\/span> <span style=\"color: #ff6600;\">\u00ab<\/span>CUCHILLO CALIENTE<span style=\"color: #ff6600;\">\u00ab<\/span><\/span><\/a><\/h2>\n<p>[\/vc_column_text][\/vc_column][vc_column width=\u00bb1\/3&#8243;][vc_column_text]<\/p>\n<h2 style=\"text-align: center;\"><a href=\"\/?page_id=8029\"><span style=\"font-size: 24pt; color: #808080;\"><span style=\"color: #ff6600;\">3D<\/span> M\u00c1QUINA CNC DE CORTE <span style=\"color: #ff6600;\">DE ESPUMA<\/span><\/span><\/a><\/h2>\n<p>[\/vc_column_text][\/vc_column][\/vc_row][vc_row content_placement=\u00bbmiddle\u00bb][vc_column width=\u00bb1\/3&#8243;][vc_single_image image=\u00bb16570&#8243; img_size=\u00bblarge\u00bb alignment=\u00bbcenter\u00bb onclick=\u00bbcustom_link\u00bb css=\u00bb\u00bb link=\u00bbhttps:\/\/www.hotwiresystems.com\/es\/cortadores-de-espuma-de-alambre-caliente\/\u00bb][\/vc_column][vc_column width=\u00bb1\/3&#8243;][vc_single_image image=\u00bb16578&#8243; img_size=\u00bblarge\u00bb alignment=\u00bbcenter\u00bb onclick=\u00bbcustom_link\u00bb css=\u00bb\u00bb link=\u00bbhttps:\/\/www.hotwiresystems.com\/es\/cortador-de-poliestireno-cuchillo-caliente-hws250\/\u00bb][\/vc_column][vc_column width=\u00bb1\/3&#8243;][vc_single_image image=\u00bb16586&#8243; img_size=\u00bblarge\u00bb alignment=\u00bbcenter\u00bb onclick=\u00bbcustom_link\u00bb css=\u00bb\u00bb link=\u00bbhttps:\/\/www.hotwiresystems.com\/es\/maquina-cnc-de-corte-de-espuma\u00bb][\/vc_column][\/vc_row][vc_row][vc_column width=\u00bb1\/3&#8243;][vc_column_text]<\/p>\n<p style=\"text-align: left;\"><span style=\"font-size: 12pt; color: #000000;\">Un c\u00fater de alambre caliente a base de espuma (<strong>Cortador de poliestireno<\/strong>) es una herramienta el\u00e9ctrica utilizada para cortar espumas de poliestireno <strong>(EPS, XPS)<\/strong> y materiales similares. El dispositivo consta de un filo hilo de alambre de corte tenso, a menudo hecho de NiCromo, Titanio, acero inoxidable, o de un cable m\u00e1s grueso con una forma deseada, que se calienta aproximadamente a trav\u00e9s de la resistencia el\u00e9ctrica. 500\u00b0C.<\/span><\/p>\n<p>[\/vc_column_text][\/vc_column][vc_column width=\u00bb1\/3&#8243;][vc_column_text]<\/p>\n<p style=\"text-align: left;\"><span style=\"font-size: 12pt; color: #000000;\">El dispositivo compacto y port\u00e1til de corte de espuma de poliestireno, es un cortador de <strong>\u00abCuchillo caliente\u00bb<\/strong> HWS250 que se utiliza para cortar r\u00e1pidamente en el trabajo. Con el cortador de poliestireno <strong>HWS250,<\/strong> obtienes un cortador fiable, ligero, pr\u00e1ctico de poliestireno para un corte de espuma r\u00e1pido <strong>(EPS, XPS)<\/strong>. Su gran ventaja es su tama\u00f1o peque\u00f1o. Como resultado, el dispositivo es muy \u00fatil, especialmente en ambientes de trabajo apretados.<\/span><\/p>\n<p>[\/vc_column_text][\/vc_column][vc_column width=\u00bb1\/3&#8243;][vc_column_text]<\/p>\n<p style=\"text-align: left;\"><span style=\"font-size: 12pt; color: #000000;\">El uso de la tecnolog\u00eda moderna, las <strong>m\u00e1quinas de corte con poliestireno\u00a0de alambre caliente<\/strong>, permiten crear pr\u00e1cticamente cualquier producto de forma complicada, de manera r\u00e1pida, precisa y relativamente barata. El <strong>m\u00e1quina CNC de corte de espuma ESP, XPS<\/strong> es usado para crear letras, logotipos <strong>(en 3D)<\/strong>, gr\u00e1ficos, r\u00f3tulos, etiquetas para los anuncios de interior y exterior, elementos de decoraci\u00f3n, adornos para el teatro o el cine y todo tipo de envases&#8230;<\/span><\/p>\n<p>[\/vc_column_text][\/vc_column][\/vc_row][vc_row][vc_column width=\u00bb1\/3&#8243;][vc_btn title=\u00bbLEER M\u00c1S\u00bb style=\u00bboutline\u00bb shape=\u00bbsquare\u00bb color=\u00bbblue\u00bb size=\u00bbsm\u00bb align=\u00bbright\u00bb i_align=\u00bbright\u00bb i_icon_fontawesome=\u00bbfa fa-external-link\u00bb add_icon=\u00bbtrue\u00bb link=\u00bburl:http%3A%2F%2Fwww.hotwiresystems.com%2Fes%2Fcortadores-de-espuma-de-alambre-caliente%2F|title:Cortadora%20hilo%20caliente||\u00bb][\/vc_column][vc_column width=\u00bb1\/3&#8243;][vc_btn title=\u00bbLEER M\u00c1S\u00bb style=\u00bboutline\u00bb shape=\u00bbsquare\u00bb color=\u00bbblue\u00bb size=\u00bbsm\u00bb align=\u00bbright\u00bb i_align=\u00bbright\u00bb i_icon_fontawesome=\u00bbfa fa-external-link\u00bb add_icon=\u00bbtrue\u00bb link=\u00bburl:http%3A%2F%2Fwww.hotwiresystems.com%2Fes%2Fcortador-de-poliestireno-cuchillo-caliente-hws250%2F|title:Cortador%20%22Cuchillo%20Caliente%22%20de%20espuma%20HWS250||\u00bb][\/vc_column][vc_column width=\u00bb1\/3&#8243;][vc_btn title=\u00bbLEER M\u00c1S\u00bb style=\u00bboutline\u00bb shape=\u00bbsquare\u00bb color=\u00bbblue\u00bb size=\u00bbsm\u00bb align=\u00bbright\u00bb i_align=\u00bbright\u00bb i_icon_fontawesome=\u00bbfa fa-external-link\u00bb add_icon=\u00bbtrue\u00bb link=\u00bburl:http%3A%2F%2Fwww.hotwiresystems.com%2Fes%2Fmaquina-cnc-de-corte-de-espuma%2F|title:M%C3%A1quina%20CNC%20de%20corte%20de%20espuma||\u00bb][\/vc_column][\/vc_row][vc_row][vc_column][vc_separator color=\u00bborange\u00bb][\/vc_column][\/vc_row][vc_row][vc_column][vc_custom_heading text=\u00bb\u201cBest selection of foam EPS, XPS cutting equipment on market!\u201d\u00bb font_container=\u00bbtag:h5|font_size:33|text_align:center|color:%23e86c00|line_height:1&#8243; google_fonts=\u00bbfont_family:Pacifico%3Aregular|font_style:400%20regular%3A400%3Anormal\u00bb css=\u00bb\u00bb link=\u00bburl:https%3A%2F%2Fhotwiresystems.com%2Fes%2F\u00bb][\/vc_column][\/vc_row][vc_row][vc_column][vc_empty_space height=\u00bb20&#8243;][vc_separator color=\u00bborange\u00bb][\/vc_column][\/vc_row][vc_row][vc_column width=\u00bb1\/4&#8243;][vc_single_image image=\u00bb7875&#8243; img_size=\u00bblarge\u00bb alignment=\u00bbcenter\u00bb onclick=\u00bbcustom_link\u00bb link=\u00bbhttps:\/\/www.hotwiresystems.com\/es\/cortador-de-espuma-envio-y-entrega\/\u00bb][\/vc_column][vc_column width=\u00bb3\/4&#8243;][vc_column_text]<\/p>\n<h2 style=\"text-align: right;\"><span style=\"font-size: 36pt; color: #808080;\">ENV\u00cdOS A TODO EL MUNDO<\/span><\/h2>\n<p style=\"text-align: left;\"><span style=\"font-size: 12pt; color: #000000;\">Nuestros cortador de poliestireno <strong>EPS<\/strong>, y sistemas de corte <strong>XPS<\/strong> se venden en Europa y en muchos pa\u00edses de todo el Mundo, desde <span style=\"text-decoration: underline;\">M\u00e9xico, Espa\u00f1a, Colombia<\/span> \u2013 a <span style=\"text-decoration: underline;\">Argentina, Per\u00fa y Rep\u00fablica Dominicana.<\/span> Enviamos cortadores de espuma de alambre Caliente y m\u00e1quinas CNC de corte de alambre para espuma en todo el mundo. Los plazos de entrega var\u00edan bastante de un pa\u00eds a otro, y tambi\u00e9n dependen de la eficacia de sus servicios postales locales. Sin embargo, hemos hecho una estimaci\u00f3n <strong>de 2 a 16 d\u00edas<\/strong> laborables para los pa\u00edses de Europa. El tiempo estimado de entrega a las principales ciudades fuera de Europa comienza a partir <strong>de 12 d\u00edas h\u00e1biles.\u00a0<\/strong>Socios de transporte: <strong><a style=\"color: #000000;\" href=\"https:\/\/www.dpd.com\/\" target=\"_blank\" rel=\"noopener noreferrer\">DPD<\/a>, <a style=\"color: #000000;\" href=\"https:\/\/www.omniva.ee\/\" target=\"_blank\" rel=\"noopener noreferrer\">Omniva<\/a>, <a style=\"color: #000000;\" href=\"https:\/\/www.itella.com\/\" target=\"_blank\" rel=\"noopener noreferrer\">Itella,<\/a> <a style=\"color: #000000;\" href=\"https:\/\/www.dhl.com\/\" target=\"_blank\" rel=\"noopener noreferrer\">DHL,<\/a> <a style=\"color: #000000;\" href=\"https:\/\/www.ups.com\/\">UPS,<\/a> <a style=\"color: #000000;\" href=\"https:\/\/www.fedex.com\/\" target=\"_blank\" rel=\"noopener noreferrer\">Fedex<\/a>, <a style=\"color: #000000;\" href=\"https:\/\/www.ace.ee\/en\/\" target=\"_blank\" rel=\"noopener noreferrer\">ACE Logistics.<\/a>..<\/strong><\/span><\/p>\n<p>[\/vc_column_text][vc_btn title=\u00bbLEER M\u00c1S\u00bb style=\u00bboutline\u00bb shape=\u00bbsquare\u00bb color=\u00bbblue\u00bb size=\u00bbsm\u00bb align=\u00bbright\u00bb i_align=\u00bbright\u00bb i_icon_fontawesome=\u00bbfa fa-external-link\u00bb add_icon=\u00bbtrue\u00bb link=\u00bburl:http%3A%2F%2Fwww.hotwiresystems.com%2Fes%2Fcortador-de-espuma-envio-y-entrega%2F|title:Cortador%20de%20espuma%20env%C3%ADos%20a%20todo%20el%20mundo||\u00bb][\/vc_column][\/vc_row][vc_row][vc_column width=\u00bb1\/4&#8243;][vc_single_image image=\u00bb7871&#8243; img_size=\u00bblarge\u00bb alignment=\u00bbcenter\u00bb onclick=\u00bbcustom_link\u00bb link=\u00bbhttps:\/\/www.hotwiresystems.com\/es\/alambre-de-nicrom-alambre-para-cortadores-calientes-de-espuma\/\u00bb][\/vc_column][vc_column width=\u00bb3\/4&#8243;][vc_column_text]<\/p>\n<h2 style=\"text-align: right;\"><span style=\"font-size: 36pt; color: #808080;\">ALAMBRE DE NICROM &#8211; <span style=\"color: #ff6600;\">NiCr<\/span>!<\/span><\/h2>\n<p style=\"text-align: left;\"><span style=\"font-size: 12pt; color: #000000;\"><strong>Alambre de nicrom<\/strong> (n\u00edquel-cromo \u2013 NiChrome \u2013<strong>NiCr<\/strong>) es la elecci\u00f3n optima para el Cortador de poliestireno EPS, XPS,\u00a0por varias razones, pero especialmente debido a que es resistente a la corrosi\u00f3n y la oxidaci\u00f3n a temperaturas muy altas. El alambre de corte NiChrome alcanza temperaturas de unos cientos de grados Celsius en pocos segundos. El alambre NiCrom tiene una alta resistencia extensible y un punto de fusi\u00f3n elevado. <strong>Cortadora de hilo de nicrom<\/strong>\u00a0(NiCr) tiene un equilibrio perfecto de la fuerza de tensi\u00f3n y requisitos de energ\u00eda, \u00a0haci\u00e9ndolo ideal no s\u00f3lo para cortar, sino que tambi\u00e9n se ajusta a las capacidades de la mayor\u00eda de las fuentes de alimentaci\u00f3n&#8230;<\/span><\/p>\n<p>[\/vc_column_text][vc_btn title=\u00bbLEER M\u00c1S\u00bb style=\u00bboutline\u00bb shape=\u00bbsquare\u00bb color=\u00bbblue\u00bb size=\u00bbsm\u00bb align=\u00bbright\u00bb i_align=\u00bbright\u00bb i_icon_fontawesome=\u00bbfa fa-external-link\u00bb add_icon=\u00bbtrue\u00bb link=\u00bburl:http%3A%2F%2Fwww.hotwiresystems.com%2Fes%2Falambre-de-nicrom-alambre-para-cortadores-calientes-de-espuma%2F|title:Cortadora%20de%20hilo%20de%20nicrom||\u00bb][\/vc_column][\/vc_row][vc_row][vc_column width=\u00bb1\/4&#8243;][vc_single_image image=\u00bb7870&#8243; img_size=\u00bblarge\u00bb alignment=\u00bbcenter\u00bb][\/vc_column][vc_column width=\u00bb3\/4&#8243;][vc_column_text]<\/p>\n<h2 style=\"text-align: right;\"><span style=\"font-size: 36pt; color: #808080;\">\u00bfQU\u00c9 ES POLIESTIRENO <span style=\"color: #ff6600;\">(EPS, XPS)<\/span>?<\/span><\/h2>\n<p style=\"text-align: left;\"><span style=\"font-size: 12pt; color: #000000;\">Hay dos tipos de espuma de <strong>poliestireno<\/strong> m\u00e1s adecuadas para los c\u00faters de Alambre Caliente para espuma y sistemas, y cortadores de Cuchillas Calientes: poliestireno extra\u00eddo <strong>(espuma XPS)<\/strong>, y poliestireno Expandido <strong>(espuma EPS).<\/strong> Aunque ambos tipos de aislamiento est\u00e1n compuestos de poliestireno, los dos tipos de procesos de fabricaci\u00f3n producen un producto final con propiedades y rendimientos muy diferentes. La espuma de <strong>XPS<\/strong> se fabrica en un proceso de extrusi\u00f3n continua que produce una secci\u00f3n cruzada de c\u00e9lulas cerradas homog\u00e9neas, mientras que la espuma <strong>EPS<\/strong> se fabrica mediante la expansi\u00f3n de perlas esf\u00e9ricas en un molde, utilizando calor y presi\u00f3n para fundir las perlas juntas&#8230;<\/span><\/p>\n<p>[\/vc_column_text][vc_btn title=\u00bbLEER M\u00c1S\u00bb style=\u00bboutline\u00bb shape=\u00bbsquare\u00bb color=\u00bbblue\u00bb size=\u00bbsm\u00bb align=\u00bbright\u00bb i_align=\u00bbright\u00bb i_icon_fontawesome=\u00bbfa fa-external-link\u00bb add_icon=\u00bbtrue\u00bb link=\u00bburl:http%3A%2F%2Fwww.hotwiresystems.com%2Fes|||\u00bb][\/vc_column][\/vc_row][vc_row][vc_column][vc_separator color=\u00bborange\u00bb][\/vc_column][\/vc_row][vc_row content_placement=\u00bbbottom\u00bb][vc_column][vc_btn title=\u00bbENV\u00cdENOS SU PETICI\u00d3N\u00bb style=\u00bboutline\u00bb shape=\u00bbsquare\u00bb color=\u00bbgreen\u00bb size=\u00bblg\u00bb align=\u00bbcenter\u00bb css_animation=\u00bbnone\u00bb css=\u00bb\u00bb link=\u00bburl:http%3A%2F%2Fwww.hotwiresystems.com%2Fes%2Fcontacto-cortadora-de-espuma%2F|title:Env%C3%ADenos%20su%20petici%C3%B3n||\u00bb][\/vc_column][\/vc_row]<\/p>\n<\/div><!-- AddThis Advanced Settings generic via filter on the_content --><!-- AddThis Share Buttons generic via filter on the_content -->","protected":false},"excerpt":{"rendered":"<p>[vc_row][vc_column width=\u00bb1\/3&#8243;][vc_column_text] Cortadora hilo caliente de espuma [\/vc_column_text][\/vc_column][vc_column width=\u00bb1\/3&#8243;][vc_column_text] C\u00daTER DE ESPUMA \u00abCUCHILLO CALIENTE\u00ab [\/vc_column_text][\/vc_column][vc_column width=\u00bb1\/3&#8243;][vc_column_text] 3D M\u00c1QUINA CNC DE CORTE DE ESPUMA [\/vc_column_text][\/vc_column][\/vc_row][vc_row content_placement=\u00bbmiddle\u00bb][vc_column width=\u00bb1\/3&#8243;][vc_single_image image=\u00bb16570&#8243; img_size=\u00bblarge\u00bb alignment=\u00bbcenter\u00bb onclick=\u00bbcustom_link\u00bb css=\u00bb\u00bb link=\u00bbhttps:\/\/www.hotwiresystems.com\/es\/cortadores-de-espuma-de-alambre-caliente\/\u00bb][\/vc_column][vc_column width=\u00bb1\/3&#8243;][vc_single_image image=\u00bb16578&#8243; img_size=\u00bblarge\u00bb alignment=\u00bbcenter\u00bb onclick=\u00bbcustom_link\u00bb css=\u00bb\u00bb link=\u00bbhttps:\/\/www.hotwiresystems.com\/es\/cortador-de-poliestireno-cuchillo-caliente-hws250\/\u00bb][\/vc_column][vc_column width=\u00bb1\/3&#8243;][vc_single_image image=\u00bb16586&#8243; img_size=\u00bblarge\u00bb alignment=\u00bbcenter\u00bb onclick=\u00bbcustom_link\u00bb css=\u00bb\u00bb link=\u00bbhttps:\/\/www.hotwiresystems.com\/es\/maquina-cnc-de-corte-de-espuma\u00bb][\/vc_column][\/vc_row][vc_row][vc_column width=\u00bb1\/3&#8243;][vc_column_text] Un c\u00fater de alambre caliente a base de [&hellip;]<!-- AddThis Advanced Settings generic via filter on get_the_excerpt --><!-- AddThis Share Buttons generic via filter on get_the_excerpt --><\/p>\n","protected":false},"author":2,"featured_media":16586,"parent":0,"menu_order":0,"comment_status":"closed","ping_status":"closed","template":"avaleht.php","meta":{"footnotes":""},"yoast_head":"<!-- This site is optimized with the Yoast SEO plugin v23.3 - https:\/\/yoast.com\/wordpress\/plugins\/seo\/ -->\n<title>Cortador de poliestireno | M\u00e1quina CNC de corte de espuma (EPS)<\/title>\n<meta name=\"description\" content=\"Cortador de poliestireno de alambre caliente, herramienta el\u00e9ctrica ideal para cortar espumas EPS y XPS con gran precisi\u00f3n y acabado profesional.\" \/>\n<meta name=\"robots\" content=\"index, follow, max-snippet:-1, max-image-preview:large, max-video-preview:-1\" \/>\n<link rel=\"canonical\" href=\"https:\/\/hotwiresystems.com\/es\/\" \/>\n<meta property=\"og:locale\" content=\"es_ES\" \/>\n<meta property=\"og:type\" content=\"article\" \/>\n<meta property=\"og:title\" content=\"Cortador de poliestireno | M\u00e1quina CNC de corte de espuma (EPS)\" \/>\n<meta property=\"og:description\" content=\"Cortador de poliestireno de alambre caliente, herramienta el\u00e9ctrica ideal para cortar espumas EPS y XPS con gran precisi\u00f3n y acabado profesional.\" \/>\n<meta property=\"og:url\" content=\"https:\/\/hotwiresystems.com\/es\/\" \/>\n<meta property=\"article:modified_time\" content=\"2025-07-27T14:00:28+00:00\" \/>\n<meta property=\"og:image\" content=\"https:\/\/hotwiresystems.com\/wp-content\/uploads\/2025\/07\/Maquina-CNC-de-corte-de-espuma-ESP.png\" \/>\n\t<meta property=\"og:image:width\" content=\"1000\" \/>\n\t<meta property=\"og:image:height\" content=\"667\" \/>\n\t<meta property=\"og:image:type\" content=\"image\/png\" \/>\n<meta name=\"twitter:label1\" content=\"Tiempo de lectura\" \/>\n\t<meta name=\"twitter:data1\" content=\"6 minutos\" \/>\n<script type=\"application\/ld+json\" class=\"yoast-schema-graph\">{\"@context\":\"https:\/\/schema.org\",\"@graph\":[{\"@type\":\"WebPage\",\"@id\":\"https:\/\/hotwiresystems.com\/es\/\",\"url\":\"https:\/\/hotwiresystems.com\/es\/\",\"name\":\"Cortador de poliestireno | M\u00e1quina CNC de corte de espuma (EPS)\",\"isPartOf\":{\"@id\":\"https:\/\/www.hotwiresystems.com\/#website\"},\"primaryImageOfPage\":{\"@id\":\"https:\/\/hotwiresystems.com\/es\/#primaryimage\"},\"image\":{\"@id\":\"https:\/\/hotwiresystems.com\/es\/#primaryimage\"},\"thumbnailUrl\":\"https:\/\/hotwiresystems.com\/wp-content\/uploads\/2025\/07\/Maquina-CNC-de-corte-de-espuma-ESP.png\",\"datePublished\":\"2016-10-04T21:20:43+00:00\",\"dateModified\":\"2025-07-27T14:00:28+00:00\",\"description\":\"Cortador de poliestireno de alambre caliente, herramienta el\u00e9ctrica ideal para cortar espumas EPS y XPS con gran precisi\u00f3n y acabado profesional.\",\"breadcrumb\":{\"@id\":\"https:\/\/hotwiresystems.com\/es\/#breadcrumb\"},\"inLanguage\":\"es\",\"potentialAction\":[{\"@type\":\"ReadAction\",\"target\":[\"https:\/\/hotwiresystems.com\/es\/\"]}]},{\"@type\":\"ImageObject\",\"inLanguage\":\"es\",\"@id\":\"https:\/\/hotwiresystems.com\/es\/#primaryimage\",\"url\":\"https:\/\/hotwiresystems.com\/wp-content\/uploads\/2025\/07\/Maquina-CNC-de-corte-de-espuma-ESP.png\",\"contentUrl\":\"https:\/\/hotwiresystems.com\/wp-content\/uploads\/2025\/07\/Maquina-CNC-de-corte-de-espuma-ESP.png\",\"width\":1000,\"height\":667,\"caption\":\"M\u00e1quina CNC de corte de espuma\"},{\"@type\":\"BreadcrumbList\",\"@id\":\"https:\/\/hotwiresystems.com\/es\/#breadcrumb\",\"itemListElement\":[{\"@type\":\"ListItem\",\"position\":1,\"name\":\"Home\",\"item\":\"https:\/\/hotwiresystems.com\/es\/\"},{\"@type\":\"ListItem\",\"position\":2,\"name\":\"Cortador de poliestireno | M\u00e1quina CNC de corte de espuma ESP\/XPS\"}]},{\"@type\":\"WebSite\",\"@id\":\"https:\/\/www.hotwiresystems.com\/#website\",\"url\":\"https:\/\/www.hotwiresystems.com\/\",\"name\":\"\",\"description\":\"\",\"potentialAction\":[{\"@type\":\"SearchAction\",\"target\":{\"@type\":\"EntryPoint\",\"urlTemplate\":\"https:\/\/www.hotwiresystems.com\/?s={search_term_string}\"},\"query-input\":\"required name=search_term_string\"}],\"inLanguage\":\"es\"}]}<\/script>\n<!-- \/ Yoast SEO plugin. -->","yoast_head_json":{"title":"Cortador de poliestireno | M\u00e1quina CNC de corte de espuma (EPS)","description":"Cortador de poliestireno de alambre caliente, herramienta el\u00e9ctrica ideal para cortar espumas EPS y XPS con gran precisi\u00f3n y acabado profesional.","robots":{"index":"index","follow":"follow","max-snippet":"max-snippet:-1","max-image-preview":"max-image-preview:large","max-video-preview":"max-video-preview:-1"},"canonical":"https:\/\/hotwiresystems.com\/es\/","og_locale":"es_ES","og_type":"article","og_title":"Cortador de poliestireno | M\u00e1quina CNC de corte de espuma (EPS)","og_description":"Cortador de poliestireno de alambre caliente, herramienta el\u00e9ctrica ideal para cortar espumas EPS y XPS con gran precisi\u00f3n y acabado profesional.","og_url":"https:\/\/hotwiresystems.com\/es\/","article_modified_time":"2025-07-27T14:00:28+00:00","og_image":[{"width":1000,"height":667,"url":"https:\/\/hotwiresystems.com\/wp-content\/uploads\/2025\/07\/Maquina-CNC-de-corte-de-espuma-ESP.png","type":"image\/png"}],"twitter_misc":{"Tiempo de lectura":"6 minutos"},"schema":{"@context":"https:\/\/schema.org","@graph":[{"@type":"WebPage","@id":"https:\/\/hotwiresystems.com\/es\/","url":"https:\/\/hotwiresystems.com\/es\/","name":"Cortador de poliestireno | M\u00e1quina CNC de corte de espuma (EPS)","isPartOf":{"@id":"https:\/\/www.hotwiresystems.com\/#website"},"primaryImageOfPage":{"@id":"https:\/\/hotwiresystems.com\/es\/#primaryimage"},"image":{"@id":"https:\/\/hotwiresystems.com\/es\/#primaryimage"},"thumbnailUrl":"https:\/\/hotwiresystems.com\/wp-content\/uploads\/2025\/07\/Maquina-CNC-de-corte-de-espuma-ESP.png","datePublished":"2016-10-04T21:20:43+00:00","dateModified":"2025-07-27T14:00:28+00:00","description":"Cortador de poliestireno de alambre caliente, herramienta el\u00e9ctrica ideal para cortar espumas EPS y XPS con gran precisi\u00f3n y acabado profesional.","breadcrumb":{"@id":"https:\/\/hotwiresystems.com\/es\/#breadcrumb"},"inLanguage":"es","potentialAction":[{"@type":"ReadAction","target":["https:\/\/hotwiresystems.com\/es\/"]}]},{"@type":"ImageObject","inLanguage":"es","@id":"https:\/\/hotwiresystems.com\/es\/#primaryimage","url":"https:\/\/hotwiresystems.com\/wp-content\/uploads\/2025\/07\/Maquina-CNC-de-corte-de-espuma-ESP.png","contentUrl":"https:\/\/hotwiresystems.com\/wp-content\/uploads\/2025\/07\/Maquina-CNC-de-corte-de-espuma-ESP.png","width":1000,"height":667,"caption":"M\u00e1quina CNC de corte de espuma"},{"@type":"BreadcrumbList","@id":"https:\/\/hotwiresystems.com\/es\/#breadcrumb","itemListElement":[{"@type":"ListItem","position":1,"name":"Home","item":"https:\/\/hotwiresystems.com\/es\/"},{"@type":"ListItem","position":2,"name":"Cortador de poliestireno | M\u00e1quina CNC de corte de espuma ESP\/XPS"}]},{"@type":"WebSite","@id":"https:\/\/www.hotwiresystems.com\/#website","url":"https:\/\/www.hotwiresystems.com\/","name":"","description":"","potentialAction":[{"@type":"SearchAction","target":{"@type":"EntryPoint","urlTemplate":"https:\/\/www.hotwiresystems.com\/?s={search_term_string}"},"query-input":"required name=search_term_string"}],"inLanguage":"es"}]}},"_links":{"self":[{"href":"https:\/\/www.hotwiresystems.com\/es\/wp-json\/wp\/v2\/pages\/7836"}],"collection":[{"href":"https:\/\/www.hotwiresystems.com\/es\/wp-json\/wp\/v2\/pages"}],"about":[{"href":"https:\/\/www.hotwiresystems.com\/es\/wp-json\/wp\/v2\/types\/page"}],"author":[{"embeddable":true,"href":"https:\/\/www.hotwiresystems.com\/es\/wp-json\/wp\/v2\/users\/2"}],"replies":[{"embeddable":true,"href":"https:\/\/www.hotwiresystems.com\/es\/wp-json\/wp\/v2\/comments?post=7836"}],"version-history":[{"count":5,"href":"https:\/\/www.hotwiresystems.com\/es\/wp-json\/wp\/v2\/pages\/7836\/revisions"}],"predecessor-version":[{"id":16597,"href":"https:\/\/www.hotwiresystems.com\/es\/wp-json\/wp\/v2\/pages\/7836\/revisions\/16597"}],"wp:featuredmedia":[{"embeddable":true,"href":"https:\/\/www.hotwiresystems.com\/es\/wp-json\/wp\/v2\/media\/16586"}],"wp:attachment":[{"href":"https:\/\/www.hotwiresystems.com\/es\/wp-json\/wp\/v2\/media?parent=7836"}],"curies":[{"name":"wp","href":"https:\/\/api.w.org\/{rel}","templated":true}]}}